{"id":1564,"date":"2017-09-05T13:42:18","date_gmt":"2017-09-05T11:42:18","guid":{"rendered":"http:\/\/figand.com.pl\/?page_id=1564"},"modified":"2024-07-18T12:34:35","modified_gmt":"2024-07-18T10:34:35","slug":"galeria","status":"publish","type":"page","link":"https:\/\/figand.com.pl\/en\/galeria\/","title":{"rendered":"Galeria"},"content":{"rendered":"<section class=\"kc-elm kc-css-687961 kc_row\"><div class=\"kc-row-container  kc-container\"><div class=\"kc-wrap-columns\"><div class=\"kc-elm kc-css-623098 kc_col-sm-12 kc_column col-md-12\"><div class=\"kc-col-container\"><header class=\"kc-elm kc-css-855466 crumina-module crumina-heading align-center\">\n\t\n\t\t<h1 class=\"heading-title\" >Zabawy z Fig\u0105<\/h1>\n\n<\/header>\n\n<div class=\"kc-elm kc-css-932423 crumina-module screenshots-gallery\">\n    <div class=\"gallery-popup gallery gallery-columns-4\">\n\t\t            <div class=\"gallery-item\" data-mh=\"gallery-popup-row\">\n                <div class=\"screenshots-item\">\n                    <a href=\"https:\/\/figand.com.pl\/wp-content\/uploads\/2020\/12\/ile-roznic-psy.png\">\n                        <img decoding=\"async\" src=\"https:\/\/figand.com.pl\/wp-content\/uploads\/2020\/12\/ile-roznic-psy-300x225.png\" alt=\"\">\n                        <div class=\"overlay-standard overlay--blue-dark\"><\/div>\n                        <span class=\"expand\"><svg class=\"utouch-icon utouch-icon-expand\"><use xlink:href=\"#utouch-icon-expand\"><\/use><\/svg><\/span>\n                    <\/a>\n                <\/div>\n            <\/div>\n\t\t            <div class=\"gallery-item\" data-mh=\"gallery-popup-row\">\n                <div class=\"screenshots-item\">\n                    <a href=\"https:\/\/figand.com.pl\/wp-content\/uploads\/2020\/12\/ile-r\u00f3\u017cnic-2.png\">\n                        <img decoding=\"async\" src=\"https:\/\/figand.com.pl\/wp-content\/uploads\/2020\/12\/ile-r\u00f3\u017cnic-2-300x225.png\" alt=\"\">\n                        <div class=\"overlay-standard overlay--blue-dark\"><\/div>\n                        <span class=\"expand\"><svg class=\"utouch-icon utouch-icon-expand\"><use xlink:href=\"#utouch-icon-expand\"><\/use><\/svg><\/span>\n                    <\/a>\n                <\/div>\n            <\/div>\n\t\t            <div class=\"gallery-item\" data-mh=\"gallery-popup-row\">\n                <div class=\"screenshots-item\">\n                    <a href=\"https:\/\/figand.com.pl\/wp-content\/uploads\/2020\/12\/znajdz-roznice-ufo.png\">\n                        <img decoding=\"async\" src=\"https:\/\/figand.com.pl\/wp-content\/uploads\/2020\/12\/znajdz-roznice-ufo-300x225.png\" alt=\"\">\n                        <div class=\"overlay-standard overlay--blue-dark\"><\/div>\n                        <span class=\"expand\"><svg class=\"utouch-icon utouch-icon-expand\"><use xlink:href=\"#utouch-icon-expand\"><\/use><\/svg><\/span>\n                    <\/a>\n                <\/div>\n            <\/div>\n\t\t            <div class=\"gallery-item\" data-mh=\"gallery-popup-row\">\n                <div class=\"screenshots-item\">\n                    <a href=\"https:\/\/figand.com.pl\/wp-content\/uploads\/2020\/12\/ktora-krowka.png\">\n                        <img decoding=\"async\" src=\"https:\/\/figand.com.pl\/wp-content\/uploads\/2020\/12\/ktora-krowka-300x225.png\" alt=\"\">\n                        <div class=\"overlay-standard overlay--blue-dark\"><\/div>\n                        <span class=\"expand\"><svg class=\"utouch-icon utouch-icon-expand\"><use xlink:href=\"#utouch-icon-expand\"><\/use><\/svg><\/span>\n                    <\/a>\n                <\/div>\n            <\/div>\n\t\t            <div class=\"gallery-item\" data-mh=\"gallery-popup-row\">\n                <div class=\"screenshots-item\">\n                    <a href=\"https:\/\/figand.com.pl\/wp-content\/uploads\/2018\/06\/znajdz-r\u00f3\u017cnice.png\">\n                        <img decoding=\"async\" src=\"https:\/\/figand.com.pl\/wp-content\/uploads\/2018\/06\/znajdz-r\u00f3\u017cnice-300x225.png\" alt=\"\">\n                        <div class=\"overlay-standard overlay--blue-dark\"><\/div>\n                        <span class=\"expand\"><svg class=\"utouch-icon utouch-icon-expand\"><use xlink:href=\"#utouch-icon-expand\"><\/use><\/svg><\/span>\n                    <\/a>\n                <\/div>\n            <\/div>\n\t\t            <div class=\"gallery-item\" data-mh=\"gallery-popup-row\">\n                <div class=\"screenshots-item\">\n                    <a href=\"https:\/\/figand.com.pl\/wp-content\/uploads\/2018\/06\/znajdz-roznice.png\">\n                        <img decoding=\"async\" src=\"https:\/\/figand.com.pl\/wp-content\/uploads\/2018\/06\/znajdz-roznice-300x225.png\" alt=\"\">\n                        <div class=\"overlay-standard overlay--blue-dark\"><\/div>\n                        <span class=\"expand\"><svg class=\"utouch-icon utouch-icon-expand\"><use xlink:href=\"#utouch-icon-expand\"><\/use><\/svg><\/span>\n                    <\/a>\n                <\/div>\n            <\/div>\n\t\t            <div class=\"gallery-item\" data-mh=\"gallery-popup-row\">\n                <div class=\"screenshots-item\">\n                    <a href=\"https:\/\/figand.com.pl\/wp-content\/uploads\/2018\/06\/znajdz-droge.png\">\n                        <img decoding=\"async\" src=\"https:\/\/figand.com.pl\/wp-content\/uploads\/2018\/06\/znajdz-droge-300x225.png\" alt=\"\">\n                        <div class=\"overlay-standard overlay--blue-dark\"><\/div>\n                        <span class=\"expand\"><svg class=\"utouch-icon utouch-icon-expand\"><use xlink:href=\"#utouch-icon-expand\"><\/use><\/svg><\/span>\n                    <\/a>\n                <\/div>\n            <\/div>\n\t\t            <div class=\"gallery-item\" data-mh=\"gallery-popup-row\">\n                <div class=\"screenshots-item\">\n                    <a href=\"https:\/\/figand.com.pl\/wp-content\/uploads\/2018\/06\/zagadka-owoce.png\">\n                        <img decoding=\"async\" src=\"https:\/\/figand.com.pl\/wp-content\/uploads\/2018\/06\/zagadka-owoce-300x225.png\" alt=\"\">\n                        <div class=\"overlay-standard overlay--blue-dark\"><\/div>\n                        <span class=\"expand\"><svg class=\"utouch-icon utouch-icon-expand\"><use xlink:href=\"#utouch-icon-expand\"><\/use><\/svg><\/span>\n                    <\/a>\n                <\/div>\n            <\/div>\n\t\t            <div class=\"gallery-item\" data-mh=\"gallery-popup-row\">\n                <div class=\"screenshots-item\">\n                    <a href=\"https:\/\/figand.com.pl\/wp-content\/uploads\/2018\/06\/zagadka-matematyczna.png\">\n                        <img decoding=\"async\" src=\"https:\/\/figand.com.pl\/wp-content\/uploads\/2018\/06\/zagadka-matematyczna-300x225.png\" alt=\"\">\n                        <div class=\"overlay-standard overlay--blue-dark\"><\/div>\n                        <span class=\"expand\"><svg class=\"utouch-icon utouch-icon-expand\"><use xlink:href=\"#utouch-icon-expand\"><\/use><\/svg><\/span>\n                    <\/a>\n                <\/div>\n            <\/div>\n\t\t            <div class=\"gallery-item\" data-mh=\"gallery-popup-row\">\n                <div class=\"screenshots-item\">\n                    <a href=\"https:\/\/figand.com.pl\/wp-content\/uploads\/2018\/06\/zagadka-lato.png\">\n                        <img decoding=\"async\" src=\"https:\/\/figand.com.pl\/wp-content\/uploads\/2018\/06\/zagadka-lato-300x225.png\" alt=\"\">\n                        <div class=\"overlay-standard overlay--blue-dark\"><\/div>\n                        <span class=\"expand\"><svg class=\"utouch-icon utouch-icon-expand\"><use xlink:href=\"#utouch-icon-expand\"><\/use><\/svg><\/span>\n                    <\/a>\n                <\/div>\n            <\/div>\n\t\t            <div class=\"gallery-item\" data-mh=\"gallery-popup-row\">\n                <div class=\"screenshots-item\">\n                    <a href=\"https:\/\/figand.com.pl\/wp-content\/uploads\/2018\/06\/zagadka-\u015bwi\u0119ta.png\">\n                        <img decoding=\"async\" src=\"https:\/\/figand.com.pl\/wp-content\/uploads\/2018\/06\/zagadka-\u015bwi\u0119ta-300x225.png\" alt=\"\">\n                        <div class=\"overlay-standard overlay--blue-dark\"><\/div>\n                        <span class=\"expand\"><svg class=\"utouch-icon utouch-icon-expand\"><use xlink:href=\"#utouch-icon-expand\"><\/use><\/svg><\/span>\n                    <\/a>\n                <\/div>\n            <\/div>\n\t\t            <div class=\"gallery-item\" data-mh=\"gallery-popup-row\">\n                <div class=\"screenshots-item\">\n                    <a href=\"https:\/\/figand.com.pl\/wp-content\/uploads\/2018\/06\/zagadka-kwiecie\u0144.png\">\n                        <img decoding=\"async\" src=\"https:\/\/figand.com.pl\/wp-content\/uploads\/2018\/06\/zagadka-kwiecie\u0144-300x225.png\" alt=\"\">\n                        <div class=\"overlay-standard overlay--blue-dark\"><\/div>\n                        <span class=\"expand\"><svg class=\"utouch-icon utouch-icon-expand\"><use xlink:href=\"#utouch-icon-expand\"><\/use><\/svg><\/span>\n                    <\/a>\n                <\/div>\n            <\/div>\n\t\t            <div class=\"gallery-item\" data-mh=\"gallery-popup-row\">\n                <div class=\"screenshots-item\">\n                    <a href=\"https:\/\/figand.com.pl\/wp-content\/uploads\/2018\/06\/warzywa-zagadka.png\">\n                        <img decoding=\"async\" src=\"https:\/\/figand.com.pl\/wp-content\/uploads\/2018\/06\/warzywa-zagadka-300x225.png\" alt=\"\">\n                        <div class=\"overlay-standard overlay--blue-dark\"><\/div>\n                        <span class=\"expand\"><svg class=\"utouch-icon utouch-icon-expand\"><use xlink:href=\"#utouch-icon-expand\"><\/use><\/svg><\/span>\n                    <\/a>\n                <\/div>\n            <\/div>\n\t\t            <div class=\"gallery-item\" data-mh=\"gallery-popup-row\">\n                <div class=\"screenshots-item\">\n                    <a href=\"https:\/\/figand.com.pl\/wp-content\/uploads\/2018\/06\/rebus\u015bwie\u017cuch.png\">\n                        <img decoding=\"async\" src=\"https:\/\/figand.com.pl\/wp-content\/uploads\/2018\/06\/rebus\u015bwie\u017cuch-300x225.png\" alt=\"\">\n                        <div class=\"overlay-standard overlay--blue-dark\"><\/div>\n                        <span class=\"expand\"><svg class=\"utouch-icon utouch-icon-expand\"><use xlink:href=\"#utouch-icon-expand\"><\/use><\/svg><\/span>\n                    <\/a>\n                <\/div>\n            <\/div>\n\t\t            <div class=\"gallery-item\" data-mh=\"gallery-popup-row\">\n                <div class=\"screenshots-item\">\n                    <a href=\"https:\/\/figand.com.pl\/wp-content\/uploads\/2018\/06\/rebus-mko\u0142aj.png\">\n                        <img decoding=\"async\" src=\"https:\/\/figand.com.pl\/wp-content\/uploads\/2018\/06\/rebus-mko\u0142aj-300x225.png\" alt=\"\">\n                        <div class=\"overlay-standard overlay--blue-dark\"><\/div>\n                        <span class=\"expand\"><svg class=\"utouch-icon utouch-icon-expand\"><use xlink:href=\"#utouch-icon-expand\"><\/use><\/svg><\/span>\n                    <\/a>\n                <\/div>\n            <\/div>\n\t\t            <div class=\"gallery-item\" data-mh=\"gallery-popup-row\">\n                <div class=\"screenshots-item\">\n                    <a href=\"https:\/\/figand.com.pl\/wp-content\/uploads\/2018\/06\/labirynt-pla\u017ca.png\">\n                        <img decoding=\"async\" src=\"https:\/\/figand.com.pl\/wp-content\/uploads\/2018\/06\/labirynt-pla\u017ca-300x225.png\" alt=\"\">\n                        <div class=\"overlay-standard overlay--blue-dark\"><\/div>\n                        <span class=\"expand\"><svg class=\"utouch-icon utouch-icon-expand\"><use xlink:href=\"#utouch-icon-expand\"><\/use><\/svg><\/span>\n                    <\/a>\n                <\/div>\n            <\/div>\n\t\t            <div class=\"gallery-item\" data-mh=\"gallery-popup-row\">\n                <div class=\"screenshots-item\">\n                    <a href=\"https:\/\/figand.com.pl\/wp-content\/uploads\/2018\/06\/labiryntpisanka.png\">\n                        <img decoding=\"async\" src=\"https:\/\/figand.com.pl\/wp-content\/uploads\/2018\/06\/labiryntpisanka-300x225.png\" alt=\"\">\n                        <div class=\"overlay-standard overlay--blue-dark\"><\/div>\n                        <span class=\"expand\"><svg class=\"utouch-icon utouch-icon-expand\"><use xlink:href=\"#utouch-icon-expand\"><\/use><\/svg><\/span>\n                    <\/a>\n                <\/div>\n            <\/div>\n\t\t            <div class=\"gallery-item\" data-mh=\"gallery-popup-row\">\n                <div class=\"screenshots-item\">\n                    <a href=\"https:\/\/figand.com.pl\/wp-content\/uploads\/2018\/06\/ktora-droga-3.png\">\n                        <img decoding=\"async\" src=\"https:\/\/figand.com.pl\/wp-content\/uploads\/2018\/06\/ktora-droga-3-300x225.png\" alt=\"\">\n                        <div class=\"overlay-standard overlay--blue-dark\"><\/div>\n                        <span class=\"expand\"><svg class=\"utouch-icon utouch-icon-expand\"><use xlink:href=\"#utouch-icon-expand\"><\/use><\/svg><\/span>\n                    <\/a>\n                <\/div>\n            <\/div>\n\t\t            <div class=\"gallery-item\" data-mh=\"gallery-popup-row\">\n                <div class=\"screenshots-item\">\n                    <a href=\"https:\/\/figand.com.pl\/wp-content\/uploads\/2018\/06\/ktora-droga-1.png\">\n                        <img decoding=\"async\" src=\"https:\/\/figand.com.pl\/wp-content\/uploads\/2018\/06\/ktora-droga-1-300x225.png\" alt=\"\">\n                        <div class=\"overlay-standard overlay--blue-dark\"><\/div>\n                        <span class=\"expand\"><svg class=\"utouch-icon utouch-icon-expand\"><use xlink:href=\"#utouch-icon-expand\"><\/use><\/svg><\/span>\n                    <\/a>\n                <\/div>\n            <\/div>\n\t\t            <div class=\"gallery-item\" data-mh=\"gallery-popup-row\">\n                <div class=\"screenshots-item\">\n                    <a href=\"https:\/\/figand.com.pl\/wp-content\/uploads\/2018\/06\/ktora-droga-2.png\">\n                        <img decoding=\"async\" src=\"https:\/\/figand.com.pl\/wp-content\/uploads\/2018\/06\/ktora-droga-2-300x225.png\" alt=\"\">\n                        <div class=\"overlay-standard overlay--blue-dark\"><\/div>\n                        <span class=\"expand\"><svg class=\"utouch-icon utouch-icon-expand\"><use xlink:href=\"#utouch-icon-expand\"><\/use><\/svg><\/span>\n                    <\/a>\n                <\/div>\n            <\/div>\n\t\t            <div class=\"gallery-item\" data-mh=\"gallery-popup-row\">\n                <div class=\"screenshots-item\">\n                    <a href=\"https:\/\/figand.com.pl\/wp-content\/uploads\/2018\/06\/krzyzowka-wiosna-1.png\">\n                        <img decoding=\"async\" src=\"https:\/\/figand.com.pl\/wp-content\/uploads\/2018\/06\/krzyzowka-wiosna-1-300x225.png\" alt=\"\">\n                        <div class=\"overlay-standard overlay--blue-dark\"><\/div>\n                        <span class=\"expand\"><svg class=\"utouch-icon utouch-icon-expand\"><use xlink:href=\"#utouch-icon-expand\"><\/use><\/svg><\/span>\n                    <\/a>\n                <\/div>\n            <\/div>\n\t\t            <div class=\"gallery-item\" data-mh=\"gallery-popup-row\">\n                <div class=\"screenshots-item\">\n                    <a href=\"https:\/\/figand.com.pl\/wp-content\/uploads\/2018\/06\/krzy\u017c\u00f3wka.png\">\n                        <img decoding=\"async\" src=\"https:\/\/figand.com.pl\/wp-content\/uploads\/2018\/06\/krzy\u017c\u00f3wka-300x225.png\" alt=\"\">\n                        <div class=\"overlay-standard overlay--blue-dark\"><\/div>\n                        <span class=\"expand\"><svg class=\"utouch-icon utouch-icon-expand\"><use xlink:href=\"#utouch-icon-expand\"><\/use><\/svg><\/span>\n                    <\/a>\n                <\/div>\n            <\/div>\n\t\t            <div class=\"gallery-item\" data-mh=\"gallery-popup-row\">\n                <div class=\"screenshots-item\">\n                    <a href=\"https:\/\/figand.com.pl\/wp-content\/uploads\/2018\/06\/krzyzowka-wiosna.png\">\n                        <img decoding=\"async\" src=\"https:\/\/figand.com.pl\/wp-content\/uploads\/2018\/06\/krzyzowka-wiosna-300x225.png\" alt=\"\">\n                        <div class=\"overlay-standard overlay--blue-dark\"><\/div>\n                        <span class=\"expand\"><svg class=\"utouch-icon utouch-icon-expand\"><use xlink:href=\"#utouch-icon-expand\"><\/use><\/svg><\/span>\n                    <\/a>\n                <\/div>\n            <\/div>\n\t\t            <div class=\"gallery-item\" data-mh=\"gallery-popup-row\">\n                <div class=\"screenshots-item\">\n                    <a href=\"https:\/\/figand.com.pl\/wp-content\/uploads\/2018\/06\/krzyzowka-choinka.png\">\n                        <img decoding=\"async\" src=\"https:\/\/figand.com.pl\/wp-content\/uploads\/2018\/06\/krzyzowka-choinka-300x225.png\" alt=\"\">\n                        <div class=\"overlay-standard overlay--blue-dark\"><\/div>\n                        <span class=\"expand\"><svg class=\"utouch-icon utouch-icon-expand\"><use xlink:href=\"#utouch-icon-expand\"><\/use><\/svg><\/span>\n                    <\/a>\n                <\/div>\n            <\/div>\n\t\t            <div class=\"gallery-item\" data-mh=\"gallery-popup-row\">\n                <div class=\"screenshots-item\">\n                    <a href=\"https:\/\/figand.com.pl\/wp-content\/uploads\/2018\/06\/krzy\u00f3wka-\u015bwi\u0119ta.png\">\n                        <img decoding=\"async\" src=\"https:\/\/figand.com.pl\/wp-content\/uploads\/2018\/06\/krzy\u00f3wka-\u015bwi\u0119ta-300x225.png\" alt=\"\">\n                        <div class=\"overlay-standard overlay--blue-dark\"><\/div>\n                        <span class=\"expand\"><svg class=\"utouch-icon utouch-icon-expand\"><use xlink:href=\"#utouch-icon-expand\"><\/use><\/svg><\/span>\n                    <\/a>\n                <\/div>\n            <\/div>\n\t\t            <div class=\"gallery-item\" data-mh=\"gallery-popup-row\">\n                <div class=\"screenshots-item\">\n                    <a href=\"https:\/\/figand.com.pl\/wp-content\/uploads\/2018\/06\/kolorowanka-1-1.jpg\">\n                        <img decoding=\"async\" src=\"https:\/\/figand.com.pl\/wp-content\/uploads\/2018\/06\/kolorowanka-1-1-300x213.jpg\" alt=\"\">\n                        <div class=\"overlay-standard overlay--blue-dark\"><\/div>\n                        <span class=\"expand\"><svg class=\"utouch-icon utouch-icon-expand\"><use xlink:href=\"#utouch-icon-expand\"><\/use><\/svg><\/span>\n                    <\/a>\n                <\/div>\n            <\/div>\n\t\t            <div class=\"gallery-item\" data-mh=\"gallery-popup-row\">\n                <div class=\"screenshots-item\">\n                    <a href=\"https:\/\/figand.com.pl\/wp-content\/uploads\/2018\/06\/figand19-1.jpg\">\n                        <img decoding=\"async\" src=\"https:\/\/figand.com.pl\/wp-content\/uploads\/2018\/06\/figand19-1-300x225.jpg\" alt=\"\">\n                        <div class=\"overlay-standard overlay--blue-dark\"><\/div>\n                        <span class=\"expand\"><svg class=\"utouch-icon utouch-icon-expand\"><use xlink:href=\"#utouch-icon-expand\"><\/use><\/svg><\/span>\n                    <\/a>\n                <\/div>\n            <\/div>\n\t\t            <div class=\"gallery-item\" data-mh=\"gallery-popup-row\">\n                <div class=\"screenshots-item\">\n                    <a href=\"https:\/\/figand.com.pl\/wp-content\/uploads\/2018\/06\/droga-1.png\">\n                        <img decoding=\"async\" src=\"https:\/\/figand.com.pl\/wp-content\/uploads\/2018\/06\/droga-1-300x225.png\" alt=\"\">\n                        <div class=\"overlay-standard overlay--blue-dark\"><\/div>\n                        <span class=\"expand\"><svg class=\"utouch-icon utouch-icon-expand\"><use xlink:href=\"#utouch-icon-expand\"><\/use><\/svg><\/span>\n                    <\/a>\n                <\/div>\n            <\/div>\n\t\t            <div class=\"gallery-item\" data-mh=\"gallery-popup-row\">\n                <div class=\"screenshots-item\">\n                    <a href=\"https:\/\/figand.com.pl\/wp-content\/uploads\/2018\/06\/cien-figi.png\">\n                        <img decoding=\"async\" src=\"https:\/\/figand.com.pl\/wp-content\/uploads\/2018\/06\/cien-figi-300x225.png\" alt=\"\">\n                        <div class=\"overlay-standard overlay--blue-dark\"><\/div>\n                        <span class=\"expand\"><svg class=\"utouch-icon utouch-icon-expand\"><use xlink:href=\"#utouch-icon-expand\"><\/use><\/svg><\/span>\n                    <\/a>\n                <\/div>\n            <\/div>\n\t\t            <div class=\"gallery-item\" data-mh=\"gallery-popup-row\">\n                <div class=\"screenshots-item\">\n                    <a href=\"https:\/\/figand.com.pl\/wp-content\/uploads\/2018\/06\/bez-pary.png\">\n                        <img decoding=\"async\" src=\"https:\/\/figand.com.pl\/wp-content\/uploads\/2018\/06\/bez-pary-300x225.png\" alt=\"\">\n                        <div class=\"overlay-standard overlay--blue-dark\"><\/div>\n                        <span class=\"expand\"><svg class=\"utouch-icon utouch-icon-expand\"><use xlink:href=\"#utouch-icon-expand\"><\/use><\/svg><\/span>\n                    <\/a>\n                <\/div>\n            <\/div>\n\t\t            <div class=\"gallery-item\" data-mh=\"gallery-popup-row\">\n                <div class=\"screenshots-item\">\n                    <a href=\"https:\/\/figand.com.pl\/wp-content\/uploads\/2018\/06\/figand6.jpg\">\n                        <img decoding=\"async\" src=\"https:\/\/figand.com.pl\/wp-content\/uploads\/2018\/06\/figand6-300x225.jpg\" alt=\"\">\n                        <div class=\"overlay-standard overlay--blue-dark\"><\/div>\n                        <span class=\"expand\"><svg class=\"utouch-icon utouch-icon-expand\"><use xlink:href=\"#utouch-icon-expand\"><\/use><\/svg><\/span>\n                    <\/a>\n                <\/div>\n            <\/div>\n\t\t            <div class=\"gallery-item\" data-mh=\"gallery-popup-row\">\n                <div class=\"screenshots-item\">\n                    <a href=\"https:\/\/figand.com.pl\/wp-content\/uploads\/2018\/06\/figand8.jpg\">\n                        <img decoding=\"async\" src=\"https:\/\/figand.com.pl\/wp-content\/uploads\/2018\/06\/figand8-300x225.jpg\" alt=\"\">\n                        <div class=\"overlay-standard overlay--blue-dark\"><\/div>\n                        <span class=\"expand\"><svg class=\"utouch-icon utouch-icon-expand\"><use xlink:href=\"#utouch-icon-expand\"><\/use><\/svg><\/span>\n                    <\/a>\n                <\/div>\n            <\/div>\n\t\t            <div class=\"gallery-item\" data-mh=\"gallery-popup-row\">\n                <div class=\"screenshots-item\">\n                    <a href=\"https:\/\/figand.com.pl\/wp-content\/uploads\/2018\/06\/figand14.jpg\">\n                        <img decoding=\"async\" src=\"https:\/\/figand.com.pl\/wp-content\/uploads\/2018\/06\/figand14-300x225.jpg\" alt=\"\">\n                        <div class=\"overlay-standard overlay--blue-dark\"><\/div>\n                        <span class=\"expand\"><svg class=\"utouch-icon utouch-icon-expand\"><use xlink:href=\"#utouch-icon-expand\"><\/use><\/svg><\/span>\n                    <\/a>\n                <\/div>\n            <\/div>\n\t\t            <div class=\"gallery-item\" data-mh=\"gallery-popup-row\">\n                <div class=\"screenshots-item\">\n                    <a href=\"https:\/\/figand.com.pl\/wp-content\/uploads\/2018\/06\/figand16.png\">\n                        <img decoding=\"async\" src=\"https:\/\/figand.com.pl\/wp-content\/uploads\/2018\/06\/figand16-300x225.png\" alt=\"\">\n                        <div class=\"overlay-standard overlay--blue-dark\"><\/div>\n                        <span class=\"expand\"><svg class=\"utouch-icon utouch-icon-expand\"><use xlink:href=\"#utouch-icon-expand\"><\/use><\/svg><\/span>\n                    <\/a>\n                <\/div>\n            <\/div>\n\t\t            <div class=\"gallery-item\" data-mh=\"gallery-popup-row\">\n                <div class=\"screenshots-item\">\n                    <a href=\"https:\/\/figand.com.pl\/wp-content\/uploads\/2018\/06\/figand21.jpg\">\n                        <img decoding=\"async\" src=\"https:\/\/figand.com.pl\/wp-content\/uploads\/2018\/06\/figand21-300x225.jpg\" alt=\"\">\n                        <div class=\"overlay-standard overlay--blue-dark\"><\/div>\n                        <span class=\"expand\"><svg class=\"utouch-icon utouch-icon-expand\"><use xlink:href=\"#utouch-icon-expand\"><\/use><\/svg><\/span>\n                    <\/a>\n                <\/div>\n            <\/div>\n\t\t    <\/div>\n<\/div><\/div><\/div><\/div><\/div><\/section>","protected":false},"excerpt":{"rendered":"","protected":false},"author":7,"featured_media":0,"parent":0,"menu_order":0,"comment_status":"closed","ping_status":"closed","template":"","meta":{"footnotes":""},"class_list":["post-1564","page","type-page","status-publish","hentry"],"post_mailing_queue_ids":[],"_links":{"self":[{"href":"https:\/\/figand.com.pl\/en\/wp-json\/wp\/v2\/pages\/1564","targetHints":{"allow":["GET"]}}],"collection":[{"href":"https:\/\/figand.com.pl\/en\/wp-json\/wp\/v2\/pages"}],"about":[{"href":"https:\/\/figand.com.pl\/en\/wp-json\/wp\/v2\/types\/page"}],"author":[{"embeddable":true,"href":"https:\/\/figand.com.pl\/en\/wp-json\/wp\/v2\/users\/7"}],"replies":[{"embeddable":true,"href":"https:\/\/figand.com.pl\/en\/wp-json\/wp\/v2\/comments?post=1564"}],"version-history":[{"count":51,"href":"https:\/\/figand.com.pl\/en\/wp-json\/wp\/v2\/pages\/1564\/revisions"}],"predecessor-version":[{"id":3761,"href":"https:\/\/figand.com.pl\/en\/wp-json\/wp\/v2\/pages\/1564\/revisions\/3761"}],"wp:attachment":[{"href":"https:\/\/figand.com.pl\/en\/wp-json\/wp\/v2\/media?parent=1564"}],"curies":[{"name":"wp","href":"https:\/\/api.w.org\/{rel}","templated":true}]}}