{"id":2369,"date":"2018-06-26T11:25:22","date_gmt":"2018-06-26T09:25:22","guid":{"rendered":"http:\/\/figand.com.pl\/?page_id=2369"},"modified":"2024-07-18T12:34:36","modified_gmt":"2024-07-18T10:34:36","slug":"historia","status":"publish","type":"page","link":"https:\/\/figand.com.pl\/en\/historia\/","title":{"rendered":"Historia"},"content":{"rendered":"<section class=\"kc-elm kc-css-182710 kc_row\"><div class=\"kc-row-container  kc-container\"><div class=\"kc-wrap-columns\"><div class=\"kc-elm kc-css-284075 kc_col-sm-12 kc_column col-md-12\"><div class=\"kc-col-container\"><header class=\"kc-elm kc-css-610217 crumina-module crumina-heading align-center\">\n\t\n\t\t<h2 class=\"heading-title\" >Kr\u00f3tka historia naszej firmy<\/h2>\n\n<\/header>\n<div class=\"kc-elm kc-css-921309 crumina-module crumina-module-slider pagination-bottom\">\n\n\t<div class=\"swiper-container\" data-show-items=\"4\">\n\t\t<div class=\"swiper-wrapper\">\n\t\t\t\t\t\t\t<div class=\"swiper-slide\">\n\t\t\t\t\t<div class=\"crumina-module crumina-info-box info-box--time-line\">\n\n\t\t\t\t\t\t<div class=\"info-box-image\" style=\"background-color: #0083ff;\">\n\t\t\t\t\t\t\t<img loading=\"lazy\" decoding=\"async\" src=\"https:\/\/figand.com.pl\/wp-content\/uploads\/2017\/08\/flag.svg\" class=\"attachment-full size-full\" alt=\"\" width=\"100\" height=\"100\" \/>\t\t\t\t\t\t\t\t\t\t\t\t\t\t\t<svg class=\"utouch-icon utouch-icon-dot-arrow time-line-arrow\">\n\t\t\t\t\t\t\t\t\t<use xlink:href=\"#utouch-icon-dot-arrow\"><\/use>\n\t\t\t\t\t\t\t\t<\/svg>\n\n\t\t\t\t\t\t\t\t\t\t\t\t\t<\/div>\n\n\t\t\t\t\t\t<div class=\"info-box-content\">\n\t\t\t\t\t\t\t<h6 class=\"timeline-year\"\n\t\t\t\t\t\t\t\tstyle=\"color: #0083ff\">1992<\/h6>\n\t\t\t\t\t\t\t<h6 class=\"h6 info-box-title\">FigAND<\/h6>\n\t\t\t\t\t\t\t<div class=\"info-box-text\">Za\u0142o\u017cyciele zak\u0142adu mleczarskiego Figand Sp.J - polskiej firmy rodzinnej - rodzina Figarskich<\/div>\n\t\t\t\t\t\t<\/div>\n\n\t\t\t\t\t<\/div>\n\t\t\t\t<\/div>\n\t\t\t\t\t\t\t<div class=\"swiper-slide\">\n\t\t\t\t\t<div class=\"crumina-module crumina-info-box info-box--time-line\">\n\n\t\t\t\t\t\t<div class=\"info-box-image\" style=\"background-color: #9d80ff;\">\n\t\t\t\t\t\t\t<i class=\"utouch-icon fa-eye\"><\/i>\t\t\t\t\t\t\t\t\t\t\t\t\t\t\t<svg class=\"utouch-icon utouch-icon-dot-arrow time-line-arrow\">\n\t\t\t\t\t\t\t\t\t<use xlink:href=\"#utouch-icon-dot-arrow\"><\/use>\n\t\t\t\t\t\t\t\t<\/svg>\n\n\t\t\t\t\t\t\t\t\t\t\t\t\t<\/div>\n\n\t\t\t\t\t\t<div class=\"info-box-content\">\n\t\t\t\t\t\t\t<h6 class=\"timeline-year\"\n\t\t\t\t\t\t\t\tstyle=\"color: #9d80ff\">1993<\/h6>\n\t\t\t\t\t\t\t<h6 class=\"h6 info-box-title\">Kontrola jako\u015bci<\/h6>\n\t\t\t\t\t\t\t<div class=\"info-box-text\">Wdro\u017cenie system\u00f3w zapewnienia bezpiecze\u0144stwa \u017cywno\u015bci, HACCAP, spe\u0142nienie wymaga\u0144 urz\u0119d\u00f3w pa\u0144stwowych, regularne kontrole sanepidu i weterynarii, audyty sieci handlowych<\/div>\n\t\t\t\t\t\t<\/div>\n\n\t\t\t\t\t<\/div>\n\t\t\t\t<\/div>\n\t\t\t\t\t\t\t<div class=\"swiper-slide\">\n\t\t\t\t\t<div class=\"crumina-module crumina-info-box info-box--time-line\">\n\n\t\t\t\t\t\t<div class=\"info-box-image\" style=\"background-color: #ef6517;\">\n\t\t\t\t\t\t\t<img loading=\"lazy\" decoding=\"async\" src=\"https:\/\/figand.com.pl\/wp-content\/uploads\/2017\/08\/cup.svg\" class=\"attachment-full size-full\" alt=\"\" width=\"100\" height=\"100\" \/>\t\t\t\t\t\t\t\t\t\t\t\t\t\t\t<svg class=\"utouch-icon utouch-icon-dot-arrow time-line-arrow\">\n\t\t\t\t\t\t\t\t\t<use xlink:href=\"#utouch-icon-dot-arrow\"><\/use>\n\t\t\t\t\t\t\t\t<\/svg>\n\n\t\t\t\t\t\t\t\t\t\t\t\t\t<\/div>\n\n\t\t\t\t\t\t<div class=\"info-box-content\">\n\t\t\t\t\t\t\t<h6 class=\"timeline-year\"\n\t\t\t\t\t\t\t\tstyle=\"color: #ef6517\">1998<\/h6>\n\t\t\t\t\t\t\t<h6 class=\"h6 info-box-title\">Pierwsze Nagrody<\/h6>\n\t\t\t\t\t\t\t<div class=\"info-box-text\">&quot;Polski Producent \u017bywno\u015bci Roku&quot; I miejsce w &quot;Agroliga&quot; kategoria firma roku, wyr\u00f3\u017cnienia Puls Biznesu, Forbes&#039;a, itp.<\/div>\n\t\t\t\t\t\t<\/div>\n\n\t\t\t\t\t<\/div>\n\t\t\t\t<\/div>\n\t\t\t\t\t\t\t<div class=\"swiper-slide\">\n\t\t\t\t\t<div class=\"crumina-module crumina-info-box info-box--time-line\">\n\n\t\t\t\t\t\t<div class=\"info-box-image\" style=\"background-color: #ffd970;\">\n\t\t\t\t\t\t\t<i class=\"utouch-icon fa-chart-line\"><\/i>\t\t\t\t\t\t\t\t\t\t\t\t\t\t\t<svg class=\"utouch-icon utouch-icon-dot-arrow time-line-arrow\">\n\t\t\t\t\t\t\t\t\t<use xlink:href=\"#utouch-icon-dot-arrow\"><\/use>\n\t\t\t\t\t\t\t\t<\/svg>\n\n\t\t\t\t\t\t\t\t\t\t\t\t\t<\/div>\n\n\t\t\t\t\t\t<div class=\"info-box-content\">\n\t\t\t\t\t\t\t<h6 class=\"timeline-year\"\n\t\t\t\t\t\t\t\tstyle=\"color: #ffd970\">2000<\/h6>\n\t\t\t\t\t\t\t<h6 class=\"h6 info-box-title\">Szybki rozw\u00f3j <\/h6>\n\t\t\t\t\t\t\t<div class=\"info-box-text\">Potrzeba wi\u0119kszego zaplecza personalnego, maszynowego i dalszych inwestycji<\/div>\n\t\t\t\t\t\t<\/div>\n\n\t\t\t\t\t<\/div>\n\t\t\t\t<\/div>\n\t\t\t\t\t\t\t<div class=\"swiper-slide\">\n\t\t\t\t\t<div class=\"crumina-module crumina-info-box info-box--time-line\">\n\n\t\t\t\t\t\t<div class=\"info-box-image\" style=\"background-color: #ff3133;\">\n\t\t\t\t\t\t\t<img loading=\"lazy\" decoding=\"async\" src=\"https:\/\/figand.com.pl\/wp-content\/uploads\/2018\/06\/innowacyjna-hala.svg\" class=\"attachment-full size-full\" alt=\"innowacyjna hala\" width=\"100\" height=\"100\" \/>\t\t\t\t\t\t\t\t\t\t\t\t\t\t\t<svg class=\"utouch-icon utouch-icon-dot-arrow time-line-arrow\">\n\t\t\t\t\t\t\t\t\t<use xlink:href=\"#utouch-icon-dot-arrow\"><\/use>\n\t\t\t\t\t\t\t\t<\/svg>\n\n\t\t\t\t\t\t\t\t\t\t\t\t\t<\/div>\n\n\t\t\t\t\t\t<div class=\"info-box-content\">\n\t\t\t\t\t\t\t<h6 class=\"timeline-year\"\n\t\t\t\t\t\t\t\tstyle=\"color: #ff3133\">2003<\/h6>\n\t\t\t\t\t\t\t<h6 class=\"h6 info-box-title\">Budowa nowoczesnej hali produkcyjnej<\/h6>\n\t\t\t\t\t\t\t<div class=\"info-box-text\">Mocny handel, nowe kontrakty, dobre relacje z rolnikami, troska o personel<\/div>\n\t\t\t\t\t\t<\/div>\n\n\t\t\t\t\t<\/div>\n\t\t\t\t<\/div>\n\t\t\t\t\t\t\t<div class=\"swiper-slide\">\n\t\t\t\t\t<div class=\"crumina-module crumina-info-box info-box--time-line\">\n\n\t\t\t\t\t\t<div class=\"info-box-image\" style=\"background-color: #ff57cd;\">\n\t\t\t\t\t\t\t<i class=\"utouch-icon fa-thumbs-up\"><\/i>\t\t\t\t\t\t\t\t\t\t\t\t\t\t\t<svg class=\"utouch-icon utouch-icon-dot-arrow time-line-arrow\">\n\t\t\t\t\t\t\t\t\t<use xlink:href=\"#utouch-icon-dot-arrow\"><\/use>\n\t\t\t\t\t\t\t\t<\/svg>\n\n\t\t\t\t\t\t\t\t\t\t\t\t\t<\/div>\n\n\t\t\t\t\t\t<div class=\"info-box-content\">\n\t\t\t\t\t\t\t<h6 class=\"timeline-year\"\n\t\t\t\t\t\t\t\tstyle=\"color: #ff57cd\">2006<\/h6>\n\t\t\t\t\t\t\t<h6 class=\"h6 info-box-title\">Innowacyjne produkty<\/h6>\n\t\t\t\t\t\t\t<div class=\"info-box-text\">\u015awie\u017cuch - jedyny serek na rynku, o tylko 3 sk\u0142adnikach! Zdrowe produkty bez zb\u0119dnych polepszaczy. <\/div>\n\t\t\t\t\t\t<\/div>\n\n\t\t\t\t\t<\/div>\n\t\t\t\t<\/div>\n\t\t\t\t\t\t\t<div class=\"swiper-slide\">\n\t\t\t\t\t<div class=\"crumina-module crumina-info-box info-box--time-line\">\n\n\t\t\t\t\t\t<div class=\"info-box-image\" style=\"background-color: #ffff26;\">\n\t\t\t\t\t\t\t<i class=\"utouch-icon fa-plane\"><\/i>\t\t\t\t\t\t\t\t\t\t\t\t\t\t\t<svg class=\"utouch-icon utouch-icon-dot-arrow time-line-arrow\">\n\t\t\t\t\t\t\t\t\t<use xlink:href=\"#utouch-icon-dot-arrow\"><\/use>\n\t\t\t\t\t\t\t\t<\/svg>\n\n\t\t\t\t\t\t\t\t\t\t\t\t\t<\/div>\n\n\t\t\t\t\t\t<div class=\"info-box-content\">\n\t\t\t\t\t\t\t<h6 class=\"timeline-year\"\n\t\t\t\t\t\t\t\tstyle=\"color: #ffff26\">2010<\/h6>\n\t\t\t\t\t\t\t<h6 class=\"h6 info-box-title\">Rozw\u00f3j poza granice kraju<\/h6>\n\t\t\t\t\t\t\t<div class=\"info-box-text\">Produkty dost\u0119pne s\u0105 na terenie: Anglii, Czech, S\u0142owacji, Niemiec<\/div>\n\t\t\t\t\t\t<\/div>\n\n\t\t\t\t\t<\/div>\n\t\t\t\t<\/div>\n\t\t\t\t\t\t\t<div class=\"swiper-slide\">\n\t\t\t\t\t<div class=\"crumina-module crumina-info-box info-box--time-line\">\n\n\t\t\t\t\t\t<div class=\"info-box-image\" style=\"background-color: #01a23c;\">\n\t\t\t\t\t\t\t<img loading=\"lazy\" decoding=\"async\" src=\"https:\/\/figand.com.pl\/wp-content\/uploads\/2018\/06\/specjalistyczna-kontrola.svg\" class=\"attachment-full size-full\" alt=\"specjalistyczna kontrola\" width=\"100\" height=\"100\" \/>\t\t\t\t\t\t\t\t\t\t\t\t\t\t\t<svg class=\"utouch-icon utouch-icon-dot-arrow time-line-arrow\">\n\t\t\t\t\t\t\t\t\t<use xlink:href=\"#utouch-icon-dot-arrow\"><\/use>\n\t\t\t\t\t\t\t\t<\/svg>\n\n\t\t\t\t\t\t\t\t\t\t\t\t\t<\/div>\n\n\t\t\t\t\t\t<div class=\"info-box-content\">\n\t\t\t\t\t\t\t<h6 class=\"timeline-year\"\n\t\t\t\t\t\t\t\tstyle=\"color: #01a23c\">2013<\/h6>\n\t\t\t\t\t\t\t<h6 class=\"h6 info-box-title\">Wdro\u017cenie BRC i IFS<\/h6>\n\t\t\t\t\t\t\t<div class=\"info-box-text\">Najwy\u017cej certyfikowane mi\u0119dzynarodowe systemy bezpiecze\u0144stwa \u017cywno\u015bci<\/div>\n\t\t\t\t\t\t<\/div>\n\n\t\t\t\t\t<\/div>\n\t\t\t\t<\/div>\n\t\t\t\t\t\t\t<div class=\"swiper-slide\">\n\t\t\t\t\t<div class=\"crumina-module crumina-info-box info-box--time-line\">\n\n\t\t\t\t\t\t<div class=\"info-box-image\" style=\"background-color: #8a8a8a;\">\n\t\t\t\t\t\t\t<i class=\"utouch-icon fa-cogs\"><\/i>\t\t\t\t\t\t\t\t\t\t\t\t\t\t\t<svg class=\"utouch-icon utouch-icon-dot-arrow time-line-arrow\">\n\t\t\t\t\t\t\t\t\t<use xlink:href=\"#utouch-icon-dot-arrow\"><\/use>\n\t\t\t\t\t\t\t\t<\/svg>\n\n\t\t\t\t\t\t\t\t\t\t\t\t\t<\/div>\n\n\t\t\t\t\t\t<div class=\"info-box-content\">\n\t\t\t\t\t\t\t<h6 class=\"timeline-year\"\n\t\t\t\t\t\t\t\tstyle=\"color: #8a8a8a\">2014<\/h6>\n\t\t\t\t\t\t\t<h6 class=\"h6 info-box-title\">Dalsza automatyzacja firmy<\/h6>\n\t\t\t\t\t\t\t<div class=\"info-box-text\">Linia do produkcji twarog\u00f3w sta\u0142owagowych, linia ultrafiltracji, nowe pakowaczki, detektory metali, itd.<\/div>\n\t\t\t\t\t\t<\/div>\n\n\t\t\t\t\t<\/div>\n\t\t\t\t<\/div>\n\t\t\t\t\t\t\t<div class=\"swiper-slide\">\n\t\t\t\t\t<div class=\"crumina-module crumina-info-box info-box--time-line\">\n\n\t\t\t\t\t\t<div class=\"info-box-image\" style=\"background-color: #c9f3ff;\">\n\t\t\t\t\t\t\t<i class=\"utouch-icon fa-bomb\"><\/i>\t\t\t\t\t\t\t\t\t\t\t\t\t\t\t<svg class=\"utouch-icon utouch-icon-dot-arrow time-line-arrow\">\n\t\t\t\t\t\t\t\t\t<use xlink:href=\"#utouch-icon-dot-arrow\"><\/use>\n\t\t\t\t\t\t\t\t<\/svg>\n\n\t\t\t\t\t\t\t\t\t\t\t\t\t<\/div>\n\n\t\t\t\t\t\t<div class=\"info-box-content\">\n\t\t\t\t\t\t\t<h6 class=\"timeline-year\"\n\t\t\t\t\t\t\t\tstyle=\"color: #c9f3ff\">2016<\/h6>\n\t\t\t\t\t\t\t<h6 class=\"h6 info-box-title\">Produkt Roku - \u015awie\u017cuch<\/h6>\n\t\t\t\t\t\t\t<div class=\"info-box-text\">&quot;Per\u0142a Powiatu&quot; za najlepszy produkt roku 2016 - serek homogenizowany \u015awie\u017cuch<\/div>\n\t\t\t\t\t\t<\/div>\n\n\t\t\t\t\t<\/div>\n\t\t\t\t<\/div>\n\t\t\t\t\t\t\t<div class=\"swiper-slide\">\n\t\t\t\t\t<div class=\"crumina-module crumina-info-box info-box--time-line\">\n\n\t\t\t\t\t\t<div class=\"info-box-image\" style=\"background-color: #0dff66;\">\n\t\t\t\t\t\t\t<i class=\"utouch-icon fa-industry\"><\/i>\t\t\t\t\t\t\t\t\t\t\t\t\t\t\t<svg class=\"utouch-icon utouch-icon-dot-arrow time-line-arrow\">\n\t\t\t\t\t\t\t\t\t<use xlink:href=\"#utouch-icon-dot-arrow\"><\/use>\n\t\t\t\t\t\t\t\t<\/svg>\n\n\t\t\t\t\t\t\t\t\t\t\t\t\t<\/div>\n\n\t\t\t\t\t\t<div class=\"info-box-content\">\n\t\t\t\t\t\t\t<h6 class=\"timeline-year\"\n\t\t\t\t\t\t\t\tstyle=\"color: #0dff66\">2017<\/h6>\n\t\t\t\t\t\t\t<h6 class=\"h6 info-box-title\">Budowa drugiej hali produkcyjnej<\/h6>\n\t\t\t\t\t\t\t<div class=\"info-box-text\">2 hale produkcyjne, 2 laboratoria, 3 magazyny produkt\u00f3w i opakowa\u0144, aparatownia, kot\u0142ownia, oczyszczalnia \u015bciek\u00f3w, warsztat samochodowy, flota transportowa, biura<\/div>\n\t\t\t\t\t\t<\/div>\n\n\t\t\t\t\t<\/div>\n\t\t\t\t<\/div>\n\t\t\t\t\t\t\t<div class=\"swiper-slide\">\n\t\t\t\t\t<div class=\"crumina-module crumina-info-box info-box--time-line\">\n\n\t\t\t\t\t\t<div class=\"info-box-image\" style=\"background-color: #a32626;\">\n\t\t\t\t\t\t\t<i class=\"utouch-icon fa-gift\"><\/i>\t\t\t\t\t\t\t\t\t\t\t\t\t\t\t<svg class=\"utouch-icon utouch-icon-dot-arrow time-line-arrow\">\n\t\t\t\t\t\t\t\t\t<use xlink:href=\"#utouch-icon-dot-arrow\"><\/use>\n\t\t\t\t\t\t\t\t<\/svg>\n\n\t\t\t\t\t\t\t\t\t\t\t\t\t<\/div>\n\n\t\t\t\t\t\t<div class=\"info-box-content\">\n\t\t\t\t\t\t\t<h6 class=\"timeline-year\"\n\t\t\t\t\t\t\t\tstyle=\"color: #a32626\">2018<\/h6>\n\t\t\t\t\t\t\t<h6 class=\"h6 info-box-title\">25-lecie firmy FigAnd!<\/h6>\n\t\t\t\t\t\t\t<div class=\"info-box-text\">Po 25 latach, Figand zatrudnia ponad 130 os\u00f3b, skupiamy ponad 100.000l mleka dziennie, FigAnd jest liderem w produkcji marek w\u0142asnych sieci handlowych w Polsce.<\/div>\n\t\t\t\t\t\t<\/div>\n\n\t\t\t\t\t<\/div>\n\t\t\t\t<\/div>\n\t\t\t\n\t\t<\/div>\n\n\t\t<!--Prev next buttons-->\n\t\t\t\t\t<div class=\"btn-slider-wrap navigation-center-bottom\">\n\n\n\t\t\t\t<div class=\"btn-prev\">\n\t\t\t\t\t<svg class=\"utouch-icon icon-hover utouch-icon-arrow-left-1\">\n\t\t\t\t\t\t<use xlink:href=\"#utouch-icon-arrow-left-1\"><\/use>\n\t\t\t\t\t<\/svg>\n\t\t\t\t\t<svg class=\"utouch-icon utouch-icon-arrow-left1\">\n\t\t\t\t\t\t<use xlink:href=\"#utouch-icon-arrow-left1\"><\/use>\n\t\t\t\t\t<\/svg>\n\t\t\t\t<\/div>\n\n\t\t\t\t<div class=\"btn-next\">\n\t\t\t\t\t<svg class=\"utouch-icon icon-hover utouch-icon-arrow-right-1\">\n\t\t\t\t\t\t<use xlink:href=\"#utouch-icon-arrow-right-1\"><\/use>\n\t\t\t\t\t<\/svg>\n\t\t\t\t\t<svg class=\"utouch-icon utouch-icon-arrow-right1\">\n\t\t\t\t\t\t<use xlink:href=\"#utouch-icon-arrow-right1\"><\/use>\n\t\t\t\t\t<\/svg>\n\t\t\t\t<\/div>\n\n\n\t\t\t<\/div>\n\t\t\t<\/div>\n<\/div>\n<\/div><\/div><\/div><\/div><\/section>","protected":false},"excerpt":{"rendered":"","protected":false},"author":7,"featured_media":0,"parent":0,"menu_order":0,"comment_status":"closed","ping_status":"closed","template":"","meta":{"footnotes":""},"class_list":["post-2369","page","type-page","status-publish","hentry"],"post_mailing_queue_ids":[],"_links":{"self":[{"href":"https:\/\/figand.com.pl\/en\/wp-json\/wp\/v2\/pages\/2369","targetHints":{"allow":["GET"]}}],"collection":[{"href":"https:\/\/figand.com.pl\/en\/wp-json\/wp\/v2\/pages"}],"about":[{"href":"https:\/\/figand.com.pl\/en\/wp-json\/wp\/v2\/types\/page"}],"author":[{"embeddable":true,"href":"https:\/\/figand.com.pl\/en\/wp-json\/wp\/v2\/users\/7"}],"replies":[{"embeddable":true,"href":"https:\/\/figand.com.pl\/en\/wp-json\/wp\/v2\/comments?post=2369"}],"version-history":[{"count":3,"href":"https:\/\/figand.com.pl\/en\/wp-json\/wp\/v2\/pages\/2369\/revisions"}],"predecessor-version":[{"id":3762,"href":"https:\/\/figand.com.pl\/en\/wp-json\/wp\/v2\/pages\/2369\/revisions\/3762"}],"wp:attachment":[{"href":"https:\/\/figand.com.pl\/en\/wp-json\/wp\/v2\/media?parent=2369"}],"curies":[{"name":"wp","href":"https:\/\/api.w.org\/{rel}","templated":true}]}}