{"id":2389,"date":"2018-06-27T09:14:39","date_gmt":"2018-06-27T07:14:39","guid":{"rendered":"http:\/\/figand.com.pl\/?page_id=2389"},"modified":"2024-07-18T12:34:43","modified_gmt":"2024-07-18T10:34:43","slug":"specjalistyczna-kontrola","status":"publish","type":"page","link":"https:\/\/figand.com.pl\/en\/specjalistyczna-kontrola\/","title":{"rendered":"Specjalistyczna kontrola"},"content":{"rendered":"<p><section class=\"kc-elm kc-css-6509768 kc_row\"><div class=\"kc-row-container  kc-container\"><div class=\"kc-wrap-columns\"><div class=\"kc-elm kc-css-1023958 kc_col-sm-12 kc_column col-md-12\"><div class=\"kc-col-container\"><div class=\"kc-elm kc-css-6560377 kc_text_block\"><\/p>\n<p style=\"font-weight: 400;\">Figand, firma rodzinna, bardzo stawia na rozw\u00f3j r\u00f3wnoleg\u0142y do rozwoju koncern\u00f3w zagranicznych. Opr\u00f3cz spe\u0142niania podstawowych wymaga\u0144 pa\u0144stwowych urz\u0119d\u00f3w kontroli, Figand, posiada najwy\u017cej certyfikowane mi\u0119dzynarodowe systemy bezpiecze\u0144stwa \u017cywno\u015bci BRC i IFS. Certyfikaty te zosta\u0142y opracowane przez zrzeszonych cz\u0142onk\u00f3w Niemieckiej Federacji Handlu Detalicznego (HDE), cz\u0142onk\u00f3w francuskiego odpowiednika (FCD) i Brytyjskiego Konsorcjum Detalist\u00f3w (BRC). ?<strong>Ich zasadniczym za\u0142o\u017ceniem jest umo\u017cliwienie oceny system\u00f3w bezpiecze\u0144stwa i jako\u015bci \u017cywno\u015bci u wszystkich dostawc\u00f3w w ujednolicony spos\u00f3b. Wymagania zawarte w BRC i IFS gwarantuj\u0105, \u017ce produkowana \u017cywno\u015b\u0107 jest na wysokim, satysfakcjonuj\u0105cym poziomie jako\u015bci i&nbsp;bezpiecze\u0144stwa.?- Anita Figarska, Dyrektor ds. Jako\u015bci.<\/strong>&nbsp;Zak\u0142ad mleczarski Figand, aby przej\u015b\u0107 bardzo rygorystyczne audyty tych organizacji musia\u0142 odpowiednio przygotowa\u0107 sw\u00f3j park maszyn, zainwestowa\u0107 w modernizacj\u0119, wdro\u017cy\u0107 nowe systemy i wyszkoli\u0107 kadr\u0119. W zwi\u0105zku ze spe\u0142nieniem wszelkich wymaga\u0144, Figand od 4 lat co roku przechodzi pomy\u015blnie kontrole i zostaje wyr\u00f3\u017cniony najwy\u017cej ocenianym certyfikatem jako\u015bci BRC i IFS.<\/p>\n<p>\n<\/div><\/div><\/div><\/div><\/div><\/section><section class=\"kc-elm kc-css-1756905 kc_row\"><div class=\"kc-row-container  kc-container\"><div class=\"kc-wrap-columns\"><div class=\"kc-elm kc-css-9596536 kc_col-sm-6 kc_column col-md-6 col-sm-12\"><div class=\"kc-col-container\"><div class=\"kc-elm kc-css-652498 crumina-module single-image\">\n        <a  href=\"\/wp-content\/uploads\/2018\/06\/2018-2019-ABRC-POL-ACCREDIA_RC2018.pdf\" title=\"\" target=\"_blank\">\n        <img decoding=\"async\" src=\"https:\/\/figand.com.pl\/wp-content\/uploads\/2018\/06\/2018-2019-ABRC-POL-ACCREDIA_RC2018-pdf.jpg\" class=\"aligncenter image-opacity\" alt=\"\" \/>\n    <\/a>\n        <\/div>\n<\/div><\/div><div class=\"kc-elm kc-css-6781925 kc_col-sm-6 kc_column col-md-6 col-sm-12\"><div class=\"kc-col-container\"><div class=\"kc-elm kc-css-3569887 crumina-module single-image\">\n        <a  href=\"\/wp-content\/uploads\/2018\/06\/2018-2019-AIFS-POL-ACCREDIA_RC2018.pdf\" title=\"\" target=\"_blank\">\n        <img decoding=\"async\" src=\"https:\/\/figand.com.pl\/wp-content\/uploads\/2018\/06\/2018-2019-AIFS-POL-ACCREDIA_RC2018-pdf.jpg\" class=\"aligncenter image-opacity\" alt=\"\" \/>\n    <\/a>\n        <\/div>\n<\/div><\/div><\/div><\/div><\/section><\/p>","protected":false},"excerpt":{"rendered":"","protected":false},"author":7,"featured_media":0,"parent":0,"menu_order":0,"comment_status":"closed","ping_status":"closed","template":"","meta":{"footnotes":""},"class_list":["post-2389","page","type-page","status-publish","hentry"],"post_mailing_queue_ids":[],"_links":{"self":[{"href":"https:\/\/figand.com.pl\/en\/wp-json\/wp\/v2\/pages\/2389","targetHints":{"allow":["GET"]}}],"collection":[{"href":"https:\/\/figand.com.pl\/en\/wp-json\/wp\/v2\/pages"}],"about":[{"href":"https:\/\/figand.com.pl\/en\/wp-json\/wp\/v2\/types\/page"}],"author":[{"embeddable":true,"href":"https:\/\/figand.com.pl\/en\/wp-json\/wp\/v2\/users\/7"}],"replies":[{"embeddable":true,"href":"https:\/\/figand.com.pl\/en\/wp-json\/wp\/v2\/comments?post=2389"}],"version-history":[{"count":2,"href":"https:\/\/figand.com.pl\/en\/wp-json\/wp\/v2\/pages\/2389\/revisions"}],"predecessor-version":[{"id":3770,"href":"https:\/\/figand.com.pl\/en\/wp-json\/wp\/v2\/pages\/2389\/revisions\/3770"}],"wp:attachment":[{"href":"https:\/\/figand.com.pl\/en\/wp-json\/wp\/v2\/media?parent=2389"}],"curies":[{"name":"wp","href":"https:\/\/api.w.org\/{rel}","templated":true}]}}