{"id":3437,"date":"2021-01-31T12:10:34","date_gmt":"2021-01-31T11:10:34","guid":{"rendered":"https:\/\/figand.com.pl\/?page_id=3437"},"modified":"2024-07-18T12:34:42","modified_gmt":"2024-07-18T10:34:42","slug":"rodo","status":"publish","type":"page","link":"https:\/\/figand.com.pl\/en\/rodo\/","title":{"rendered":"RODO"},"content":{"rendered":"INFORMACJA O PRZETWARZANIU DANYCH OSOBOWYCH W MY\u015aL OG\u00d3LNEGO ROZPORZ\u0104DZENIA O OCHRONIE DANYCH OSOBOWYCH TZW. RODO\n\n\n\n<p><a href=\"https:\/\/figand.com.pl\/wp-content\/uploads\/2021\/05\/RODO_FigAnd.pdf\">p<\/a><strong><a href=\"https:\/\/figand.com.pl\/wp-content\/uploads\/2021\/05\/RODO_FigAnd.pdf\">e\u0142na tre\u015b\u0107 dokumentu <\/a><\/strong><\/p>\n\n\n\n<figure class=\"wp-block-image is-resized\"><img loading=\"lazy\" decoding=\"async\" src=\"https:\/\/figand.com.pl\/wp-content\/uploads\/2021\/01\/pdf_ico.jpg\" alt=\"\" class=\"wp-image-3445\" width=\"60\" height=\"60\" srcset=\"https:\/\/figand.com.pl\/wp-content\/uploads\/2021\/01\/pdf_ico.jpg 225w, https:\/\/figand.com.pl\/wp-content\/uploads\/2021\/01\/pdf_ico-150x150.jpg 150w, https:\/\/figand.com.pl\/wp-content\/uploads\/2021\/01\/pdf_ico-100x100.jpg 100w\" sizes=\"auto, (max-width: 60px) 100vw, 60px\" \/><\/figure>","protected":false},"excerpt":{"rendered":"<p>INFORMACJA O PRZETWARZANIU DANYCH OSOBOWYCH W MY\u015aL OG\u00d3LNEGO ROZPORZ\u0104DZENIA O OCHRONIE DANYCH OSOBOWYCH TZW. RODO pe\u0142na tre\u015b\u0107 dokumentu<\/p>","protected":false},"author":7,"featured_media":0,"parent":0,"menu_order":0,"comment_status":"closed","ping_status":"closed","template":"","meta":{"footnotes":""},"class_list":["post-3437","page","type-page","status-publish","hentry"],"post_mailing_queue_ids":[],"_links":{"self":[{"href":"https:\/\/figand.com.pl\/en\/wp-json\/wp\/v2\/pages\/3437","targetHints":{"allow":["GET"]}}],"collection":[{"href":"https:\/\/figand.com.pl\/en\/wp-json\/wp\/v2\/pages"}],"about":[{"href":"https:\/\/figand.com.pl\/en\/wp-json\/wp\/v2\/types\/page"}],"author":[{"embeddable":true,"href":"https:\/\/figand.com.pl\/en\/wp-json\/wp\/v2\/users\/7"}],"replies":[{"embeddable":true,"href":"https:\/\/figand.com.pl\/en\/wp-json\/wp\/v2\/comments?post=3437"}],"version-history":[{"count":11,"href":"https:\/\/figand.com.pl\/en\/wp-json\/wp\/v2\/pages\/3437\/revisions"}],"predecessor-version":[{"id":3483,"href":"https:\/\/figand.com.pl\/en\/wp-json\/wp\/v2\/pages\/3437\/revisions\/3483"}],"wp:attachment":[{"href":"https:\/\/figand.com.pl\/en\/wp-json\/wp\/v2\/media?parent=3437"}],"curies":[{"name":"wp","href":"https:\/\/api.w.org\/{rel}","templated":true}]}}