{"id":760,"date":"2017-08-30T13:02:50","date_gmt":"2017-08-30T11:02:50","guid":{"rendered":"http:\/\/figand.com.pl\/?page_id=760"},"modified":"2025-01-29T10:14:50","modified_gmt":"2025-01-29T09:14:50","slug":"kontakt","status":"publish","type":"page","link":"https:\/\/figand.com.pl\/en\/kontakt\/","title":{"rendered":"Kontakt"},"content":{"rendered":"<p><section class=\"kc-elm kc-css-873047 kc_row\"><div class=\"kc-row-container\"><div class=\"kc-wrap-columns\"><div class=\"kc-elm kc-css-576332 kc_col-sm-1 kc_column col-md-1 col-sm-6 col-xs-12\"><div class=\"kc-col-container\"><\/div><\/div><div class=\"kc-elm kc-css-434835 kc_col-sm-6 kc_column col-md-6 col-sm-12\"><div class=\"kc-col-container\"><div class=\"kc-elm kc-css-49468 kc_text_block\"><\/p>\n<h2>Napisz do nas ju\u017c teraz<\/h2>\n<p align=\"left\">Je\u015bli posiadasz jakiekolwiek pytania dotycz\u0105ce strony<br \/>lub jeste\u015b zainteresowany\/a naszymi produktami firmy Figand<br \/>to zapraszamy do skorzystania z formularza kontaktowego.<\/p>\n<p align=\"left\"><a href=\"https:\/\/figand.com.pl\/wp-content\/uploads\/2021\/05\/RODO_FigAnd.pdf\" target=\"_blank\" rel=\"noopener\">INFORMACJA O PRZETWARZANIU DANYCH OSOBOWYCH (RODO)<\/a><\/p>\n<p align=\"left\">\n<p align=\"left\">\n<p>\n<\/div><div class=\"kc-elm kc-css-308525 kc_text_block\"><\/p>\n<p><a href=\"https:\/\/www.facebook.com\/FigandMleczarnia\/\" target=\"_blank\" rel=\"noopener\"><img decoding=\"async\" style=\"height: 50px;\" src=\"\/wp-content\/plugins\/ultimate-social-media-icons\/images\/icons_theme\/flat\/flat_facebook.png\" \/><\/a><\/p>\n<p>Adres skrzynki ADE :\u00a0<br \/><b>AE:PL-81770-42763-TVASV-19<\/b><\/p>\n<p>\n<\/div>\n<div class=\"kc-elm kc-css-571128 crumina-module widget w-contacts w-contacts--style2\">\n    \t<div class=\"contact-item display-flex\">\n\t\t<svg class=\"utouch-icon utouch-icon-placeholder-3\">\n\t\t\t<use xlink:href=\"#utouch-icon-placeholder-3\"><\/use>\n\t\t<\/svg>\n\t\t<span class=\"info\">Biuro Handlowe 26-625 Wolan\u00f3w, Kol. Wawrzysz\u00f3w 29<\/span>\n\t<\/div>\n        \t<div class=\"contact-item display-flex\">\n\t\t<svg class=\"utouch-icon utouch-icon-telephone-keypad-with-ten-keys\">\n\t\t\t<use xlink:href=\"#utouch-icon-telephone-keypad-with-ten-keys\"><\/use>\n\t\t<\/svg>\n\t\t<div class=\"info-wrap\">\n\t\t\t\t\t\t\t<span class=\"info\">(48) 360 83 22 lub 369 92 79 <span>\n\t\t\t\t\t\t- Biuro handlowe<\/span><\/span>\n\t\t\t\t\t\t\t\t\t\t<span class=\"info\">(48) 360 90 10 <span>\n\t\t\t\t\t\t- Fax<\/span><\/span>\n\t\t\t\t\t<\/div>\n\t<\/div>\n    \n    \t<div class=\"contact-item display-flex\">\n\t\t<svg class=\"utouch-icon utouch-icon-message\">\n\t\t\t<use xlink:href=\"#utouch-icon-message\"><\/use>\n\t\t<\/svg>\n\t\t<a href=\"mailto:figand@figand.com.pl\" class=\"info\">figand@figand.com.pl<\/a>\n\t<\/div>\n    \t\t\t<a href=\"#\" class=\"btn btn--grey btn--with-shadow js-message-popup cd-nav-trigger\">\n\t\t\tFormularz kontaktowy\t\t<\/a>\n\t<\/div>\n\n<\/div><\/div><div class=\"kc-elm kc-css-786603 kc_col-sm-5 kc_column col-md-5 col-sm-12\"><div class=\"kc-col-container\">\n<div class=\"kc-elm kc-css-469733 crumina-module widget w-contacts w-contacts--style2\">\n    \t<div class=\"contact-item display-flex\">\n\t\t<svg class=\"utouch-icon utouch-icon-placeholder-3\">\n\t\t\t<use xlink:href=\"#utouch-icon-placeholder-3\"><\/use>\n\t\t<\/svg>\n\t\t<span class=\"info\">Dzia\u0142 Obs\u0142ugi Klienta<\/span>\n\t<\/div>\n        \t<div class=\"contact-item display-flex\">\n\t\t<svg class=\"utouch-icon utouch-icon-telephone-keypad-with-ten-keys\">\n\t\t\t<use xlink:href=\"#utouch-icon-telephone-keypad-with-ten-keys\"><\/use>\n\t\t<\/svg>\n\t\t<div class=\"info-wrap\">\n\t\t\t\t\t\t\t<span class=\"info\">(48) 3608322 lub 3699279 wew. od 28, 29 lub 41 <span>\n\t\t\t\t\t\t- Tel<\/span><\/span>\n\t\t\t\t\t\t\t\t\t\t<span class=\"info\">(48) 360 90 10 <span>\n\t\t\t\t\t\t- Fax<\/span><\/span>\n\t\t\t\t\t<\/div>\n\t<\/div>\n    \n    \t<\/div>\n\n\n<div class=\"kc-elm kc-css-767283 crumina-module widget w-contacts w-contacts--style2\">\n    \t<div class=\"contact-item display-flex\">\n\t\t<svg class=\"utouch-icon utouch-icon-placeholder-3\">\n\t\t\t<use xlink:href=\"#utouch-icon-placeholder-3\"><\/use>\n\t\t<\/svg>\n\t\t<span class=\"info\">Dzia\u0142 reklamacji<\/span>\n\t<\/div>\n        \n    \t<div class=\"contact-item display-flex\">\n\t\t<svg class=\"utouch-icon utouch-icon-message\">\n\t\t\t<use xlink:href=\"#utouch-icon-message\"><\/use>\n\t\t<\/svg>\n\t\t<a href=\"mailto: reklamacje@figand.com.pl\" class=\"info\"> reklamacje@figand.com.pl<\/a>\n\t<\/div>\n    \t<\/div>\n\n\n<div class=\"kc-elm kc-css-872667 crumina-module widget w-contacts w-contacts--style2\">\n    \t<div class=\"contact-item display-flex\">\n\t\t<svg class=\"utouch-icon utouch-icon-placeholder-3\">\n\t\t\t<use xlink:href=\"#utouch-icon-placeholder-3\"><\/use>\n\t\t<\/svg>\n\t\t<span class=\"info\">Zak\u0142ad Produkcyjny 26-625 Wolan\u00f3w, Kol. Wawrzysz\u00f3w 29<\/span>\n\t<\/div>\n        \t<div class=\"contact-item display-flex\">\n\t\t<svg class=\"utouch-icon utouch-icon-telephone-keypad-with-ten-keys\">\n\t\t\t<use xlink:href=\"#utouch-icon-telephone-keypad-with-ten-keys\"><\/use>\n\t\t<\/svg>\n\t\t<div class=\"info-wrap\">\n\t\t\t\t\t\t\t<span class=\"info\">(48) 618 79 87; 618 66 28 <\/span>\n\t\t\t\t\t\t\t\t\t\t<span class=\"info\">691 077 144  <span>\n\t\t\t\t\t\t- GSM<\/span><\/span>\n\t\t\t\t\t<\/div>\n\t<\/div>\n    \n    \t<\/div>\n\n<div class=\"kc-elm kc-css-462608 kc_text_block\"><\/p>\n<h6><strong>Numery wewn\u0119trzne<\/strong><\/h6>\n<p>21 &#8211; Sekretariat<br \/>22 &#8211; Produkcja<br \/>23 &#8211; Kierownik Laboratorium<br \/>24 &#8211; Fax (Produkcja)<br \/>25 &#8211; Skup Mleka<br \/>26 &#8211; Skup Mleka-Sekcja kwotowania<br \/>27 &#8211; Magazyn<br \/>28 &#8211; Kierownik Magazynu<br \/>30 &#8211; Transport<br \/>31 &#8211; Fax (Magazyn)<br \/>32 &#8211; Dyrektor Zak\u0142adu<\/p>\n<p>\n<\/div><\/div><\/div><\/div><\/div><\/section><section class=\"kc-elm kc-css-426033 kc_row\"><div class=\"kc-row-container  kc-container\"><div class=\"kc-wrap-columns\"><div class=\"kc-elm kc-css-729577 kc_col-sm-6 kc_column col-md-6 col-sm-12\"><div class=\"kc-col-container\"><\/div><\/div><div class=\"kc-elm kc-css-821372 kc_col-sm-6 kc_column col-md-6 col-sm-12\"><div class=\"kc-col-container\"><\/div><\/div><\/div><\/div><\/section><section class=\"kc-elm kc-css-472937 kc_row\"><div class=\"kc-row-container  kc-container\"><div class=\"kc-wrap-columns\"><div class=\"kc-elm kc-css-647820 kc_col-sm-12 kc_column col-md-12 col-sm-12\"><div class=\"kc-col-container\"><div id=\"gmap-165231\" class=\"kc-elm kc-css-217944 google-map\" data-map-style=\"[{&#039;featureType&#039;:&#039;water&#039;,&#039;elementType&#039;:&#039;geometry&#039;,&#039;stylers&#039;:[{&#039;color&#039;:&#039;#a2daf2&#039;}]},{&#039;featureType&#039;:&#039;landscape.man_made&#039;,&#039;elementType&#039;:&#039;geometry&#039;,&#039;stylers&#039;:[{&#039;color&#039;:&#039;#f7f1df&#039;}]},{&#039;featureType&#039;:&#039;landscape.natural&#039;,&#039;elementType&#039;:&#039;geometry&#039;,&#039;stylers&#039;:[{&#039;color&#039;:&#039;#d0e3b4&#039;}]},{&#039;featureType&#039;:&#039;landscape.natural.terrain&#039;,&#039;elementType&#039;:&#039;geometry&#039;,&#039;stylers&#039;:[{&#039;visibility&#039;:&#039;off&#039;}]},{&#039;featureType&#039;:&#039;poi.park&#039;,&#039;elementType&#039;:&#039;geometry&#039;,&#039;stylers&#039;:[{&#039;color&#039;:&#039;#bde6ab&#039;}]},{&#039;featureType&#039;:&#039;poi&#039;,&#039;elementType&#039;:&#039;labels&#039;,&#039;stylers&#039;:[{&#039;visibility&#039;:&#039;off&#039;}]},{&#039;featureType&#039;:&#039;poi.medical&#039;,&#039;elementType&#039;:&#039;geometry&#039;,&#039;stylers&#039;:[{&#039;color&#039;:&#039;#fbd3da&#039;}]},{&#039;featureType&#039;:&#039;poi.business&#039;,&#039;stylers&#039;:[{&#039;visibility&#039;:&#039;off&#039;}]},{&#039;featureType&#039;:&#039;road&#039;,&#039;elementType&#039;:&#039;geometry.stroke&#039;,&#039;stylers&#039;:[{&#039;visibility&#039;:&#039;off&#039;}]},{&#039;featureType&#039;:&#039;road&#039;,&#039;elementType&#039;:&#039;labels&#039;,&#039;stylers&#039;:[{&#039;visibility&#039;:&#039;off&#039;}]},{&#039;featureType&#039;:&#039;road.highway&#039;,&#039;elementType&#039;:&#039;geometry.fill&#039;,&#039;stylers&#039;:[{&#039;color&#039;:&#039;#ffe15f&#039;}]},{&#039;featureType&#039;:&#039;road.highway&#039;,&#039;elementType&#039;:&#039;geometry.stroke&#039;,&#039;stylers&#039;:[{&#039;color&#039;:&#039;#efd151&#039;}]},{&#039;featureType&#039;:&#039;road.arterial&#039;,&#039;elementType&#039;:&#039;geometry.fill&#039;,&#039;stylers&#039;:[{&#039;color&#039;:&#039;#ffffff&#039;}]},{&#039;featureType&#039;:&#039;road.local&#039;,&#039;elementType&#039;:&#039;geometry.fill&#039;,&#039;stylers&#039;:[{&#039;color&#039;:&#039;black&#039;}]},{&#039;featureType&#039;:&#039;transit.station.airport&#039;,&#039;elementType&#039;:&#039;geometry.fill&#039;,&#039;stylers&#039;:[{&#039;color&#039;:&#039;#cfb2db&#039;}]}]\" data-locations=\"Kolonia Wawrzysz\u00f3w 29, 26-625 Kolonia Wawrzysz\u00f3w\" data-zoom=\"15\" data-key=\"AIzaSyDDpqPQbjKiY7zSvLyPRIWWOfG1XiuhhYg\" data-map-type=\"roadmap\" ><div class=\"map-canvas\" style=\"height: 800px\"><\/div><\/div><\/div><\/div><\/div><\/div><\/section><\/p>","protected":false},"excerpt":{"rendered":"","protected":false},"author":7,"featured_media":0,"parent":0,"menu_order":0,"comment_status":"closed","ping_status":"closed","template":"","meta":{"footnotes":""},"class_list":["post-760","page","type-page","status-publish","hentry"],"post_mailing_queue_ids":[],"_links":{"self":[{"href":"https:\/\/figand.com.pl\/en\/wp-json\/wp\/v2\/pages\/760","targetHints":{"allow":["GET"]}}],"collection":[{"href":"https:\/\/figand.com.pl\/en\/wp-json\/wp\/v2\/pages"}],"about":[{"href":"https:\/\/figand.com.pl\/en\/wp-json\/wp\/v2\/types\/page"}],"author":[{"embeddable":true,"href":"https:\/\/figand.com.pl\/en\/wp-json\/wp\/v2\/users\/7"}],"replies":[{"embeddable":true,"href":"https:\/\/figand.com.pl\/en\/wp-json\/wp\/v2\/comments?post=760"}],"version-history":[{"count":51,"href":"https:\/\/figand.com.pl\/en\/wp-json\/wp\/v2\/pages\/760\/revisions"}],"predecessor-version":[{"id":3671,"href":"https:\/\/figand.com.pl\/en\/wp-json\/wp\/v2\/pages\/760\/revisions\/3671"}],"wp:attachment":[{"href":"https:\/\/figand.com.pl\/en\/wp-json\/wp\/v2\/media?parent=760"}],"curies":[{"name":"wp","href":"https:\/\/api.w.org\/{rel}","templated":true}]}}