{"id":2453,"date":"2018-06-27T15:42:17","date_gmt":"2018-06-27T13:42:17","guid":{"rendered":"http:\/\/figand.com.pl\/?post_type=product&#038;p=2453"},"modified":"2025-04-10T22:33:52","modified_gmt":"2025-04-10T20:33:52","slug":"kostka-tlusta-formowana-200g","status":"publish","type":"product","link":"https:\/\/figand.com.pl\/en\/product\/kostka-tlusta-formowana-200g\/","title":{"rendered":"Kostka T\u0142usta Formowana 200g"},"content":{"rendered":"","protected":false},"excerpt":{"rendered":"<p>Indeks: 0046<br \/>\nSer twarogowy 100% &#8211; powsta\u0142y przez odpowiedni\u0105 obr\u00f3bk\u0119 skrzepu,<br \/>\nuzyskanego przez dodanie do mleka czystych kultur mleczarskich.<br \/>\nZapakowany w pergamin i dodatkowo pr\u00f3\u017cniowo zafoliowany.<br \/>\nSK\u0141ADNIKI:<br \/>\nMleko cz\u0119\u015bciowo odt\u0142uszczone, kultury bakterii fermentacji mlekowej.<\/p>\n<table class=\"table table-bordered\">\n<tbody>\n<tr>\n<td>termin przydatno\u015bci<\/td>\n<td>14 dni<\/td>\n<\/tr>\n<tr>\n<td>opakowanie jednostkowe<\/td>\n<td>kostka 200g<\/td>\n<\/tr>\n<tr>\n<td>opakowanie zbiorcze<\/td>\n<td>20szt<\/td>\n<\/tr>\n<tr>\n<td>kod kreskowy<\/td>\n<td>5906519000553<\/td>\n<\/tr>\n<tr>\n<td>PKWiU<\/td>\n<td>10.51.40.0<\/td>\n<\/tr>\n<\/tbody>\n<\/table>\n<p>&nbsp;<\/p>\n<table class=\"table table-bordered\">\n<tbody>\n<tr>\n<td style=\"background: #0083ff; color: #fff;\" colspan=\"2\">WARTO\u015a\u0106 OD\u017bYWCZA W 100g PRODUKTU<\/td>\n<\/tr>\n<tr>\n<td>warto\u015b\u0107 energetyczna<\/td>\n<td>639kJ \/ 153kcal<\/td>\n<\/tr>\n<tr>\n<td>t\u0142uszcze w tym kwasy t\u0142uszczowe nasycone<\/td>\n<td>8,0g<br \/>\n4,7g<\/td>\n<\/tr>\n<tr>\n<td>w\u0119glowodany w tym cukry<\/td>\n<td>4,2g<br \/>\n4,2g<\/td>\n<\/tr>\n<tr>\n<td>bia\u0142ko<\/td>\n<td>16,0g<\/td>\n<\/tr>\n<tr>\n<td>s\u00f3l<\/td>\n<td>0,10g<\/td>\n<\/tr>\n<\/tbody>\n<\/table>","protected":false},"featured_media":4306,"template":"","meta":[],"product_brand":[],"product_cat":[75,78],"product_tag":[],"class_list":{"0":"post-2453","1":"product","2":"type-product","3":"status-publish","4":"has-post-thumbnail","6":"product_cat-produkty-mleczarskie","7":"product_cat-twarogi","10":"first","11":"instock","12":"shipping-taxable","13":"product-type-simple"},"post_mailing_queue_ids":[],"_links":{"self":[{"href":"https:\/\/figand.com.pl\/en\/wp-json\/wp\/v2\/product\/2453","targetHints":{"allow":["GET"]}}],"collection":[{"href":"https:\/\/figand.com.pl\/en\/wp-json\/wp\/v2\/product"}],"about":[{"href":"https:\/\/figand.com.pl\/en\/wp-json\/wp\/v2\/types\/product"}],"wp:featuredmedia":[{"embeddable":true,"href":"https:\/\/figand.com.pl\/en\/wp-json\/wp\/v2\/media\/4306"}],"wp:attachment":[{"href":"https:\/\/figand.com.pl\/en\/wp-json\/wp\/v2\/media?parent=2453"}],"wp:term":[{"taxonomy":"product_brand","embeddable":true,"href":"https:\/\/figand.com.pl\/en\/wp-json\/wp\/v2\/product_brand?post=2453"},{"taxonomy":"product_cat","embeddable":true,"href":"https:\/\/figand.com.pl\/en\/wp-json\/wp\/v2\/product_cat?post=2453"},{"taxonomy":"product_tag","embeddable":true,"href":"https:\/\/figand.com.pl\/en\/wp-json\/wp\/v2\/product_tag?post=2453"}],"curies":[{"name":"wp","href":"https:\/\/api.w.org\/{rel}","templated":true}]}}