{"id":2491,"date":"2018-06-28T09:02:53","date_gmt":"2018-06-28T07:02:53","guid":{"rendered":"http:\/\/figand.com.pl\/?post_type=product&#038;p=2491"},"modified":"2022-02-24T11:36:04","modified_gmt":"2022-02-24T10:36:04","slug":"serek-homogenizowany-swiezuch-o-smaku-waniliowym-400g","status":"publish","type":"product","link":"https:\/\/figand.com.pl\/en\/product\/serek-homogenizowany-swiezuch-o-smaku-waniliowym-400g\/","title":{"rendered":"Serek Homogenizowany \u015awie\u017cuch o smaku waniliowym 400g"},"content":{"rendered":"","protected":false},"excerpt":{"rendered":"<p>Indeks: 0075<br \/>\nTylko 3 sk\u0142adniki! Zdrowa i smaczna przek\u0105ska. Pyszny<br \/>\nsmak dzieci\u0144stwa i wygodne w u\u017cyciu opakowanie. Idealny<br \/>\ndo bezpo\u015bredniego spo\u017cycia na \u015bniadanie, drugie \u015bniadanie, deser<br \/>\nlub kolacj\u0119. Mo\u017cna u\u017cy\u0107 go r\u00f3wnie\u017c jako dodatku do ciast. Doskona\u0142y<br \/>\ndo deser\u00f3w, sernik\u00f3w na zimno, nale\u015bnik\u00f3w, gofr\u00f3w i owoc\u00f3w.<\/p>\n<p>SK\u0141ADNIKI:<br \/>\n<strong>Serek<\/strong>, cukier, aromat waniliowy.<\/p>\n<table class=\"table table-bordered\">\n<tbody>\n<tr>\n<td>termin przydatno\u015bci<\/td>\n<td>21 dni<\/td>\n<\/tr>\n<tr>\n<td>opakowanie jednostkowe<\/td>\n<td>kubek 400g<\/td>\n<\/tr>\n<tr>\n<td>opakowanie zbiorcze<\/td>\n<td>6szt<\/td>\n<\/tr>\n<tr>\n<td>kod kreskowy<\/td>\n<td>5906519001703<\/td>\n<\/tr>\n<tr>\n<td>PKWiU<\/td>\n<td>10.51.40.0<\/td>\n<\/tr>\n<\/tbody>\n<\/table>\n<p>&nbsp;<\/p>\n<table class=\"table table-bordered\">\n<tbody>\n<tr>\n<td style=\"background: #0083ff; color: #fff;\" colspan=\"2\">WARTO\u015a\u0106 OD\u017bYWCZA W 100g PRODUKTU<\/td>\n<\/tr>\n<tr>\n<td>warto\u015b\u0107 energetyczna<\/td>\n<td>616kJ \/ 147kcal<\/td>\n<\/tr>\n<tr>\n<td>t\u0142uszcze<\/p>\n<p>w tym kwasy t\u0142uszczowe nasycone<\/td>\n<td>7,0g<br \/>\n4,5g<\/td>\n<\/tr>\n<tr>\n<td>w\u0119glowodany<\/p>\n<p>w tym cukry<\/td>\n<td>13,0g<br \/>\n11,0g<\/td>\n<\/tr>\n<tr>\n<td>bia\u0142ko<\/td>\n<td>8,0g<\/td>\n<\/tr>\n<tr>\n<td>s\u00f3l<\/td>\n<td>0,10g<\/td>\n<\/tr>\n<\/tbody>\n<\/table>","protected":false},"featured_media":3532,"template":"","meta":[],"product_brand":[],"product_cat":[75,80],"product_tag":[],"class_list":{"0":"post-2491","1":"product","2":"type-product","3":"status-publish","4":"has-post-thumbnail","6":"product_cat-produkty-mleczarskie","7":"product_cat-serki-homogenizowane","10":"first","11":"instock","12":"shipping-taxable","13":"product-type-simple"},"post_mailing_queue_ids":[],"_links":{"self":[{"href":"https:\/\/figand.com.pl\/en\/wp-json\/wp\/v2\/product\/2491","targetHints":{"allow":["GET"]}}],"collection":[{"href":"https:\/\/figand.com.pl\/en\/wp-json\/wp\/v2\/product"}],"about":[{"href":"https:\/\/figand.com.pl\/en\/wp-json\/wp\/v2\/types\/product"}],"wp:featuredmedia":[{"embeddable":true,"href":"https:\/\/figand.com.pl\/en\/wp-json\/wp\/v2\/media\/3532"}],"wp:attachment":[{"href":"https:\/\/figand.com.pl\/en\/wp-json\/wp\/v2\/media?parent=2491"}],"wp:term":[{"taxonomy":"product_brand","embeddable":true,"href":"https:\/\/figand.com.pl\/en\/wp-json\/wp\/v2\/product_brand?post=2491"},{"taxonomy":"product_cat","embeddable":true,"href":"https:\/\/figand.com.pl\/en\/wp-json\/wp\/v2\/product_cat?post=2491"},{"taxonomy":"product_tag","embeddable":true,"href":"https:\/\/figand.com.pl\/en\/wp-json\/wp\/v2\/product_tag?post=2491"}],"curies":[{"name":"wp","href":"https:\/\/api.w.org\/{rel}","templated":true}]}}