{"id":2495,"date":"2018-06-28T09:15:37","date_gmt":"2018-06-28T07:15:37","guid":{"rendered":"http:\/\/figand.com.pl\/?post_type=product&#038;p=2495"},"modified":"2018-08-24T08:58:54","modified_gmt":"2018-08-24T06:58:54","slug":"cukierki-krowki","status":"publish","type":"product","link":"https:\/\/figand.com.pl\/en\/product\/cukierki-krowki\/","title":{"rendered":"Cukierki Kr\u00f3wki"},"content":{"rendered":"","protected":false},"excerpt":{"rendered":"<p>Indeks: 0200<br \/>\nWykonane r\u0119cznie wed\u0142ug sprawdzonej, tradycyjnej receptury.<br \/>\nRozp\u0142ywaj\u0105 si\u0119 w ustach.<\/p>\n<table class=\"table table-bordered\">\n<tbody>\n<tr>\n<td>termin przydatno\u015bci<\/td>\n<td>6 miesi\u0119cy<\/td>\n<\/tr>\n<tr>\n<td>opakowanie jednostkowe<\/td>\n<td>3 kg<\/td>\n<\/tr>\n<tr>\n<td>opakowanie zbiorcze<\/td>\n<td>3 kg<\/td>\n<\/tr>\n<tr>\n<td>kod kreskowy<\/td>\n<td>5900757001003<\/td>\n<\/tr>\n<tr>\n<td>PKWiU<\/td>\n<td>10.82.23.0<\/td>\n<\/tr>\n<\/tbody>\n<\/table>\n<p>&nbsp;<\/p>\n<table class=\"table table-bordered\">\n<tbody>\n<tr>\n<td style=\"background: #0083ff; color: #fff;\" colspan=\"2\">WARTO\u015a\u0106 OD\u017bYWCZA W 100g PRODUKTU<\/td>\n<\/tr>\n<tr>\n<td>warto\u015b\u0107 energetyczna<\/td>\n<td>1572kJ \/ 378kcal<\/td>\n<\/tr>\n<tr>\n<td>t\u0142uszcze w tym kwasy t\u0142uszczowe nasycone<\/td>\n<td>7,0g<br \/>\n4,0g<\/td>\n<\/tr>\n<tr>\n<td>w\u0119glowodany w tym cukry<\/td>\n<td>72,5g<br \/>\n63,0g<\/td>\n<\/tr>\n<tr>\n<td>bia\u0142ko<\/td>\n<td>5,2g<\/td>\n<\/tr>\n<tr>\n<td>s\u00f3l<\/td>\n<td>0,18g<\/td>\n<\/tr>\n<\/tbody>\n<\/table>","protected":false},"featured_media":2836,"template":"","meta":[],"product_brand":[],"product_cat":[75,80],"product_tag":[],"class_list":{"0":"post-2495","1":"product","2":"type-product","3":"status-publish","4":"has-post-thumbnail","6":"product_cat-produkty-mleczarskie","7":"product_cat-serki-homogenizowane","10":"first","11":"instock","12":"shipping-taxable","13":"product-type-simple"},"post_mailing_queue_ids":[],"_links":{"self":[{"href":"https:\/\/figand.com.pl\/en\/wp-json\/wp\/v2\/product\/2495","targetHints":{"allow":["GET"]}}],"collection":[{"href":"https:\/\/figand.com.pl\/en\/wp-json\/wp\/v2\/product"}],"about":[{"href":"https:\/\/figand.com.pl\/en\/wp-json\/wp\/v2\/types\/product"}],"wp:featuredmedia":[{"embeddable":true,"href":"https:\/\/figand.com.pl\/en\/wp-json\/wp\/v2\/media\/2836"}],"wp:attachment":[{"href":"https:\/\/figand.com.pl\/en\/wp-json\/wp\/v2\/media?parent=2495"}],"wp:term":[{"taxonomy":"product_brand","embeddable":true,"href":"https:\/\/figand.com.pl\/en\/wp-json\/wp\/v2\/product_brand?post=2495"},{"taxonomy":"product_cat","embeddable":true,"href":"https:\/\/figand.com.pl\/en\/wp-json\/wp\/v2\/product_cat?post=2495"},{"taxonomy":"product_tag","embeddable":true,"href":"https:\/\/figand.com.pl\/en\/wp-json\/wp\/v2\/product_tag?post=2495"}],"curies":[{"name":"wp","href":"https:\/\/api.w.org\/{rel}","templated":true}]}}