{"id":2525,"date":"2018-06-28T09:41:35","date_gmt":"2018-06-28T07:41:35","guid":{"rendered":"http:\/\/figand.com.pl\/?post_type=product&#038;p=2525"},"modified":"2025-01-20T14:26:42","modified_gmt":"2025-01-20T13:26:42","slug":"jogurt-pitny-owoce-lesne-380g","status":"publish","type":"product","link":"https:\/\/figand.com.pl\/en\/product\/jogurt-pitny-owoce-lesne-380g\/","title":{"rendered":"Jogurt Pitny Owoce Le\u015bne 380g"},"content":{"rendered":"","protected":false},"excerpt":{"rendered":"<p>Indeks: 0258<br \/>\nTo pyszny i delikatny jogurt do picia bez dodatku syropu<br \/>\nglukozowo-fruktozowego. Powsta\u0142y z polskiego mleka. Posiada<br \/>\n\u017cywe kultury bakterii jogurtowych. Dzi\u0119ki wygodnej, zakr\u0119canej<br \/>\nbutelce, mo\u017cna si\u0119 nim cieszy\u0107 bez ogranicze\u0144 ? w podr\u00f3\u017cy, domu,<br \/>\nsamochodzie, pracy?<\/p>\n<p>SK\u0141ADNIKI:<br \/>\n<strong>Mleko<\/strong> pasteryzowane, cukier, owoce le\u015bne 2,1% (je\u017cyna, jagoda,<br \/>\nmalina, aronia) aromat, barwniki: antocyjany, koncentrat soku z buraka,<br \/>\n\u017cywe kultury bakterii jogurtowych.<\/p>\n<table class=\"table table-bordered\">\n<tbody>\n<tr>\n<td>termin przydatno\u015bci<\/td>\n<td>21 dni<\/td>\n<\/tr>\n<tr>\n<td>opakowanie jednostkowe<\/td>\n<td>butelka 380g<\/td>\n<\/tr>\n<tr>\n<td>opakowanie zbiorcze<\/td>\n<td>6 szt.<\/td>\n<\/tr>\n<tr>\n<td>kod kreskowy<\/td>\n<td>5906519004254<\/td>\n<\/tr>\n<tr>\n<td>PKWiU<\/td>\n<td>10.51.52.0<\/td>\n<\/tr>\n<\/tbody>\n<\/table>\n<p>&nbsp;<\/p>\n<table class=\"table table-bordered\">\n<tbody>\n<tr>\n<td style=\"background: #0083ff; color: #fff;\" colspan=\"2\">WARTO\u015a\u0106 OD\u017bYWCZA W 100g PRODUKTU<\/td>\n<\/tr>\n<tr>\n<td>warto\u015b\u0107 energetyczna<\/td>\n<td>312kJ \/ 74kcal<\/td>\n<\/tr>\n<tr>\n<td>t\u0142uszcze<\/p>\n<p>w tym kwasy t\u0142uszczowe nasycone<\/td>\n<td>1,5g<br \/>\n0,9g<\/td>\n<\/tr>\n<tr>\n<td>w\u0119glowodany<\/p>\n<p>w tym cukry<\/td>\n<td>12,0g<br \/>\n12,0g<\/td>\n<\/tr>\n<tr>\n<td>bia\u0142ko<\/td>\n<td>3,1g<\/td>\n<\/tr>\n<tr>\n<td>s\u00f3l<\/td>\n<td>0,10g<\/td>\n<\/tr>\n<\/tbody>\n<\/table>","protected":false},"featured_media":4279,"template":"","meta":[],"product_brand":[],"product_cat":[75,81],"product_tag":[],"class_list":{"0":"post-2525","1":"product","2":"type-product","3":"status-publish","4":"has-post-thumbnail","6":"product_cat-produkty-mleczarskie","7":"product_cat-jogurty","10":"first","11":"instock","12":"shipping-taxable","13":"product-type-simple"},"post_mailing_queue_ids":[],"_links":{"self":[{"href":"https:\/\/figand.com.pl\/en\/wp-json\/wp\/v2\/product\/2525","targetHints":{"allow":["GET"]}}],"collection":[{"href":"https:\/\/figand.com.pl\/en\/wp-json\/wp\/v2\/product"}],"about":[{"href":"https:\/\/figand.com.pl\/en\/wp-json\/wp\/v2\/types\/product"}],"wp:featuredmedia":[{"embeddable":true,"href":"https:\/\/figand.com.pl\/en\/wp-json\/wp\/v2\/media\/4279"}],"wp:attachment":[{"href":"https:\/\/figand.com.pl\/en\/wp-json\/wp\/v2\/media?parent=2525"}],"wp:term":[{"taxonomy":"product_brand","embeddable":true,"href":"https:\/\/figand.com.pl\/en\/wp-json\/wp\/v2\/product_brand?post=2525"},{"taxonomy":"product_cat","embeddable":true,"href":"https:\/\/figand.com.pl\/en\/wp-json\/wp\/v2\/product_cat?post=2525"},{"taxonomy":"product_tag","embeddable":true,"href":"https:\/\/figand.com.pl\/en\/wp-json\/wp\/v2\/product_tag?post=2525"}],"curies":[{"name":"wp","href":"https:\/\/api.w.org\/{rel}","templated":true}]}}