{"id":2659,"date":"2018-07-11T16:18:47","date_gmt":"2018-07-11T14:18:47","guid":{"rendered":"http:\/\/figand.com.pl\/?post_type=product&#038;p=2659"},"modified":"2018-07-30T17:45:48","modified_gmt":"2018-07-30T15:45:48","slug":"krem-deserowy-o-smaku-czekoladowym","status":"publish","type":"product","link":"https:\/\/figand.com.pl\/en\/product\/krem-deserowy-o-smaku-czekoladowym\/","title":{"rendered":"Krem Deserowy o smaku czekoladowym &#8211; dla cukiernik\u00f3w"},"content":{"rendered":"","protected":false},"excerpt":{"rendered":"<p>Sk\u0142adniki :<\/p>\n<blockquote>\n<ul>\n<li><em>1kg nadzienia\u00a0<strong>Cremix<\/strong>\u00a0o smaku czekoladowym\u00a0firmy\u00a0FigAnd<\/em><\/li>\n<li><em>0,5kg do 1 kg margaryny kremowej<\/em><\/li>\n<\/ul>\n<p>&nbsp;<\/p>\n<p>Wykonanie :<\/p>\n<ul>\n<li><em>margaryn\u0119 kremow\u0105 ubi\u0107 do bia\u0142o\u015bci<\/em><\/li>\n<li><em>doda\u0107\u00a0<strong>Cremix<\/strong>\u00a0o smaku czekoladowym<\/em><\/li>\n<li><em>ca\u0142o\u015b\u0107 miesza\u0107 oko\u0142o 1 minuty<\/em><\/li>\n<li><em>po wymieszaniu krem jest gotowy do u\u017cytku<\/em><\/li>\n<\/ul>\n<p>&nbsp;<\/p>\n<p>Zastosowanie :<\/p>\n<ul>\n<li><em>torty<\/em><\/li>\n<li><em>ciasta parzone<\/em><\/li>\n<li><em>ciasta blatowe\u00a0<\/em><\/li>\n<\/ul>\n<p>&nbsp;<\/p>\n<p><em>SMACZNEGO \ud83d\ude42<\/em><\/p><\/blockquote>","protected":false},"featured_media":2660,"template":"","meta":[],"product_brand":[],"product_cat":[76],"product_tag":[],"class_list":{"0":"post-2659","1":"product","2":"type-product","3":"status-publish","4":"has-post-thumbnail","6":"product_cat-inspiracje-kulinarne","9":"first","10":"instock","11":"shipping-taxable","12":"product-type-simple"},"post_mailing_queue_ids":[],"_links":{"self":[{"href":"https:\/\/figand.com.pl\/en\/wp-json\/wp\/v2\/product\/2659","targetHints":{"allow":["GET"]}}],"collection":[{"href":"https:\/\/figand.com.pl\/en\/wp-json\/wp\/v2\/product"}],"about":[{"href":"https:\/\/figand.com.pl\/en\/wp-json\/wp\/v2\/types\/product"}],"wp:featuredmedia":[{"embeddable":true,"href":"https:\/\/figand.com.pl\/en\/wp-json\/wp\/v2\/media\/2660"}],"wp:attachment":[{"href":"https:\/\/figand.com.pl\/en\/wp-json\/wp\/v2\/media?parent=2659"}],"wp:term":[{"taxonomy":"product_brand","embeddable":true,"href":"https:\/\/figand.com.pl\/en\/wp-json\/wp\/v2\/product_brand?post=2659"},{"taxonomy":"product_cat","embeddable":true,"href":"https:\/\/figand.com.pl\/en\/wp-json\/wp\/v2\/product_cat?post=2659"},{"taxonomy":"product_tag","embeddable":true,"href":"https:\/\/figand.com.pl\/en\/wp-json\/wp\/v2\/product_tag?post=2659"}],"curies":[{"name":"wp","href":"https:\/\/api.w.org\/{rel}","templated":true}]}}