{"id":2661,"date":"2018-07-11T16:20:18","date_gmt":"2018-07-11T14:20:18","guid":{"rendered":"http:\/\/figand.com.pl\/?post_type=product&#038;p=2661"},"modified":"2018-07-11T16:20:18","modified_gmt":"2018-07-11T14:20:18","slug":"sernik-na-zimno","status":"publish","type":"product","link":"https:\/\/figand.com.pl\/en\/product\/sernik-na-zimno\/","title":{"rendered":"Sernik na zimno"},"content":{"rendered":"","protected":false},"excerpt":{"rendered":"<p>Prosta receptura sernika na zimno!<\/p>\n<p><strong>SK\u0141ADNIKI:<\/strong><\/p>\n<ul>\n<li><strong>Ciasto:<\/strong><br \/>\nciasto biszkoptowe, d\u017cem, marmolada<\/li>\n<\/ul>\n<p>&nbsp;<\/p>\n<ul>\n<li><strong>Masa serowa:<\/strong><br \/>\nSER SERNIK\u00a0FigAnd\u00a01000g , \u015bmietanka 30%, 2 galaretki,\u00a02 do 2,5, \u0142y\u017ceczki \u017celatyny 6-6,7g, owoce wedle uznania<\/li>\n<\/ul>\n<p>&nbsp;<\/p>\n<ul>\n<li><strong>Wyko\u0144czenie<\/strong><strong>:\u00a0<\/strong><br \/>\n1 galaretka na 400ml wody<\/li>\n<\/ul>\n<p>&nbsp;<\/p>\n<p><strong>WYKONANIE:<\/strong><\/p>\n<p>Sp\u00f3d biszkoptowy zgodnie z podstawow\u0105 receptur\u0105, na sp\u00f3d rozsmarowa\u0107 d\u017cem lub marmolad\u0119.<\/p>\n<p>2 galaretki rozpu\u015bci\u0107 w 500ml wody i doda\u0107 2 do 2,5 \u0142y\u017ceczek \u017celatyny. 200-300 ml 30% \u015bmietanki ubi\u0107 i wymiesza\u0107 z 1000g SERA SERNIKA\u00a0FigAnd.<\/p>\n<p>Galaretk\u0119 z \u017celatyn\u0105 doda\u0107 do SERNIKA i lekko wymiesza\u0107. Wprowadzamy do masy owoce i mieszamy. Ca\u0142o\u015b\u0107 wylewamy na ciasto i wstawiamy do lod\u00f3wki.<\/p>\n<p>Po st\u0119\u017ceniu struktury sernika rozpuszczamy 1 galaretk\u0119 w 400ml wody i wylewamy na g\u00f3r\u0119 sernika. Ponownie wk\u0142adamy do lod\u00f3wki.<\/p>\n<p>&nbsp;<\/p>\n<p><em>SMACZNEGO \ud83d\ude42<\/em><\/p>","protected":false},"featured_media":2662,"template":"","meta":[],"product_brand":[],"product_cat":[76],"product_tag":[],"class_list":{"0":"post-2661","1":"product","2":"type-product","3":"status-publish","4":"has-post-thumbnail","6":"product_cat-inspiracje-kulinarne","9":"first","10":"instock","11":"shipping-taxable","12":"product-type-simple"},"post_mailing_queue_ids":[],"_links":{"self":[{"href":"https:\/\/figand.com.pl\/en\/wp-json\/wp\/v2\/product\/2661","targetHints":{"allow":["GET"]}}],"collection":[{"href":"https:\/\/figand.com.pl\/en\/wp-json\/wp\/v2\/product"}],"about":[{"href":"https:\/\/figand.com.pl\/en\/wp-json\/wp\/v2\/types\/product"}],"wp:featuredmedia":[{"embeddable":true,"href":"https:\/\/figand.com.pl\/en\/wp-json\/wp\/v2\/media\/2662"}],"wp:attachment":[{"href":"https:\/\/figand.com.pl\/en\/wp-json\/wp\/v2\/media?parent=2661"}],"wp:term":[{"taxonomy":"product_brand","embeddable":true,"href":"https:\/\/figand.com.pl\/en\/wp-json\/wp\/v2\/product_brand?post=2661"},{"taxonomy":"product_cat","embeddable":true,"href":"https:\/\/figand.com.pl\/en\/wp-json\/wp\/v2\/product_cat?post=2661"},{"taxonomy":"product_tag","embeddable":true,"href":"https:\/\/figand.com.pl\/en\/wp-json\/wp\/v2\/product_tag?post=2661"}],"curies":[{"name":"wp","href":"https:\/\/api.w.org\/{rel}","templated":true}]}}