{"id":2663,"date":"2018-07-11T16:21:26","date_gmt":"2018-07-11T14:21:26","guid":{"rendered":"http:\/\/figand.com.pl\/?post_type=product&#038;p=2663"},"modified":"2018-07-11T16:21:26","modified_gmt":"2018-07-11T14:21:26","slug":"sernik-sztukowy-z-krajanki-poltlustej","status":"publish","type":"product","link":"https:\/\/figand.com.pl\/en\/product\/sernik-sztukowy-z-krajanki-poltlustej\/","title":{"rendered":"Sernik Sztukowy z krajanki p\u00f3\u0142t\u0142ustej"},"content":{"rendered":"","protected":false},"excerpt":{"rendered":"<p><strong>SK\u0141ADNIKI :<\/strong><\/p>\n<blockquote>\n<ul>\n<li><em>4kg\u00a0twar\u00f3g p\u00f3\u0142t\u0142usty krajanka\u00a0firmy\u00a0FigAND<\/em><\/li>\n<li><em>0,5kg margaryny<\/em><\/li>\n<li><em>1,5kg cukru do twarogu<\/em><\/li>\n<li><em>10 jaj<\/em><\/li>\n<li><em>0,3kg m\u0105ki ziemniaczanej<\/em><\/li>\n<li><em>9ml jeden smak waniliowy lub \u015bmietankowy<\/em><\/li>\n<\/ul>\n<p>&nbsp;<\/p>\n<p><strong>ZALECENIA<\/strong>:<\/p>\n<ul>\n<li><em>receptura przygotowywana na blach\u0119 o wymiarze 60 x40 cm niski rant<\/em><\/li>\n<li><em>przygotowa\u0107 sp\u00f3d z ciasta kruchego lub biszkoptowego zgodnie z receptur\u0105 podstawow\u0105<\/em><\/li>\n<\/ul>\n<p>&nbsp;<\/p>\n<p><strong>WYKONANIE:<\/strong><\/p>\n<ul>\n<li><em>twar\u00f3g p\u00f3\u0142t\u0142usty krajank\u0119 firmy\u00a0<\/em><em>FigAnd\u00a0ukr\u0119ci\u0107 z margaryn\u0105<\/em><\/li>\n<li><em>tak uzyskan\u0105 mas\u0119 twarogow\u0105 wprowadzi\u0107 do ubijaczki i delikatnie napowietrza\u0107 dodaj\u0105c cukier i ca\u0142e jaja<\/em><\/li>\n<li><em>pod koniec napowietrzania masy twarogowej doda\u0107 smak waniliowy lub \u015bmietankowy oraz m\u0105k\u0119 ziemniaczan\u0105<\/em><\/li>\n<li><em>mas\u0119 twarogow\u0105 nape\u0142ni\u0107 wcze\u015bniej przygotowan\u0105 blach\u0119 ze spodem wyka\u0144czaj\u0105c g\u00f3r\u0119 paskami kruchego ciasta<\/em><\/li>\n<li><em>wstawi\u0107 do pieca i piec w temperaturze 170 stopni przez 1,5 godziny<\/em><\/li>\n<li><em>sernik po wyci\u0105gni\u0119ciu z pieca okrawa si\u0119 ostrym no\u017cykiem 2-3 mm od rantu blachy, aby r\u00f3wno opad\u0142<\/em><\/li>\n<\/ul>\n<p><em>SMACZNEGO \ud83d\ude42<\/em><\/p><\/blockquote>","protected":false},"featured_media":2664,"template":"","meta":[],"product_brand":[],"product_cat":[76],"product_tag":[],"class_list":{"0":"post-2663","1":"product","2":"type-product","3":"status-publish","4":"has-post-thumbnail","6":"product_cat-inspiracje-kulinarne","9":"first","10":"instock","11":"shipping-taxable","12":"product-type-simple"},"post_mailing_queue_ids":[],"_links":{"self":[{"href":"https:\/\/figand.com.pl\/en\/wp-json\/wp\/v2\/product\/2663","targetHints":{"allow":["GET"]}}],"collection":[{"href":"https:\/\/figand.com.pl\/en\/wp-json\/wp\/v2\/product"}],"about":[{"href":"https:\/\/figand.com.pl\/en\/wp-json\/wp\/v2\/types\/product"}],"wp:featuredmedia":[{"embeddable":true,"href":"https:\/\/figand.com.pl\/en\/wp-json\/wp\/v2\/media\/2664"}],"wp:attachment":[{"href":"https:\/\/figand.com.pl\/en\/wp-json\/wp\/v2\/media?parent=2663"}],"wp:term":[{"taxonomy":"product_brand","embeddable":true,"href":"https:\/\/figand.com.pl\/en\/wp-json\/wp\/v2\/product_brand?post=2663"},{"taxonomy":"product_cat","embeddable":true,"href":"https:\/\/figand.com.pl\/en\/wp-json\/wp\/v2\/product_cat?post=2663"},{"taxonomy":"product_tag","embeddable":true,"href":"https:\/\/figand.com.pl\/en\/wp-json\/wp\/v2\/product_tag?post=2663"}],"curies":[{"name":"wp","href":"https:\/\/api.w.org\/{rel}","templated":true}]}}