{"id":2736,"date":"2018-07-30T16:54:37","date_gmt":"2018-07-30T14:54:37","guid":{"rendered":"http:\/\/figand.com.pl\/?post_type=product&#038;p=2736"},"modified":"2018-07-30T17:43:06","modified_gmt":"2018-07-30T15:43:06","slug":"koktajl-truskawkowy","status":"publish","type":"product","link":"https:\/\/figand.com.pl\/en\/product\/koktajl-truskawkowy\/","title":{"rendered":"Koktajl truskawkowy"},"content":{"rendered":"","protected":false},"excerpt":{"rendered":"<ul>\n<li>Truskawki umy\u0107 i oderwa\u0107 szypu\u0142ki, w\u0142o\u017cy\u0107 do pojemnika blendera. Doda\u0107 obranego banana, jogurt naturalny FigAnd i zmiksowa\u0107.<\/li>\n<li>Opcjonalnie mo\u017cna podawa\u0107 z ga\u0142k\u0105 lod\u00f3w \u015bmietankowych &#8211; w\u0142o\u017con\u0105 do ka\u017cdej szklanki lub zmiksowan\u0105 przez chwil\u0119 z reszt\u0105 sk\u0142adnik\u00f3w.<\/li>\n<\/ul>\n<p>Smacznego!<\/p>","protected":false},"featured_media":2737,"template":"","meta":[],"product_brand":[],"product_cat":[76],"product_tag":[],"class_list":{"0":"post-2736","1":"product","2":"type-product","3":"status-publish","4":"has-post-thumbnail","6":"product_cat-inspiracje-kulinarne","9":"first","10":"instock","11":"shipping-taxable","12":"product-type-simple"},"post_mailing_queue_ids":[],"_links":{"self":[{"href":"https:\/\/figand.com.pl\/en\/wp-json\/wp\/v2\/product\/2736","targetHints":{"allow":["GET"]}}],"collection":[{"href":"https:\/\/figand.com.pl\/en\/wp-json\/wp\/v2\/product"}],"about":[{"href":"https:\/\/figand.com.pl\/en\/wp-json\/wp\/v2\/types\/product"}],"wp:featuredmedia":[{"embeddable":true,"href":"https:\/\/figand.com.pl\/en\/wp-json\/wp\/v2\/media\/2737"}],"wp:attachment":[{"href":"https:\/\/figand.com.pl\/en\/wp-json\/wp\/v2\/media?parent=2736"}],"wp:term":[{"taxonomy":"product_brand","embeddable":true,"href":"https:\/\/figand.com.pl\/en\/wp-json\/wp\/v2\/product_brand?post=2736"},{"taxonomy":"product_cat","embeddable":true,"href":"https:\/\/figand.com.pl\/en\/wp-json\/wp\/v2\/product_cat?post=2736"},{"taxonomy":"product_tag","embeddable":true,"href":"https:\/\/figand.com.pl\/en\/wp-json\/wp\/v2\/product_tag?post=2736"}],"curies":[{"name":"wp","href":"https:\/\/api.w.org\/{rel}","templated":true}]}}