{"id":2738,"date":"2018-07-30T17:00:38","date_gmt":"2018-07-30T15:00:38","guid":{"rendered":"http:\/\/figand.com.pl\/?post_type=product&#038;p=2738"},"modified":"2018-07-30T17:43:29","modified_gmt":"2018-07-30T15:43:29","slug":"spaghetti-alla-carbonara","status":"publish","type":"product","link":"https:\/\/figand.com.pl\/en\/product\/spaghetti-alla-carbonara\/","title":{"rendered":"Spaghetti alla carbonara"},"content":{"rendered":"","protected":false},"excerpt":{"rendered":"<h3>SK\u0141ADNIKI<\/h3>\n<ul>\n<li>500 g makaronu spaghetti<\/li>\n<li>200 g w\u0119dzonego boczku<\/li>\n<li>250 ml FigAnd \u015bmietany 18%<\/li>\n<li>3 \u017c\u00f3\u0142tka<\/li>\n<li>1 z\u0105bek czosnku<\/li>\n<li>1 cebula<\/li>\n<li>100ml wytrawnego bia\u0142ego wina<\/li>\n<li>2 \u0142y\u017cki tartego sera grana padano<\/li>\n<li>S\u00f3l<\/li>\n<li>Pieprz<\/li>\n<li>Bazylia<\/li>\n<\/ul>\n<h2>PRZYGOTOWANIE<\/h2>\n<p>Makaron gotujemy w osolonej wodzie. Cedzimy.<\/p>\n<p>Boczek kroimy w drobn\u0105 kostk\u0119, wrzucamy na rozgrzan\u0105 patelni\u0119 i podsma\u017camy, stale mieszaj\u0105c, a\u017c si\u0119 zrumieni. Cebul\u0119 siekamy. Zdejmujemy boczek z patelni i podsma\u017camy cebul\u0119 na t\u0142uszczu, kt\u00f3ry si\u0119 z niego wytopi\u0142. Do cebuli dodajemy wino. Czosnek drobno siekamy i przek\u0142adamy na patelni\u0119. Ca\u0142o\u015b\u0107 dusimy oko\u0142o 5 minut.<\/p>\n<p>W miseczce mieszamy \u017c\u00f3\u0142tka, 120 ml \u015bmietany oraz ser. Pozosta\u0142\u0105 \u015bmietan\u0119 wlewamy na patelni\u0119 i dodajemy do niej przesma\u017cony wcze\u015bniej boczek. Zmniejszamy p\u0142omie\u0144 i dodajemy jajka ze \u015bmietan\u0105 i serem. Przyprawiamy sol\u0105 i pieprzem do smaku. Czekamy a\u017c sos zg\u0119stnieje. Zdejmujemy patelni\u0119 z ognia.<\/p>\n<p>Do sosu przek\u0142adamy ugotowany makaron i dok\u0142adnie mieszamy. Bazyli\u0119 drobno siekamy i dekorujemy ni\u0105 spaghetti.<\/p>","protected":false},"featured_media":2739,"template":"","meta":[],"product_brand":[],"product_cat":[76],"product_tag":[],"class_list":{"0":"post-2738","1":"product","2":"type-product","3":"status-publish","4":"has-post-thumbnail","6":"product_cat-inspiracje-kulinarne","9":"first","10":"instock","11":"shipping-taxable","12":"product-type-simple"},"post_mailing_queue_ids":[],"_links":{"self":[{"href":"https:\/\/figand.com.pl\/en\/wp-json\/wp\/v2\/product\/2738","targetHints":{"allow":["GET"]}}],"collection":[{"href":"https:\/\/figand.com.pl\/en\/wp-json\/wp\/v2\/product"}],"about":[{"href":"https:\/\/figand.com.pl\/en\/wp-json\/wp\/v2\/types\/product"}],"wp:featuredmedia":[{"embeddable":true,"href":"https:\/\/figand.com.pl\/en\/wp-json\/wp\/v2\/media\/2739"}],"wp:attachment":[{"href":"https:\/\/figand.com.pl\/en\/wp-json\/wp\/v2\/media?parent=2738"}],"wp:term":[{"taxonomy":"product_brand","embeddable":true,"href":"https:\/\/figand.com.pl\/en\/wp-json\/wp\/v2\/product_brand?post=2738"},{"taxonomy":"product_cat","embeddable":true,"href":"https:\/\/figand.com.pl\/en\/wp-json\/wp\/v2\/product_cat?post=2738"},{"taxonomy":"product_tag","embeddable":true,"href":"https:\/\/figand.com.pl\/en\/wp-json\/wp\/v2\/product_tag?post=2738"}],"curies":[{"name":"wp","href":"https:\/\/api.w.org\/{rel}","templated":true}]}}