{"id":2740,"date":"2018-07-30T17:07:39","date_gmt":"2018-07-30T15:07:39","guid":{"rendered":"http:\/\/figand.com.pl\/?post_type=product&#038;p=2740"},"modified":"2018-07-30T17:42:32","modified_gmt":"2018-07-30T15:42:32","slug":"smoothie-z-owocow-lesnych","status":"publish","type":"product","link":"https:\/\/figand.com.pl\/en\/product\/smoothie-z-owocow-lesnych\/","title":{"rendered":"Smoothie z owoc\u00f3w le\u015bnych"},"content":{"rendered":"","protected":false},"excerpt":{"rendered":"<p><strong>Sk\u0142adniki na 2 szklaneczki:<\/strong><br \/>\n1 banan<br \/>\n250 g mro\u017conej mieszanki owoc\u00f3w le\u015bnych<br \/>\n1\/2 szklanki jogurtu owoce le\u015bne FigAnd<br \/>\ngar\u015b\u0107 suszonej wi\u015bni<br \/>\nkilka \u015bwie\u017cych bor\u00f3wek<br \/>\nmi\u0119ta do przybrania<\/p>\n<p>Do miksera wrzu\u0107 pokrojonego w mniejsze kawa\u0142ki banana i suszone wi\u015bnie. W\u0142\u0105cz mikser. Po chwili dodaj mro\u017cone owoce i wlej jogurt. Zmiksuj wszystko na krem. Sch\u0142od\u017a w lod\u00f3wce. Przelej do zimnych szklanek. Udekoruj listkami mi\u0119ty.<\/p>\n<p><strong>Smacznego !<\/strong><\/p>","protected":false},"featured_media":2741,"template":"","meta":[],"product_brand":[],"product_cat":[76],"product_tag":[],"class_list":{"0":"post-2740","1":"product","2":"type-product","3":"status-publish","4":"has-post-thumbnail","6":"product_cat-inspiracje-kulinarne","9":"first","10":"instock","11":"shipping-taxable","12":"product-type-simple"},"post_mailing_queue_ids":[],"_links":{"self":[{"href":"https:\/\/figand.com.pl\/en\/wp-json\/wp\/v2\/product\/2740","targetHints":{"allow":["GET"]}}],"collection":[{"href":"https:\/\/figand.com.pl\/en\/wp-json\/wp\/v2\/product"}],"about":[{"href":"https:\/\/figand.com.pl\/en\/wp-json\/wp\/v2\/types\/product"}],"wp:featuredmedia":[{"embeddable":true,"href":"https:\/\/figand.com.pl\/en\/wp-json\/wp\/v2\/media\/2741"}],"wp:attachment":[{"href":"https:\/\/figand.com.pl\/en\/wp-json\/wp\/v2\/media?parent=2740"}],"wp:term":[{"taxonomy":"product_brand","embeddable":true,"href":"https:\/\/figand.com.pl\/en\/wp-json\/wp\/v2\/product_brand?post=2740"},{"taxonomy":"product_cat","embeddable":true,"href":"https:\/\/figand.com.pl\/en\/wp-json\/wp\/v2\/product_cat?post=2740"},{"taxonomy":"product_tag","embeddable":true,"href":"https:\/\/figand.com.pl\/en\/wp-json\/wp\/v2\/product_tag?post=2740"}],"curies":[{"name":"wp","href":"https:\/\/api.w.org\/{rel}","templated":true}]}}