{"id":2742,"date":"2018-07-30T17:21:21","date_gmt":"2018-07-30T15:21:21","guid":{"rendered":"http:\/\/figand.com.pl\/?post_type=product&#038;p=2742"},"modified":"2018-07-30T17:42:13","modified_gmt":"2018-07-30T15:42:13","slug":"fit-owsianka-z-platkami-orzechami-i-owocami","status":"publish","type":"product","link":"https:\/\/figand.com.pl\/en\/product\/fit-owsianka-z-platkami-orzechami-i-owocami\/","title":{"rendered":"Fit owsianka z p\u0142atkami, orzechami i owocami"},"content":{"rendered":"","protected":false},"excerpt":{"rendered":"<div class=\"recipe-box clearfix\">\n<div class=\"recipe-info clearfix\">\n<div class=\"recipe-components\">\n<div class=\"text-header-medium\">Sk\u0142adniki<\/div>\n<ul class=\"components\">\n<li>Ma\u015blanka naturalna 0,5 % t\u0142uszczu &#8211; 240g (szklanka)<\/li>\n<li>P\u0142atki owsiane g\u00f3rskie &#8211; 30g (3 \u0142y\u017cki sto\u0142owe)<\/li>\n<li>Morele suszone &#8211; 20g (2 sztuki)<\/li>\n<li>Orzechy w\u0142oskie tarte &#8211; 10g (\u0142y\u017cka sto\u0142owa)<\/li>\n<li>Owoce sezonowe<\/li>\n<\/ul>\n<\/div>\n<\/div>\n<\/div>\n<div class=\"preparation-method\">\n<h4 class=\"text-header-medium\">\u00a0Spos\u00f3b przyrz\u0105dzenia<\/h4>\n<p><strong>KROK 1:<\/strong>\u00a0Ma\u015blank\u0119 wlej do miski, dodaj p\u0142atki owsiane, odstaw na 10 minut.<\/p>\n<p><strong>KROK 2:<\/strong>\u00a0Dodaj posiekane morele. Ca\u0142o\u015b\u0107 posyp orzechami. Przyozd\u00f3b owocami.<\/p>\n<p><em>Smacznego!<\/em><\/p>\n<\/div>","protected":false},"featured_media":2743,"template":"","meta":[],"product_brand":[],"product_cat":[76],"product_tag":[],"class_list":{"0":"post-2742","1":"product","2":"type-product","3":"status-publish","4":"has-post-thumbnail","6":"product_cat-inspiracje-kulinarne","9":"first","10":"instock","11":"shipping-taxable","12":"product-type-simple"},"post_mailing_queue_ids":[],"_links":{"self":[{"href":"https:\/\/figand.com.pl\/en\/wp-json\/wp\/v2\/product\/2742","targetHints":{"allow":["GET"]}}],"collection":[{"href":"https:\/\/figand.com.pl\/en\/wp-json\/wp\/v2\/product"}],"about":[{"href":"https:\/\/figand.com.pl\/en\/wp-json\/wp\/v2\/types\/product"}],"wp:featuredmedia":[{"embeddable":true,"href":"https:\/\/figand.com.pl\/en\/wp-json\/wp\/v2\/media\/2743"}],"wp:attachment":[{"href":"https:\/\/figand.com.pl\/en\/wp-json\/wp\/v2\/media?parent=2742"}],"wp:term":[{"taxonomy":"product_brand","embeddable":true,"href":"https:\/\/figand.com.pl\/en\/wp-json\/wp\/v2\/product_brand?post=2742"},{"taxonomy":"product_cat","embeddable":true,"href":"https:\/\/figand.com.pl\/en\/wp-json\/wp\/v2\/product_cat?post=2742"},{"taxonomy":"product_tag","embeddable":true,"href":"https:\/\/figand.com.pl\/en\/wp-json\/wp\/v2\/product_tag?post=2742"}],"curies":[{"name":"wp","href":"https:\/\/api.w.org\/{rel}","templated":true}]}}