{"id":2747,"date":"2018-07-30T17:25:21","date_gmt":"2018-07-30T15:25:21","guid":{"rendered":"http:\/\/figand.com.pl\/?post_type=product&#038;p=2747"},"modified":"2018-07-30T17:41:57","modified_gmt":"2018-07-30T15:41:57","slug":"aromatyczny-sos-czosnkowy","status":"publish","type":"product","link":"https:\/\/figand.com.pl\/en\/product\/aromatyczny-sos-czosnkowy\/","title":{"rendered":"Aromatyczny sos czosnkowy"},"content":{"rendered":"","protected":false},"excerpt":{"rendered":"<div class=\"col-xs-12 col-sm-4 col-md-4\">\n<div class=\"group-skladniki field-group-div\">\n<h3>SK\u0141ADNIKI<\/h3>\n<div class=\"field field-name-field-ilosc-porcji field-type-text field-label-hidden\">\u00a04 PORCJE<\/div>\n<div class=\"field field-name-field-skladniki field-type-text-long field-label-hidden\">\n<ul>\n<li>1\/2 z\u0105bka czosnku przeci\u015bni\u0119tego przez prask\u0119<\/li>\n<li>200 g g\u0119stej \u015bmietany 18% FigAnd Smaczna<\/li>\n<li>5 \u0142y\u017cek majonezu<\/li>\n<li>s\u00f3l<\/li>\n<li>zmielony bia\u0142y lub czarny pieprz<\/li>\n<\/ul>\n<\/div>\n<\/div>\n<\/div>\n<div class=\"col-xs-12 col-sm-8 col-md-8\">\n<div class=\"group-przepis field-group-div\">\n<h3 class=\"field-label\">PRZYGOTOWANIE<\/h3>\n<div class=\"field field-name-field-przygotowanie field-type-text-long field-label-above\">\n<p>Sk\u0142adniki wymiesza\u0107, doprawi\u0107 sol\u0105 i pieprzem (najlepiej bia\u0142ym ewentualnie czarnym).<\/p>\n<\/div>\n<\/div>\n<\/div>","protected":false},"featured_media":2745,"template":"","meta":[],"product_brand":[],"product_cat":[76],"product_tag":[],"class_list":{"0":"post-2747","1":"product","2":"type-product","3":"status-publish","4":"has-post-thumbnail","6":"product_cat-inspiracje-kulinarne","9":"first","10":"instock","11":"shipping-taxable","12":"product-type-simple"},"post_mailing_queue_ids":[],"_links":{"self":[{"href":"https:\/\/figand.com.pl\/en\/wp-json\/wp\/v2\/product\/2747","targetHints":{"allow":["GET"]}}],"collection":[{"href":"https:\/\/figand.com.pl\/en\/wp-json\/wp\/v2\/product"}],"about":[{"href":"https:\/\/figand.com.pl\/en\/wp-json\/wp\/v2\/types\/product"}],"wp:featuredmedia":[{"embeddable":true,"href":"https:\/\/figand.com.pl\/en\/wp-json\/wp\/v2\/media\/2745"}],"wp:attachment":[{"href":"https:\/\/figand.com.pl\/en\/wp-json\/wp\/v2\/media?parent=2747"}],"wp:term":[{"taxonomy":"product_brand","embeddable":true,"href":"https:\/\/figand.com.pl\/en\/wp-json\/wp\/v2\/product_brand?post=2747"},{"taxonomy":"product_cat","embeddable":true,"href":"https:\/\/figand.com.pl\/en\/wp-json\/wp\/v2\/product_cat?post=2747"},{"taxonomy":"product_tag","embeddable":true,"href":"https:\/\/figand.com.pl\/en\/wp-json\/wp\/v2\/product_tag?post=2747"}],"curies":[{"name":"wp","href":"https:\/\/api.w.org\/{rel}","templated":true}]}}