{"id":2748,"date":"2018-07-30T17:36:17","date_gmt":"2018-07-30T15:36:17","guid":{"rendered":"http:\/\/figand.com.pl\/?post_type=product&#038;p=2748"},"modified":"2018-07-30T17:41:23","modified_gmt":"2018-07-30T15:41:23","slug":"2748","status":"publish","type":"product","link":"https:\/\/figand.com.pl\/en\/product\/2748\/","title":{"rendered":"Puszysty sernik z sera twarogowego 100%"},"content":{"rendered":"","protected":false},"excerpt":{"rendered":"<p>Sk\u0142adniki na ciasto:<\/p>\n<ul>\n<li>2 szklanki m\u0105ki<\/li>\n<li>2 ca\u0142e jajka<\/li>\n<li>2 \u0142y\u017ceczki proszku do pieczenia<\/li>\n<li>3\/4 kostki margaryny<\/li>\n<li>3\/4 szklanki cukru<\/li>\n<\/ul>\n<p>Sk\u0142adniki na mas\u0119 twarogow\u0105:<\/p>\n<ul>\n<li>1kg sera twarogowego FigAnd 100%<\/li>\n<li>1 i 1\/3 szklanki cukru<\/li>\n<li>2 budynie waniliowe<\/li>\n<li>2 szklanki mleka<\/li>\n<li>1\/2 szklanki oleju<\/li>\n<li>7 jajek<\/li>\n<li>rodzynki<\/li>\n<li>zapach wg uznania<\/li>\n<li>polewa czekoladowa<\/li>\n<\/ul>\n<p>&nbsp;<\/p>\n<p>Wszystkie sk\u0142adniki na ciasto razem zagnie\u015b\u0107 i wy\u0142o\u017cy\u0107 na sp\u00f3d blaszki. 7 \u017c\u00f3\u0142tek oddzieli\u0107 od bia\u0142ek. Do \u017c\u00f3\u0142tek doda\u0107 cukier i ubi\u0107 do bia\u0142o\u015bci. Do nich doda\u0107 pozosta\u0142e sk\u0142adniki. Na ko\u0144cu ubijamy pian\u0119 z 7 bia\u0142ek. Uwaga- zmiesza\u0107 dok\u0142adnie z mas\u0105 twarogow\u0105, ale delikatnie \u0142y\u017ck\u0105 i wyla\u0107 na ciasto. Piec w temp. 180 stopni C przez oko\u0142o 1h. Nast\u0119pnie wy\u0142\u0105czy\u0107 piekarnik, a sernik pozostawi\u0107 na troszk\u0119 w piekarniku. Po ostygni\u0119ciu pola\u0107 polew\u0105 czekoladow\u0105. I tak powstanie pyszny puszysty sernik!<\/p>","protected":false},"featured_media":2614,"template":"","meta":[],"product_brand":[],"product_cat":[76],"product_tag":[],"class_list":{"0":"post-2748","1":"product","2":"type-product","3":"status-publish","4":"has-post-thumbnail","6":"product_cat-inspiracje-kulinarne","9":"first","10":"instock","11":"shipping-taxable","12":"product-type-simple"},"post_mailing_queue_ids":[],"_links":{"self":[{"href":"https:\/\/figand.com.pl\/en\/wp-json\/wp\/v2\/product\/2748","targetHints":{"allow":["GET"]}}],"collection":[{"href":"https:\/\/figand.com.pl\/en\/wp-json\/wp\/v2\/product"}],"about":[{"href":"https:\/\/figand.com.pl\/en\/wp-json\/wp\/v2\/types\/product"}],"wp:featuredmedia":[{"embeddable":true,"href":"https:\/\/figand.com.pl\/en\/wp-json\/wp\/v2\/media\/2614"}],"wp:attachment":[{"href":"https:\/\/figand.com.pl\/en\/wp-json\/wp\/v2\/media?parent=2748"}],"wp:term":[{"taxonomy":"product_brand","embeddable":true,"href":"https:\/\/figand.com.pl\/en\/wp-json\/wp\/v2\/product_brand?post=2748"},{"taxonomy":"product_cat","embeddable":true,"href":"https:\/\/figand.com.pl\/en\/wp-json\/wp\/v2\/product_cat?post=2748"},{"taxonomy":"product_tag","embeddable":true,"href":"https:\/\/figand.com.pl\/en\/wp-json\/wp\/v2\/product_tag?post=2748"}],"curies":[{"name":"wp","href":"https:\/\/api.w.org\/{rel}","templated":true}]}}