{"id":2751,"date":"2018-07-31T13:02:23","date_gmt":"2018-07-31T11:02:23","guid":{"rendered":"http:\/\/figand.com.pl\/?post_type=product&#038;p=2751"},"modified":"2018-12-05T13:16:25","modified_gmt":"2018-12-05T12:16:25","slug":"2751","status":"publish","type":"product","link":"https:\/\/figand.com.pl\/en\/product\/2751\/","title":{"rendered":"Jogurt naturalny TYP GRECKI 10%"},"content":{"rendered":"","protected":false},"excerpt":{"rendered":"<div>\n<div class=\"width50 floatright\">\n<div class=\"spacer-buy-area\">\n<div class=\"product-fields\">\n<div class=\"product-field product-field-type-P\">\n<div><span class=\"product-fields-title\">Informacje o produkcie<\/span><\/div>\n<div><\/div>\n<\/div>\n<div class=\"product-field product-field-type-S\">\n<div><span class=\"product-fields-title\">Opakowanie jednostkowe:\u00a0 \u00a0 \u00a03kg\/ 5kg\/<\/span><span class=\"product-field-display\">10 kg wiadro<\/span><\/div>\n<\/div>\n<div class=\"product-field product-field-type-S\">\n<div><span class=\"product-fields-title\">Opakowanie zbiorcze:\u00a0 \u00a0 \u00a0 \u00a0 \u00a0 \u00a0 \u00a0<\/span><span class=\"product-field-display\">1 paleta: 120 wiader x 3kg\/ 100 wiader x 5kg\/ 55 wiader x 10 kg<\/span><\/div>\n<\/div>\n<div class=\"product-field product-field-type-S\">\n<div><span class=\"product-fields-title\">Termin przydatno\u015bci:\u00a0 \u00a0 \u00a0 \u00a0 \u00a0 \u00a0 \u00a0\u00a0<\/span><span class=\"product-field-display\">21 dni<\/span><\/div>\n<\/div>\n<\/div>\n<\/div>\n<\/div>\n<div class=\"clear\"><\/div>\n<\/div>\n<div class=\"product-description\">\n<p><span class=\"title\">Szczeg\u00f3\u0142y produktu<\/span><\/p>\n<p><strong>Jogurt naturalny TYP GRECKI 10%<\/strong><\/p>\n<p>Jogurt typu greckiego ma wyj\u0105tkowo g\u0119st\u0105, kremow\u0105 konsystencje, a jego smak jest intensywny i\u00a0 kwaskowaty.<\/p>\n<p>Jest bardzo smaczny jako dodatek do sa\u0142atek, mizerii, sprawdza si\u0119 tak\u017ce w deserach, a ponadto stanowi idealn\u0105 baz\u0119 do r\u00f3\u017cnego rodzaju sos\u00f3w i dip\u00f3w.<\/p>\n<p><strong>SK\u0141ADNIKI<\/strong>: \u015bmietanka (z\u00a0<strong>mleka<\/strong>),\u00a0<strong>mleko<\/strong>\u00a0w proszku, bia\u0142ka<strong>\u00a0mleka<\/strong>, \u017cywe kultury bakterii jogurtowych.<\/p>\n<p>Dost\u0119pne w wiadrach 3kg, 5kg lub 10kg.<\/p>\n<\/div>","protected":false},"featured_media":2771,"template":"","meta":[],"product_brand":[],"product_cat":[73],"product_tag":[],"class_list":{"0":"post-2751","1":"product","2":"type-product","3":"status-publish","4":"has-post-thumbnail","6":"product_cat-produkty-cukiernicze-i-cateringowe","9":"first","10":"instock","11":"shipping-taxable","12":"product-type-simple"},"post_mailing_queue_ids":[],"_links":{"self":[{"href":"https:\/\/figand.com.pl\/en\/wp-json\/wp\/v2\/product\/2751","targetHints":{"allow":["GET"]}}],"collection":[{"href":"https:\/\/figand.com.pl\/en\/wp-json\/wp\/v2\/product"}],"about":[{"href":"https:\/\/figand.com.pl\/en\/wp-json\/wp\/v2\/types\/product"}],"wp:featuredmedia":[{"embeddable":true,"href":"https:\/\/figand.com.pl\/en\/wp-json\/wp\/v2\/media\/2771"}],"wp:attachment":[{"href":"https:\/\/figand.com.pl\/en\/wp-json\/wp\/v2\/media?parent=2751"}],"wp:term":[{"taxonomy":"product_brand","embeddable":true,"href":"https:\/\/figand.com.pl\/en\/wp-json\/wp\/v2\/product_brand?post=2751"},{"taxonomy":"product_cat","embeddable":true,"href":"https:\/\/figand.com.pl\/en\/wp-json\/wp\/v2\/product_cat?post=2751"},{"taxonomy":"product_tag","embeddable":true,"href":"https:\/\/figand.com.pl\/en\/wp-json\/wp\/v2\/product_tag?post=2751"}],"curies":[{"name":"wp","href":"https:\/\/api.w.org\/{rel}","templated":true}]}}