{"id":2752,"date":"2018-07-31T13:04:52","date_gmt":"2018-07-31T11:04:52","guid":{"rendered":"http:\/\/figand.com.pl\/?post_type=product&#038;p=2752"},"modified":"2024-07-31T10:41:14","modified_gmt":"2024-07-31T08:41:14","slug":"jogurt-naturalny-typ-turecki-3-tluszczu","status":"publish","type":"product","link":"https:\/\/figand.com.pl\/en\/product\/jogurt-naturalny-typ-turecki-3-tluszczu\/","title":{"rendered":"Jogurt naturalny TYP TURECKI 3% t\u0142uszczu"},"content":{"rendered":"","protected":false},"excerpt":{"rendered":"<div>\n<div class=\"width50 floatright\">\n<div class=\"spacer-buy-area\">\n<div class=\"product-fields\">\n<div class=\"product-field product-field-type-P\">\n<div><span class=\"product-fields-title\">Informacje o produkcie<\/span><\/div>\n<div><\/div>\n<\/div>\n<div class=\"product-field product-field-type-S\">\n<div><span class=\"product-fields-title\">Opakowanie jednostkowe:\u00a0 \u00a0 \u00a0 5kg \/<\/span><span class=\"product-field-display\">10 kg wiadro<\/span><\/div>\n<\/div>\n<div class=\"product-field product-field-type-S\">\n<div><span class=\"product-fields-title\">Opakowanie zbiorcze:\u00a0 \u00a0 \u00a0 \u00a0 \u00a0 \u00a0 \u00a0 <\/span><span class=\"product-field-display\">100 wiader x 5kg \/55 wiader x 10 kg<\/span><\/div>\n<\/div>\n<div class=\"product-field product-field-type-S\">\n<div><span class=\"product-fields-title\">Termin przydatno\u015bci:\u00a0 \u00a0 \u00a0 \u00a0 \u00a0 \u00a0 \u00a0 \u00a0<\/span><span class=\"product-field-display\">21 dni<\/span><\/div>\n<\/div>\n<\/div>\n<\/div>\n<\/div>\n<div class=\"clear\"><\/div>\n<\/div>\n<div class=\"product-description\">\n<p><span class=\"title\">Szczeg\u00f3\u0142y produktu<\/span><\/p>\n<p><strong>Jogurt naturalny TYP TURECKI 3% t\u0142uszczu<\/strong><\/p>\n<p>Jest on \u017ar\u00f3d\u0142em naturalnie wyst\u0119puj\u0105cego wapnia oraz pe\u0142nowarto\u015bciowego bia\u0142ka pochodz\u0105cego z mleka. Dzi\u0119ki niskiej kaloryczno\u015bci oraz naturalnym sk\u0142adnikom jogurt naturalny jest wa\u017cnym elementem zdrowej diety.<\/p>\n<p>Zastosowanie jogurtu w kuchni jest wszechstronne. Mo\u017ce by\u0107 spo\u017cywany zar\u00f3wno bez dodatk\u00f3w, jak i z dodatkiem \u015bwie\u017cych owoc\u00f3w, p\u0142atk\u00f3w zbo\u017cowych czy bakalii. Doskonale sprawdza si\u0119 jako dodatek do sa\u0142atek, sos\u00f3w czy deser\u00f3w.<\/p>\n<p><strong>SK\u0141ADNIKI<\/strong>:\u00a0<strong>mleko<\/strong>\u00a0pasteryzowane cz\u0119\u015bciowo odt\u0142uszczone, bia\u0142ka\u00a0<strong>mleka<\/strong>, odt\u0142uszczone<strong>\u00a0mleko<\/strong>\u00a0w proszku, \u017cywe kultury bakterii jogurtowych.<\/p>\n<p>Dost\u0119pny w wiadrach 3kg, 5kg lub 10kg.<\/p>\n<\/div>","protected":false},"featured_media":2753,"template":"","meta":[],"product_brand":[],"product_cat":[73],"product_tag":[],"class_list":{"0":"post-2752","1":"product","2":"type-product","3":"status-publish","4":"has-post-thumbnail","6":"product_cat-produkty-cukiernicze-i-cateringowe","9":"first","10":"instock","11":"shipping-taxable","12":"product-type-simple"},"post_mailing_queue_ids":[],"_links":{"self":[{"href":"https:\/\/figand.com.pl\/en\/wp-json\/wp\/v2\/product\/2752","targetHints":{"allow":["GET"]}}],"collection":[{"href":"https:\/\/figand.com.pl\/en\/wp-json\/wp\/v2\/product"}],"about":[{"href":"https:\/\/figand.com.pl\/en\/wp-json\/wp\/v2\/types\/product"}],"wp:featuredmedia":[{"embeddable":true,"href":"https:\/\/figand.com.pl\/en\/wp-json\/wp\/v2\/media\/2753"}],"wp:attachment":[{"href":"https:\/\/figand.com.pl\/en\/wp-json\/wp\/v2\/media?parent=2752"}],"wp:term":[{"taxonomy":"product_brand","embeddable":true,"href":"https:\/\/figand.com.pl\/en\/wp-json\/wp\/v2\/product_brand?post=2752"},{"taxonomy":"product_cat","embeddable":true,"href":"https:\/\/figand.com.pl\/en\/wp-json\/wp\/v2\/product_cat?post=2752"},{"taxonomy":"product_tag","embeddable":true,"href":"https:\/\/figand.com.pl\/en\/wp-json\/wp\/v2\/product_tag?post=2752"}],"curies":[{"name":"wp","href":"https:\/\/api.w.org\/{rel}","templated":true}]}}