{"id":2808,"date":"2018-08-06T12:01:40","date_gmt":"2018-08-06T10:01:40","guid":{"rendered":"http:\/\/figand.com.pl\/?post_type=product&#038;p=2808"},"modified":"2024-10-21T15:08:34","modified_gmt":"2024-10-21T13:08:34","slug":"nadzienie-twarogowe-seromiks-waniliowy","status":"publish","type":"product","link":"https:\/\/figand.com.pl\/en\/product\/nadzienie-twarogowe-seromiks-waniliowy\/","title":{"rendered":"Nadzienie twarogowe SEROMIKS waniliowy"},"content":{"rendered":"","protected":false},"excerpt":{"rendered":"<div>\n<div class=\"width50 floatright\">\n<div class=\"spacer-buy-area\">\n<div class=\"product-fields\">\n<div class=\"product-field product-field-type-P\">\n<div><span class=\"product-fields-title\">Informacje o produkcie<\/span><\/div>\n<div><\/div>\n<\/div>\n<div class=\"product-field product-field-type-S\">\n<div><span class=\"product-fields-title\">Opakowanie jednostkowe:\u00a0 \u00a0 \u00a0 \u00a0<\/span><span class=\"product-field-display\">11 kg wiadro<\/span><\/div>\n<\/div>\n<div class=\"product-field product-field-type-S\">\n<div><span class=\"product-fields-title\">Opakowanie zbiorcze:\u00a0 \u00a0 \u00a0 \u00a0 \u00a0 \u00a0 \u00a0 \u00a0<\/span><span class=\"product-field-display\">1 paleta 55 wiader x 11kg<\/span><\/div>\n<\/div>\n<div class=\"product-field product-field-type-S\">\n<div><span class=\"product-fields-title\">Termin przydatno\u015bci:\u00a0 \u00a0 \u00a0 \u00a0 \u00a0 \u00a0 \u00a0 \u00a0 9<\/span><span class=\"product-field-display\">0 dni<\/span><\/div>\n<\/div>\n<\/div>\n<\/div>\n<\/div>\n<div class=\"clear\"><\/div>\n<\/div>\n<div class=\"product-description\">\n<p><span class=\"title\">Szczeg\u00f3\u0142y produktu<\/span><\/p>\n<p><strong>Nadzienie twarogowe SEROMIKS waniliowy<\/strong><\/p>\n<p><strong>SMAK<\/strong>: waniliowy<\/p>\n<p><strong>WYGL\u0104D<\/strong>: struktura twarogowa, kolor \u017c\u00f3\u0142ty<\/p>\n<p><strong>ZASTOSOWANIE<\/strong>: do zapiekania zewn\u0119trznego, bu\u0142ka s\u0142odka, ciasto dro\u017cd\u017cowe, francuskie, p\u00f3\u0142francuskie<\/p>\n<p><strong>ZALETY<\/strong>:\u00a0gotowe do u\u017cycia prosto z wiaderka, sk\u0142ad kompletny, nadaje si\u0119 do mro\u017cenia i odpiekania, stablino\u015b\u0107 podczas zapiekania<\/p>\n<p>&nbsp;<\/p>\n<\/div>","protected":false},"featured_media":4267,"template":"","meta":[],"product_brand":[],"product_cat":[73],"product_tag":[],"class_list":{"0":"post-2808","1":"product","2":"type-product","3":"status-publish","4":"has-post-thumbnail","6":"product_cat-produkty-cukiernicze-i-cateringowe","9":"first","10":"instock","11":"shipping-taxable","12":"product-type-simple"},"post_mailing_queue_ids":[],"_links":{"self":[{"href":"https:\/\/figand.com.pl\/en\/wp-json\/wp\/v2\/product\/2808","targetHints":{"allow":["GET"]}}],"collection":[{"href":"https:\/\/figand.com.pl\/en\/wp-json\/wp\/v2\/product"}],"about":[{"href":"https:\/\/figand.com.pl\/en\/wp-json\/wp\/v2\/types\/product"}],"wp:featuredmedia":[{"embeddable":true,"href":"https:\/\/figand.com.pl\/en\/wp-json\/wp\/v2\/media\/4267"}],"wp:attachment":[{"href":"https:\/\/figand.com.pl\/en\/wp-json\/wp\/v2\/media?parent=2808"}],"wp:term":[{"taxonomy":"product_brand","embeddable":true,"href":"https:\/\/figand.com.pl\/en\/wp-json\/wp\/v2\/product_brand?post=2808"},{"taxonomy":"product_cat","embeddable":true,"href":"https:\/\/figand.com.pl\/en\/wp-json\/wp\/v2\/product_cat?post=2808"},{"taxonomy":"product_tag","embeddable":true,"href":"https:\/\/figand.com.pl\/en\/wp-json\/wp\/v2\/product_tag?post=2808"}],"curies":[{"name":"wp","href":"https:\/\/api.w.org\/{rel}","templated":true}]}}