{"id":2813,"date":"2018-08-06T12:22:30","date_gmt":"2018-08-06T10:22:30","guid":{"rendered":"http:\/\/figand.com.pl\/?post_type=product&#038;p=2813"},"modified":"2022-04-19T11:34:11","modified_gmt":"2022-04-19T09:34:11","slug":"klasyczny-na-serniki","status":"publish","type":"product","link":"https:\/\/figand.com.pl\/en\/product\/klasyczny-na-serniki\/","title":{"rendered":"KLASYCZNY NA SERNIKI"},"content":{"rendered":"","protected":false},"excerpt":{"rendered":"<div>\n<div class=\"width50 floatright\">\n<div class=\"spacer-buy-area\">\n<div class=\"product-fields\">\n<div class=\"product-field product-field-type-P\">\n<div><span class=\"product-fields-title\">Informacje o produkcie<\/span><\/div>\n<div><\/div>\n<\/div>\n<div class=\"product-field product-field-type-S\">\n<div><span class=\"product-fields-title\">Opakowanie jednostkowe:\u00a0 \u00a0 \u00a0 \u00a0<\/span><span class=\"product-field-display\">11kg wiadro<\/span><\/div>\n<\/div>\n<div class=\"product-field product-field-type-S\">\n<div><span class=\"product-fields-title\">Opakowanie zbiorcze:\u00a0 \u00a0 \u00a0 \u00a0 \u00a0 \u00a0 \u00a0 \u00a0<\/span><span class=\"product-field-display\">55 wiader x 10kg<\/span><\/div>\n<\/div>\n<div class=\"product-field product-field-type-S\">\n<div><span class=\"product-fields-title\">Termin przydatno\u015bci:\u00a0 \u00a0 \u00a0 \u00a0 \u00a0 \u00a0 \u00a0 \u00a0 9<\/span><span class=\"product-field-display\">0 dni<\/span><\/div>\n<\/div>\n<\/div>\n<\/div>\n<\/div>\n<div class=\"clear\"><\/div>\n<\/div>\n<div class=\"product-description\">\n<p><span class=\"title\">Szczeg\u00f3\u0142y produktu<\/span><\/p>\n<p><strong>KLASYCZNY NA SERNIKI<\/strong><\/p>\n<p><strong>SMAK<\/strong>: twarogowy, delikatny<\/p>\n<p><strong>WYGL\u0104D<\/strong>: struktura g\u0142adka, kolor kremowy<\/p>\n<p><strong>ZASTOSOWANIE<\/strong>: idealny do wypieku sernik\u00f3w.<\/p>\n<p><strong>SK\u0141AD:<\/strong> Sk\u0142adniki wed\u0142ug specyfikacji produktu. Produkt do dalszego przerobu.<\/p>\n<p><em>Klasyczny na Serniki<\/em> posiada walory smakowe i kulinarne prawie identyczne jak ser twarogowy sernikowy, jednak\u017ce dodatek olej\u00f3w ro\u015blinnych, kt\u00f3re wzbogacaj\u0105 go o lepsz\u0105 stabilno\u015bci termiczn\u0105, sprawia, \u017ce produkt pozostaje d\u0142u\u017cej w zwartej konsystencji\u00a0 i idealnie zachowuje si\u0119 w gor\u0105cych temperaturach przy pieczeniu. Smak \u00a0jest wyrazisty, a konsystencja g\u0119sta i jednolita.<\/p>\n<\/div>","protected":false},"featured_media":3569,"template":"","meta":[],"product_brand":[],"product_cat":[73],"product_tag":[],"class_list":{"0":"post-2813","1":"product","2":"type-product","3":"status-publish","4":"has-post-thumbnail","6":"product_cat-produkty-cukiernicze-i-cateringowe","9":"first","10":"instock","11":"shipping-taxable","12":"product-type-simple"},"post_mailing_queue_ids":[],"_links":{"self":[{"href":"https:\/\/figand.com.pl\/en\/wp-json\/wp\/v2\/product\/2813","targetHints":{"allow":["GET"]}}],"collection":[{"href":"https:\/\/figand.com.pl\/en\/wp-json\/wp\/v2\/product"}],"about":[{"href":"https:\/\/figand.com.pl\/en\/wp-json\/wp\/v2\/types\/product"}],"wp:featuredmedia":[{"embeddable":true,"href":"https:\/\/figand.com.pl\/en\/wp-json\/wp\/v2\/media\/3569"}],"wp:attachment":[{"href":"https:\/\/figand.com.pl\/en\/wp-json\/wp\/v2\/media?parent=2813"}],"wp:term":[{"taxonomy":"product_brand","embeddable":true,"href":"https:\/\/figand.com.pl\/en\/wp-json\/wp\/v2\/product_brand?post=2813"},{"taxonomy":"product_cat","embeddable":true,"href":"https:\/\/figand.com.pl\/en\/wp-json\/wp\/v2\/product_cat?post=2813"},{"taxonomy":"product_tag","embeddable":true,"href":"https:\/\/figand.com.pl\/en\/wp-json\/wp\/v2\/product_tag?post=2813"}],"curies":[{"name":"wp","href":"https:\/\/api.w.org\/{rel}","templated":true}]}}