{"id":2815,"date":"2018-08-06T12:28:19","date_gmt":"2018-08-06T10:28:19","guid":{"rendered":"http:\/\/figand.com.pl\/?post_type=product&#038;p=2815"},"modified":"2024-10-21T15:15:28","modified_gmt":"2024-10-21T13:15:28","slug":"nadzienie-twarogowe-premium-nowosc","status":"publish","type":"product","link":"https:\/\/figand.com.pl\/en\/product\/nadzienie-twarogowe-premium-nowosc\/","title":{"rendered":"Nadzienie twarogowe PREMIUM &#8211; Nowo\u015b\u0107!"},"content":{"rendered":"","protected":false},"excerpt":{"rendered":"<div>\n<div class=\"width50 floatright\">\n<div class=\"spacer-buy-area\">\n<div class=\"product-fields\">\n<div class=\"product-field product-field-type-P\">\n<div><span class=\"product-fields-title\">Informacje o produkcie<\/span><\/div>\n<div><\/div>\n<\/div>\n<div class=\"product-field product-field-type-S\">\n<div><span class=\"product-fields-title\">Opakowanie jednostkowe:\u00a0 \u00a0 \u00a0 \u00a0<\/span><span class=\"product-field-display\">11 kg wiadro<\/span><\/div>\n<\/div>\n<div class=\"product-field product-field-type-S\">\n<div><span class=\"product-fields-title\">Opakowanie zbiorcze:\u00a0 \u00a0 \u00a0 \u00a0 \u00a0 \u00a0 \u00a0 \u00a0<\/span><span class=\"product-field-display\">1 paleta 55 wiader x 11kg<\/span><\/div>\n<\/div>\n<div class=\"product-field product-field-type-S\">\n<div><span class=\"product-fields-title\">Termin przydatno\u015bci:\u00a0 \u00a0 \u00a0 \u00a0 \u00a0 \u00a0 \u00a0 \u00a0 9<\/span><span class=\"product-field-display\">0 dni<\/span><\/div>\n<\/div>\n<\/div>\n<\/div>\n<\/div>\n<div class=\"clear\"><\/div>\n<\/div>\n<div class=\"product-description\">\n<p><span class=\"title\">Szczeg\u00f3\u0142y produktu<\/span><\/p>\n<p><strong>Nadzienie twarogowe PREMIUM 75% twarogu<\/strong><\/p>\n<p><strong>SMAK<\/strong>: waniliowy<\/p>\n<p><strong>WYGL\u0104D<\/strong>:\u00a0struktura twarogowa, kolor kremowy<\/p>\n<p><strong>ZASTOSOWANIE<\/strong>:\u00a0Zapiek zewn\u0119trzny i wewn\u0119trzny, mro\u017cenie ,odpiekanie, bu\u0142ka s\u0142odka- ciasto dro\u017cd\u017cowe, rogaliki- ciasto francuskie , babeczki- ciasto kruche, ciasta, nale\u015bniki.<\/p>\n<p>&nbsp;<\/p>\n<\/div>","protected":false},"featured_media":4269,"template":"","meta":[],"product_brand":[],"product_cat":[73],"product_tag":[],"class_list":{"0":"post-2815","1":"product","2":"type-product","3":"status-publish","4":"has-post-thumbnail","6":"product_cat-produkty-cukiernicze-i-cateringowe","9":"first","10":"instock","11":"shipping-taxable","12":"product-type-simple"},"post_mailing_queue_ids":[],"_links":{"self":[{"href":"https:\/\/figand.com.pl\/en\/wp-json\/wp\/v2\/product\/2815","targetHints":{"allow":["GET"]}}],"collection":[{"href":"https:\/\/figand.com.pl\/en\/wp-json\/wp\/v2\/product"}],"about":[{"href":"https:\/\/figand.com.pl\/en\/wp-json\/wp\/v2\/types\/product"}],"wp:featuredmedia":[{"embeddable":true,"href":"https:\/\/figand.com.pl\/en\/wp-json\/wp\/v2\/media\/4269"}],"wp:attachment":[{"href":"https:\/\/figand.com.pl\/en\/wp-json\/wp\/v2\/media?parent=2815"}],"wp:term":[{"taxonomy":"product_brand","embeddable":true,"href":"https:\/\/figand.com.pl\/en\/wp-json\/wp\/v2\/product_brand?post=2815"},{"taxonomy":"product_cat","embeddable":true,"href":"https:\/\/figand.com.pl\/en\/wp-json\/wp\/v2\/product_cat?post=2815"},{"taxonomy":"product_tag","embeddable":true,"href":"https:\/\/figand.com.pl\/en\/wp-json\/wp\/v2\/product_tag?post=2815"}],"curies":[{"name":"wp","href":"https:\/\/api.w.org\/{rel}","templated":true}]}}