{"id":2817,"date":"2018-08-06T12:31:50","date_gmt":"2018-08-06T10:31:50","guid":{"rendered":"http:\/\/figand.com.pl\/?post_type=product&#038;p=2817"},"modified":"2024-10-21T15:13:41","modified_gmt":"2024-10-21T13:13:41","slug":"termostabilne-kremy-cremix-4-smaki","status":"publish","type":"product","link":"https:\/\/figand.com.pl\/en\/product\/termostabilne-kremy-cremix-4-smaki\/","title":{"rendered":"Termostabilne kremy CREMIX &#8211; 4 smaki!"},"content":{"rendered":"<div>\n<div class=\"width50 floatright\">\n<div class=\"spacer-buy-area\">\n<div class=\"product-fields\">\n<div class=\"product-field product-field-type-P\"><\/div>\n<\/div>\n<\/div>\n<\/div>\n<\/div>\n<div class=\"product-description\">\n<p>&nbsp;<\/p>\n<\/div>","protected":false},"excerpt":{"rendered":"<div>\n<div class=\"width50 floatright\">\n<div class=\"spacer-buy-area\">\n<div class=\"product-fields\">\n<div class=\"product-field product-field-type-P\">\n<div><span class=\"product-fields-title\">Informacje o produkcie<\/span><\/div>\n<div><\/div>\n<\/div>\n<div class=\"product-field product-field-type-S\">\n<div><span class=\"product-fields-title\">Opakowanie jednostkowe:\u00a0 \u00a0 \u00a0 \u00a0<\/span><span class=\"product-field-display\">13 kg wiadro<\/span><\/div>\n<\/div>\n<div class=\"product-field product-field-type-S\">\n<div><span class=\"product-fields-title\">Opakowanie zbiorcze:\u00a0 \u00a0 \u00a0 \u00a0 \u00a0 \u00a0 \u00a0 \u00a0<\/span><span class=\"product-field-display\">1 paleta 44 wiader x 13kg<\/span><\/div>\n<\/div>\n<div class=\"product-field product-field-type-S\">\n<div><span class=\"product-fields-title\">Termin przydatno\u015bci:\u00a0 \u00a0 \u00a0 \u00a0 \u00a0 \u00a0 \u00a0 \u00a0\u00a0<\/span><span class=\"product-field-display\">6 miesi\u0119cy<\/span><\/div>\n<\/div>\n<\/div>\n<\/div>\n<\/div>\n<div class=\"clear\"><\/div>\n<\/div>\n<div class=\"product-description\">\n<p><span class=\"title\">Szczeg\u00f3\u0142y produktu<\/span><\/p>\n<p><strong>Termostabilne kremy CREMIX &#8211; 4 smaki<\/strong><\/p>\n<p><strong>SMAK<\/strong>: czekolada\/ wanilia\/ advokat\/ toffi<\/p>\n<p><strong>WYGL\u0104D<\/strong>: struktura kremowa, g\u0142adka<\/p>\n<p><strong>ZASTOSOWANIE<\/strong>: na zimno, szprycowanie p\u0105czk\u00f3w, rogalik\u00f3w, babeczek &#8211; ciasto dro\u017cd\u017cowe, francuskie, biszkoptowe- t\u0142uszczowe, zapiek zewn\u0119trzny i wewn\u0119trzny, mro\u017cenie i odpiekanie, po\u0142\u0105czone z margaryn\u0105, \u015bmietank\u0105 ro\u015blinn\u0105 oraz zwierz\u0119c\u0105 tworz\u0105 puszyste kremy<\/p>\n<p><strong>ZALETY<\/strong>: gotowe do u\u017cycia prosto z wiaderka, sk\u0142ad kompletny, nadaje si\u0119 do mro\u017cenia i odpiekania, stablino\u015b\u0107 podczas zapiekania<\/p>\n<p>&nbsp;<\/p>\n<\/div>","protected":false},"featured_media":4265,"template":"","meta":[],"product_brand":[],"product_cat":[73],"product_tag":[],"class_list":{"0":"post-2817","1":"product","2":"type-product","3":"status-publish","4":"has-post-thumbnail","6":"product_cat-produkty-cukiernicze-i-cateringowe","9":"first","10":"instock","11":"shipping-taxable","12":"product-type-simple"},"post_mailing_queue_ids":[],"_links":{"self":[{"href":"https:\/\/figand.com.pl\/en\/wp-json\/wp\/v2\/product\/2817","targetHints":{"allow":["GET"]}}],"collection":[{"href":"https:\/\/figand.com.pl\/en\/wp-json\/wp\/v2\/product"}],"about":[{"href":"https:\/\/figand.com.pl\/en\/wp-json\/wp\/v2\/types\/product"}],"wp:featuredmedia":[{"embeddable":true,"href":"https:\/\/figand.com.pl\/en\/wp-json\/wp\/v2\/media\/4265"}],"wp:attachment":[{"href":"https:\/\/figand.com.pl\/en\/wp-json\/wp\/v2\/media?parent=2817"}],"wp:term":[{"taxonomy":"product_brand","embeddable":true,"href":"https:\/\/figand.com.pl\/en\/wp-json\/wp\/v2\/product_brand?post=2817"},{"taxonomy":"product_cat","embeddable":true,"href":"https:\/\/figand.com.pl\/en\/wp-json\/wp\/v2\/product_cat?post=2817"},{"taxonomy":"product_tag","embeddable":true,"href":"https:\/\/figand.com.pl\/en\/wp-json\/wp\/v2\/product_tag?post=2817"}],"curies":[{"name":"wp","href":"https:\/\/api.w.org\/{rel}","templated":true}]}}