{"id":2818,"date":"2018-08-06T12:35:48","date_gmt":"2018-08-06T10:35:48","guid":{"rendered":"http:\/\/figand.com.pl\/?post_type=product&#038;p=2818"},"modified":"2018-12-13T12:12:17","modified_gmt":"2018-12-13T11:12:17","slug":"serek-homogenizowany-waniliowy","status":"publish","type":"product","link":"https:\/\/figand.com.pl\/en\/product\/serek-homogenizowany-waniliowy\/","title":{"rendered":"Serek homogenizowany o smaku waniliowym"},"content":{"rendered":"","protected":false},"excerpt":{"rendered":"<div>\n<div class=\"width50 floatright\">\n<div class=\"spacer-buy-area\">\n<div class=\"product-fields\">\n<div class=\"product-field product-field-type-P\">\n<div><span class=\"product-fields-title\">Informacje o produkcie<\/span><\/div>\n<div><\/div>\n<\/div>\n<div class=\"product-field product-field-type-S\">\n<div><span class=\"product-fields-title\">Opakowanie jednostkowe:\u00a0 \u00a0 \u00a0 \u00a05<\/span><span class=\"product-field-display\">\u00a0kg wiadro<\/span><\/div>\n<\/div>\n<div class=\"product-field product-field-type-S\">\n<div><span class=\"product-fields-title\">Opakowanie zbiorcze:\u00a0 \u00a0 \u00a0 \u00a0 \u00a0 \u00a0 \u00a0 \u00a0<\/span><span class=\"product-field-display\">1 paleta 100 wiader x 5kg<\/span><\/div>\n<\/div>\n<div class=\"product-field product-field-type-S\">\n<div><span class=\"product-fields-title\">Termin przydatno\u015bci:\u00a0 \u00a0 \u00a0 \u00a0 \u00a0 \u00a0 \u00a0 \u00a0 21<\/span><span class=\"product-field-display\">\u00a0dni<\/span><\/div>\n<\/div>\n<\/div>\n<\/div>\n<\/div>\n<div class=\"clear\"><\/div>\n<\/div>\n<div class=\"product-description\">\n<p><span class=\"title\">Szczeg\u00f3\u0142y produktu<\/span><\/p>\n<p><strong>Serek homogenizowany o smaku waniliowym<\/strong><\/p>\n<p><strong>SMAK<\/strong>: waniliowy<\/p>\n<p><strong>WYGL\u0104D<\/strong>: struktura kremowa, g\u0142adka<\/p>\n<p><strong>ZALETY<\/strong>: gotowe do u\u017cycia prosto z wiaderka, sk\u0142ad kompletny<\/p>\n<p class=\"tekst\"><strong>SK\u0141ADNIKI<\/strong>: <strong>serek, jogurt<\/strong> naturalny, cukier, skrobia modyfikowana, \u017celatyna, aromat waniliowy. Termizowany.<\/p>\n<p class=\"tekst\">Produkt o wysokiej warto\u015bci od\u017cywczej. Bogaty w wap\u0144 i sole mineralne. Jest \u017ar\u00f3d\u0142em bia\u0142ka, t\u0142uszczu, w\u0119glowodan\u00f3w i witamin A,D,E.\u00a0Gwarantowany wyborny smak.<\/p>\n<p>&nbsp;<\/p>\n<\/div>","protected":false},"featured_media":2944,"template":"","meta":[],"product_brand":[],"product_cat":[73],"product_tag":[],"class_list":{"0":"post-2818","1":"product","2":"type-product","3":"status-publish","4":"has-post-thumbnail","6":"product_cat-produkty-cukiernicze-i-cateringowe","9":"first","10":"instock","11":"shipping-taxable","12":"product-type-simple"},"post_mailing_queue_ids":[],"_links":{"self":[{"href":"https:\/\/figand.com.pl\/en\/wp-json\/wp\/v2\/product\/2818","targetHints":{"allow":["GET"]}}],"collection":[{"href":"https:\/\/figand.com.pl\/en\/wp-json\/wp\/v2\/product"}],"about":[{"href":"https:\/\/figand.com.pl\/en\/wp-json\/wp\/v2\/types\/product"}],"wp:featuredmedia":[{"embeddable":true,"href":"https:\/\/figand.com.pl\/en\/wp-json\/wp\/v2\/media\/2944"}],"wp:attachment":[{"href":"https:\/\/figand.com.pl\/en\/wp-json\/wp\/v2\/media?parent=2818"}],"wp:term":[{"taxonomy":"product_brand","embeddable":true,"href":"https:\/\/figand.com.pl\/en\/wp-json\/wp\/v2\/product_brand?post=2818"},{"taxonomy":"product_cat","embeddable":true,"href":"https:\/\/figand.com.pl\/en\/wp-json\/wp\/v2\/product_cat?post=2818"},{"taxonomy":"product_tag","embeddable":true,"href":"https:\/\/figand.com.pl\/en\/wp-json\/wp\/v2\/product_tag?post=2818"}],"curies":[{"name":"wp","href":"https:\/\/api.w.org\/{rel}","templated":true}]}}