{"id":2822,"date":"2018-08-06T12:44:04","date_gmt":"2018-08-06T10:44:04","guid":{"rendered":"http:\/\/figand.com.pl\/?post_type=product&#038;p=2822"},"modified":"2024-07-31T11:00:11","modified_gmt":"2024-07-31T09:00:11","slug":"smietana-18","status":"publish","type":"product","link":"https:\/\/figand.com.pl\/en\/product\/smietana-18\/","title":{"rendered":"\u015amietana 18%"},"content":{"rendered":"","protected":false},"excerpt":{"rendered":"<div>\n<div class=\"width50 floatright\">\n<div class=\"spacer-buy-area\">\n<div class=\"product-fields\">\n<div class=\"product-field product-field-type-P\">\n<div><span class=\"product-fields-title\">Informacje o produkcie<\/span><\/div>\n<div><\/div>\n<\/div>\n<div class=\"product-field product-field-type-S\">\n<div><span class=\"product-fields-title\">Opakowanie jednostkowe:\u00a0 \u00a0 \u00a0 \u00a05<\/span><span class=\"product-field-display\"> kg<\/span><\/div>\n<\/div>\n<div class=\"product-field product-field-type-S\">\n<div><span class=\"product-fields-title\">Opakowanie zbiorcze:\u00a0 \u00a0 \u00a0 \u00a0 \u00a0 \u00a0 \u00a0 \u00a0<\/span><span class=\"product-field-display\">1 paleta: 100 wiader x 5kg<\/span><\/div>\n<\/div>\n<div class=\"product-field product-field-type-S\">\n<div><span class=\"product-fields-title\">Termin przydatno\u015bci:\u00a0 \u00a0 \u00a0 \u00a0 \u00a0 \u00a0 \u00a0 \u00a0 28<\/span><span class=\"product-field-display\">\u00a0dni<\/span><\/div>\n<\/div>\n<\/div>\n<\/div>\n<\/div>\n<div class=\"clear\"><\/div>\n<\/div>\n<div class=\"product-description\">\n<p><span class=\"title\">Szczeg\u00f3\u0142y produktu<\/span><\/p>\n<p><strong>\u015amietana 18% t\u0142uszczu<\/strong><\/p>\n<p>Homogenizowana. Termizowana.\u00a0Nie warzy si\u0119 w zupie i gor\u0105cych sosach.<\/p>\n<p><strong>Sk\u0142adniki<\/strong>: \u015bmietana (z\u00a0<strong>mleka<\/strong>) 99,2%, skrobia modyfikowana, substancje zag\u0119szczaj\u0105ce: m\u0105czka chleba \u015bwi\u0119toja\u0144skiego, kultury bakterii.<\/p>\n<p>&nbsp;<\/p>\n<\/div>","protected":false},"featured_media":3789,"template":"","meta":[],"product_brand":[],"product_cat":[73],"product_tag":[],"class_list":{"0":"post-2822","1":"product","2":"type-product","3":"status-publish","4":"has-post-thumbnail","6":"product_cat-produkty-cukiernicze-i-cateringowe","9":"first","10":"instock","11":"shipping-taxable","12":"product-type-simple"},"post_mailing_queue_ids":[],"_links":{"self":[{"href":"https:\/\/figand.com.pl\/en\/wp-json\/wp\/v2\/product\/2822","targetHints":{"allow":["GET"]}}],"collection":[{"href":"https:\/\/figand.com.pl\/en\/wp-json\/wp\/v2\/product"}],"about":[{"href":"https:\/\/figand.com.pl\/en\/wp-json\/wp\/v2\/types\/product"}],"wp:featuredmedia":[{"embeddable":true,"href":"https:\/\/figand.com.pl\/en\/wp-json\/wp\/v2\/media\/3789"}],"wp:attachment":[{"href":"https:\/\/figand.com.pl\/en\/wp-json\/wp\/v2\/media?parent=2822"}],"wp:term":[{"taxonomy":"product_brand","embeddable":true,"href":"https:\/\/figand.com.pl\/en\/wp-json\/wp\/v2\/product_brand?post=2822"},{"taxonomy":"product_cat","embeddable":true,"href":"https:\/\/figand.com.pl\/en\/wp-json\/wp\/v2\/product_cat?post=2822"},{"taxonomy":"product_tag","embeddable":true,"href":"https:\/\/figand.com.pl\/en\/wp-json\/wp\/v2\/product_tag?post=2822"}],"curies":[{"name":"wp","href":"https:\/\/api.w.org\/{rel}","templated":true}]}}