{"id":2914,"date":"2018-11-15T11:47:52","date_gmt":"2018-11-15T10:47:52","guid":{"rendered":"https:\/\/figand.com.pl\/?post_type=product&#038;p=2914"},"modified":"2024-09-02T11:20:03","modified_gmt":"2024-09-02T09:20:03","slug":"turecki-gesty-z-dodatkiem-oleju-roslinnego","status":"publish","type":"product","link":"https:\/\/figand.com.pl\/en\/product\/turecki-gesty-z-dodatkiem-oleju-roslinnego\/","title":{"rendered":"G\u0118STY TYP GRECKI 10% lub 3%"},"content":{"rendered":"","protected":false},"excerpt":{"rendered":"<div>\n<div class=\"width50 floatright\">\n<div class=\"spacer-buy-area\">\n<div class=\"product-fields\">\n<div class=\"product-field product-field-type-P\">\n<div><span class=\"product-fields-title\">Informacje o produkcie<\/span><\/div>\n<div><\/div>\n<div>Indeks:\u00a0 \u00a0 \u00a0 \u00a0 \u00a0 \u00a0 \u00a0 \u00a0 \u00a0 \u00a0 \u00a0 \u00a0 \u00a0 \u00a0 \u00a0 \u00a0 \u00a0 \u00a0 \u00a0 \u00a0 0452\/0397\/0396\/0398<\/div>\n<\/div>\n<div class=\"product-field product-field-type-S\">\n<div><span class=\"product-fields-title\">Opakowanie jednostkowe:\u00a0 \u00a0 \u00a0 5kg\/<\/span><span class=\"product-field-display\">10 kg wiadro<\/span><\/div>\n<\/div>\n<div class=\"product-field product-field-type-S\">\n<div><span class=\"product-fields-title\">Opakowanie zbiorcze:\u00a0 \u00a0 \u00a0 \u00a0 \u00a0 \u00a0 \u00a0\u00a0<\/span><span class=\"product-field-display\">1 paleta: 100 wiadra x 5kg\/ 55 wiadra x 10 kg<\/span><\/div>\n<\/div>\n<div class=\"product-field product-field-type-S\">\n<div><span class=\"product-fields-title\">Termin przydatno\u015bci:\u00a0 \u00a0 \u00a0 \u00a0 \u00a0 \u00a0 \u00a0 \u00a0<\/span><span class=\"product-field-display\">26 dni<\/span><\/div>\n<\/div>\n<\/div>\n<\/div>\n<\/div>\n<div class=\"clear\"><\/div>\n<\/div>\n<div class=\"product-description\">\n<p><span class=\"title\">Szczeg\u00f3\u0142y produktu<\/span><\/p>\n<p><strong>TURECKI G\u0118STY 3% lub 10% t\u0142uszczu<\/strong><\/p>\n<p><em>G\u0119sty typ Grecki<\/em> posiada walory smakowe i kulinarne identyczne jak jogurt typu greckiego, jednak\u017ce dodatek olej\u00f3w ro\u015blinnych, kt\u00f3re wzbogacaj\u0105 go o lepsz\u0105 stabilno\u015bci termiczn\u0105, sprawia, \u017ce produkt pozostaje d\u0142u\u017cej w zwartej konsystencji\u00a0 i nie wa\u017cy si\u0119 w ciep\u0142ych potrawach. Smak <em>G\u0119stego typu Greckiego<\/em> jest wyrazisty, a konsystencja g\u0119sta i jednolita.<\/p>\n<div class=\"fotorama--hidden\">Doskona\u0142y do:<\/div>\n<ul>\n<li>na zimno &#8211; jako baza do sos\u00f3w sa\u0142atkowych<\/li>\n<li>na ciep\u0142o &#8211; do zup i sos\u00f3w i kebabu<\/li>\n<li>na s\u0142odko do nale\u015bnik\u00f3w i gofr\u00f3w i r\u00f3\u017cnego rodzaju deser\u00f3w.<\/li>\n<\/ul>\n<p>&nbsp;<\/p>\n<p><strong>SK\u0141ADNIKI<\/strong>:<\/p>\n<p>Sk\u0142adniki: <strong><u>mleko<\/u><\/strong> odt\u0142uszczone pasteryzowane, t\u0142uszcz ro\u015blinny: palmowy, skrobia modyfikowana, <strong><u>mleko<\/u><\/strong> odt\u0142uszczone w proszku, substancje zag\u0119szczaj\u0105ce: guma guar, guma gellan; konserwant: sorbinian potasu, kultury bakterii jogurtowe.<\/p>\n<p>Dost\u0119pne r\u00f3\u017cne warianty zawarto\u015bci t\u0142uszczu: 3,0% lub 10% t\u0142uszczu w wiadrach 5kg lub 10kg.<\/p>\n<\/div>","protected":false},"featured_media":3549,"template":"","meta":[],"product_brand":[],"product_cat":[73],"product_tag":[],"class_list":{"0":"post-2914","1":"product","2":"type-product","3":"status-publish","4":"has-post-thumbnail","6":"product_cat-produkty-cukiernicze-i-cateringowe","9":"first","10":"instock","11":"shipping-taxable","12":"product-type-simple"},"post_mailing_queue_ids":[],"_links":{"self":[{"href":"https:\/\/figand.com.pl\/en\/wp-json\/wp\/v2\/product\/2914","targetHints":{"allow":["GET"]}}],"collection":[{"href":"https:\/\/figand.com.pl\/en\/wp-json\/wp\/v2\/product"}],"about":[{"href":"https:\/\/figand.com.pl\/en\/wp-json\/wp\/v2\/types\/product"}],"wp:featuredmedia":[{"embeddable":true,"href":"https:\/\/figand.com.pl\/en\/wp-json\/wp\/v2\/media\/3549"}],"wp:attachment":[{"href":"https:\/\/figand.com.pl\/en\/wp-json\/wp\/v2\/media?parent=2914"}],"wp:term":[{"taxonomy":"product_brand","embeddable":true,"href":"https:\/\/figand.com.pl\/en\/wp-json\/wp\/v2\/product_brand?post=2914"},{"taxonomy":"product_cat","embeddable":true,"href":"https:\/\/figand.com.pl\/en\/wp-json\/wp\/v2\/product_cat?post=2914"},{"taxonomy":"product_tag","embeddable":true,"href":"https:\/\/figand.com.pl\/en\/wp-json\/wp\/v2\/product_tag?post=2914"}],"curies":[{"name":"wp","href":"https:\/\/api.w.org\/{rel}","templated":true}]}}