{"id":2963,"date":"2019-04-03T10:33:44","date_gmt":"2019-04-03T08:33:44","guid":{"rendered":"https:\/\/figand.com.pl\/?post_type=product&#038;p=2963"},"modified":"2019-04-03T11:03:43","modified_gmt":"2019-04-03T09:03:43","slug":"serek-od-krowki-homogenizowany-waniliowy-z-pokruszona-wanilia-140g","status":"publish","type":"product","link":"https:\/\/figand.com.pl\/en\/product\/serek-od-krowki-homogenizowany-waniliowy-z-pokruszona-wanilia-140g\/","title":{"rendered":"Serek od Kr\u00f3wki Homogenizowany Waniliowy z pokruszon\u0105 Lask\u0105 Wanilii 140g"},"content":{"rendered":"","protected":false},"excerpt":{"rendered":"<p><em><strong>?Serek od Kr\u00f3wki? mamy teraz! Ja smakuj\u0119, Ty otwierasz&#8230;. <\/strong><\/em><\/p>\n<p><em><strong>Truskawkowy, waniliowy!!! Serek wprost od Figi Krowy!!!!<\/strong><\/em><\/p>\n<p><em><strong>Na \u015bniadanie i w<\/strong><strong> plecaku! W przerwie, w domu, na biwaku!<\/strong><\/em><\/p>\n<p><em><strong>Mama, Tata si\u0119 raduje, serek Figand nam smakuje!!!!<\/strong><\/em><\/p>\n<p><em><strong>Hop hop hula ha&#8230;. Serek Figand dzi\u015b nam da! \ud83d\ude09<\/strong><\/em><\/p>\n<p>Indeks: 0056<br \/>\n\u015awie\u017ca i s\u0142odka przek\u0105ska z naturaln\u0105 widoczn\u0105 pokruszon\u0105 lask\u0105 wanilii.\u00a0 Do bezpo\u015bredniego spo\u017cycia na \u015bniadanie, drugie \u015bniadanie, deser lub kolacj\u0119. Mo\u017cna u\u017cy\u0107 go r\u00f3wnie\u017c jako dodatku do ciast. Doskona\u0142y do deser\u00f3w, sernik\u00f3w na zimno, nale\u015bnik\u00f3w, gofr\u00f3w i owoc\u00f3w.<\/p>\n<p>SK\u0141ADNIKI:<br \/>\n<strong>Serek<\/strong>, <strong>jogurt<\/strong> naturalny, cukier, skrobia modyfikowana, \u017celatyna, aromat, laska wanilii 0,02%, barwnik: karoteny.<\/p>\n<table class=\"table table-bordered\" style=\"height: 145px;\" width=\"329\">\n<tbody>\n<tr>\n<td>termin przydatno\u015bci<\/td>\n<td>28 dni<\/td>\n<\/tr>\n<tr>\n<td>opakowanie jednostkowe<\/td>\n<td>kubek 140g<\/td>\n<\/tr>\n<tr>\n<td>opakowanie zbiorcze<\/td>\n<td>10szt<\/td>\n<\/tr>\n<tr>\n<td>kod kreskowy<\/td>\n<td>5906519003295<\/td>\n<\/tr>\n<tr>\n<td>PKWiU<\/td>\n<td>10.51.40.0<\/td>\n<\/tr>\n<\/tbody>\n<\/table>\n<p>&nbsp;<\/p>\n<table class=\"table table-bordered\">\n<tbody>\n<tr>\n<td style=\"background: #0083ff; color: #fff;\" colspan=\"2\">WARTO\u015a\u0106 OD\u017bYWCZA W 100g PRODUKTU<\/td>\n<\/tr>\n<tr>\n<td>warto\u015b\u0107 energetyczna<\/td>\n<td>495kJ \/ 117kcal<\/td>\n<\/tr>\n<tr>\n<td>t\u0142uszcze<\/p>\n<p>w tym kwasy t\u0142uszczowe nasycone<\/td>\n<td>3,0g<br \/>\n1,9g<\/td>\n<\/tr>\n<tr>\n<td>w\u0119glowodany<\/p>\n<p>w tym cukry<\/td>\n<td>18,0g<br \/>\n17,0g<\/td>\n<\/tr>\n<tr>\n<td>bia\u0142ko<\/td>\n<td>4,6g<\/td>\n<\/tr>\n<tr>\n<td>s\u00f3l<\/td>\n<td>0,10g<\/td>\n<\/tr>\n<\/tbody>\n<\/table>","protected":false},"featured_media":2960,"template":"","meta":[],"product_brand":[],"product_cat":[75,80],"product_tag":[],"class_list":{"0":"post-2963","1":"product","2":"type-product","3":"status-publish","4":"has-post-thumbnail","6":"product_cat-produkty-mleczarskie","7":"product_cat-serki-homogenizowane","10":"first","11":"instock","12":"shipping-taxable","13":"product-type-simple"},"post_mailing_queue_ids":[],"_links":{"self":[{"href":"https:\/\/figand.com.pl\/en\/wp-json\/wp\/v2\/product\/2963","targetHints":{"allow":["GET"]}}],"collection":[{"href":"https:\/\/figand.com.pl\/en\/wp-json\/wp\/v2\/product"}],"about":[{"href":"https:\/\/figand.com.pl\/en\/wp-json\/wp\/v2\/types\/product"}],"wp:featuredmedia":[{"embeddable":true,"href":"https:\/\/figand.com.pl\/en\/wp-json\/wp\/v2\/media\/2960"}],"wp:attachment":[{"href":"https:\/\/figand.com.pl\/en\/wp-json\/wp\/v2\/media?parent=2963"}],"wp:term":[{"taxonomy":"product_brand","embeddable":true,"href":"https:\/\/figand.com.pl\/en\/wp-json\/wp\/v2\/product_brand?post=2963"},{"taxonomy":"product_cat","embeddable":true,"href":"https:\/\/figand.com.pl\/en\/wp-json\/wp\/v2\/product_cat?post=2963"},{"taxonomy":"product_tag","embeddable":true,"href":"https:\/\/figand.com.pl\/en\/wp-json\/wp\/v2\/product_tag?post=2963"}],"curies":[{"name":"wp","href":"https:\/\/api.w.org\/{rel}","templated":true}]}}