{"id":3225,"date":"2020-05-07T13:00:14","date_gmt":"2020-05-07T11:00:14","guid":{"rendered":"https:\/\/figand.com.pl\/?post_type=product&#038;p=3225"},"modified":"2024-07-23T11:36:26","modified_gmt":"2024-07-23T09:36:26","slug":"jogurt-naturalny-380g","status":"publish","type":"product","link":"https:\/\/figand.com.pl\/en\/product\/jogurt-naturalny-380g\/","title":{"rendered":"Jogurt naturalny 380g"},"content":{"rendered":"","protected":false},"excerpt":{"rendered":"<p>Indeks: 0065<br \/>\nDelikatny i g\u0119sty jogurt naturalny bez zag\u0119stnik\u00f3w, zawiera \u017cywe kultury bakterii. Idealny do podawania na zimno: do sa\u0142atek, sur\u00f3wek, deser\u00f3w, nale\u015bnik\u00f3w, w po\u0142\u0105czeniu z p\u0142atkami zbo\u017cowymi i owsiank\u0105.<\/p>\n<p>SK\u0141ADNIKI:<br \/>\n<b>mleko <\/b>pasteryzowane, odt\u0142uszczone <b>melko <\/b>w proszku, \u017cywe kultury bakterii jogurtowych: Lactobacillus delbrueckii subsp. bulgaricus, Streptococcus thermophilus.<b><\/b><\/p>\n<table class=\"table table-bordered\">\n<tbody>\n<tr>\n<td>termin przydatno\u015bci<\/td>\n<td>21 dni<\/td>\n<\/tr>\n<tr>\n<td>opakowanie jednostkowe<\/td>\n<td>kubek 380 g<\/td>\n<\/tr>\n<tr>\n<td>opakowanie zbiorcze<\/td>\n<td>12szt<\/td>\n<\/tr>\n<tr>\n<td>kod kreskowy<\/td>\n<td>5906519003387<\/td>\n<\/tr>\n<tr>\n<td>PKWiU<\/td>\n<td>10.51.52.0<\/td>\n<\/tr>\n<\/tbody>\n<\/table>\n<p>&nbsp;<\/p>\n<table class=\"table table-bordered\">\n<tbody>\n<tr>\n<td style=\"background: #0083ff; color: #fff;\" colspan=\"2\">WARTO\u015a\u0106 OD\u017bYWCZA W 100g PRODUKTU<\/td>\n<\/tr>\n<tr>\n<td>warto\u015b\u0107 energetyczna<\/td>\n<td>278kJ \/ 66kcal<\/td>\n<\/tr>\n<tr>\n<td>t\u0142uszcze<\/p>\n<p>w tym kwasy t\u0142uszczowe nasycone<\/td>\n<td>3,0g<br \/>\n1,9g<\/td>\n<\/tr>\n<tr>\n<td>w\u0119glowodany<\/p>\n<p>w tym cukry<\/td>\n<td>5,8g<br \/>\n5,8g<\/td>\n<\/tr>\n<tr>\n<td>bia\u0142ko<\/td>\n<td>4,0g<\/td>\n<\/tr>\n<tr>\n<td>s\u00f3l<\/td>\n<td>0,10g<\/td>\n<\/tr>\n<\/tbody>\n<\/table>","protected":false},"featured_media":3555,"template":"","meta":[],"product_brand":[],"product_cat":[81],"product_tag":[],"class_list":{"0":"post-3225","1":"product","2":"type-product","3":"status-publish","4":"has-post-thumbnail","6":"product_cat-jogurty","9":"first","10":"instock","11":"shipping-taxable","12":"product-type-simple"},"post_mailing_queue_ids":[],"_links":{"self":[{"href":"https:\/\/figand.com.pl\/en\/wp-json\/wp\/v2\/product\/3225","targetHints":{"allow":["GET"]}}],"collection":[{"href":"https:\/\/figand.com.pl\/en\/wp-json\/wp\/v2\/product"}],"about":[{"href":"https:\/\/figand.com.pl\/en\/wp-json\/wp\/v2\/types\/product"}],"wp:featuredmedia":[{"embeddable":true,"href":"https:\/\/figand.com.pl\/en\/wp-json\/wp\/v2\/media\/3555"}],"wp:attachment":[{"href":"https:\/\/figand.com.pl\/en\/wp-json\/wp\/v2\/media?parent=3225"}],"wp:term":[{"taxonomy":"product_brand","embeddable":true,"href":"https:\/\/figand.com.pl\/en\/wp-json\/wp\/v2\/product_brand?post=3225"},{"taxonomy":"product_cat","embeddable":true,"href":"https:\/\/figand.com.pl\/en\/wp-json\/wp\/v2\/product_cat?post=3225"},{"taxonomy":"product_tag","embeddable":true,"href":"https:\/\/figand.com.pl\/en\/wp-json\/wp\/v2\/product_tag?post=3225"}],"curies":[{"name":"wp","href":"https:\/\/api.w.org\/{rel}","templated":true}]}}