{"id":3282,"date":"2020-09-17T09:30:34","date_gmt":"2020-09-17T07:30:34","guid":{"rendered":"https:\/\/figand.com.pl\/?post_type=product&#038;p=3282"},"modified":"2020-09-17T09:42:40","modified_gmt":"2020-09-17T07:42:40","slug":"zapiekany-ser-twarogowy-z-platkami-i-owocami","status":"publish","type":"product","link":"https:\/\/figand.com.pl\/en\/product\/zapiekany-ser-twarogowy-z-platkami-i-owocami\/","title":{"rendered":"Zapiekany ser twarogowy z p\u0142atkami i owocami!"},"content":{"rendered":"","protected":false},"excerpt":{"rendered":"<p>To po\u017cywna i pyszna odmiana na \u015bniadanie lub deser!<\/p>\n<p data-adtags-visited=\"true\">Sk\u0142adniki na 2 porcje:<\/p>\n<ul>\n<li>250 g sera twarogowego t\u0142ustego lub p\u00f3\u0142t\u0142ustego FigAnd,<\/li>\n<li>1 dojrza\u0142y banan,<\/li>\n<li>1 du\u017ca gar\u015b\u0107 truskawek lub malin (mro\u017conych lub \u015bwie\u017cych)<\/li>\n<li>3 \u0142y\u017cki p\u0142atk\u00f3w jaglanych<\/li>\n<li>opcjonalnie \u0142y\u017ceczka miodu<\/li>\n<\/ul>\n<p>&nbsp;<\/p>\n<p>Twar\u00f3g rozgnie\u0107 widelcem i dok\u0142adnie wymieszaj razem z bananem i p\u0142atkami jaglanymi. Gdy ca\u0142o\u015b\u0107 b\u0119dzie dobrze po\u0142\u0105czona dodaj po\u0142ow\u0119 truskawek i ponownie wymieszaj. Na tym etapie mo\u017cesz doda\u0107 r\u00f3wnie\u017c mi\u00f3d. Nie jest on konieczny, szczeg\u00f3lnie gdy wykorzystasz dojrza\u0142ego i s\u0142odkiego banana. Mas\u0119 owocowo-twarogow\u0105 prze\u0142\u00f3\u017c do naczynia do zapiekania i udekoruj pozosta\u0142ymi truskawkami.<\/p>\n<p>Ca\u0142o\u015b\u0107 piecz w nagrzanym piekarniku w 175 st. Celsjusza przez oko\u0142o 20-25 minut. Smacznego!<\/p>","protected":false},"featured_media":3283,"template":"","meta":[],"product_brand":[],"product_cat":[76],"product_tag":[],"class_list":{"0":"post-3282","1":"product","2":"type-product","3":"status-publish","4":"has-post-thumbnail","6":"product_cat-inspiracje-kulinarne","9":"first","10":"instock","11":"shipping-taxable","12":"product-type-simple"},"post_mailing_queue_ids":[],"_links":{"self":[{"href":"https:\/\/figand.com.pl\/en\/wp-json\/wp\/v2\/product\/3282","targetHints":{"allow":["GET"]}}],"collection":[{"href":"https:\/\/figand.com.pl\/en\/wp-json\/wp\/v2\/product"}],"about":[{"href":"https:\/\/figand.com.pl\/en\/wp-json\/wp\/v2\/types\/product"}],"wp:featuredmedia":[{"embeddable":true,"href":"https:\/\/figand.com.pl\/en\/wp-json\/wp\/v2\/media\/3283"}],"wp:attachment":[{"href":"https:\/\/figand.com.pl\/en\/wp-json\/wp\/v2\/media?parent=3282"}],"wp:term":[{"taxonomy":"product_brand","embeddable":true,"href":"https:\/\/figand.com.pl\/en\/wp-json\/wp\/v2\/product_brand?post=3282"},{"taxonomy":"product_cat","embeddable":true,"href":"https:\/\/figand.com.pl\/en\/wp-json\/wp\/v2\/product_cat?post=3282"},{"taxonomy":"product_tag","embeddable":true,"href":"https:\/\/figand.com.pl\/en\/wp-json\/wp\/v2\/product_tag?post=3282"}],"curies":[{"name":"wp","href":"https:\/\/api.w.org\/{rel}","templated":true}]}}