{"id":3285,"date":"2020-09-17T09:38:13","date_gmt":"2020-09-17T07:38:13","guid":{"rendered":"https:\/\/figand.com.pl\/?post_type=product&#038;p=3285"},"modified":"2020-09-17T09:43:19","modified_gmt":"2020-09-17T07:43:19","slug":"delikatne-racuchy-na-swiezuchu","status":"publish","type":"product","link":"https:\/\/figand.com.pl\/en\/product\/delikatne-racuchy-na-swiezuchu\/","title":{"rendered":"Delikatne racuchy na \u015awie\u017cuchu!"},"content":{"rendered":"","protected":false},"excerpt":{"rendered":"<p>Racuszki dla Smakoszy ? puszyste, z wyczuwalnym smakiem serka waniliowego \u015awie\u017cuch.<\/p>\n<p>Wystarczy opr\u00f3szy\u0107 cukrem pudrem lub pola\u0107 sosem truskawkowym, b\u0119dzie pysznie!<\/p>\n<p><strong>Sk\u0142adniki:\u00a0<\/strong>(8-10 sztuk racuszk\u00f3w)<\/p>\n<ul>\n<li>220 g serka homogenizowanego o samku waniliowym \u015awie\u017cuch<\/li>\n<li>2 du\u017ce jajka<\/li>\n<li>1 szklanka m\u0105ki pszennej<\/li>\n<li>1 \u0142y\u017ceczka proszku do pieczenia<\/li>\n<li>szczypta soli<\/li>\n<\/ul>\n<p>&nbsp;<\/p>\n<p><strong>Spos\u00f3b wykonania:<\/strong><\/p>\n<p>Jajka wymiesza\u0107 z serkiem. Doda\u0107 m\u0105k\u0119, szczypt\u0119 soli i proszek do pieczenia. Wszystko ponownie dobrze wymiesza\u0107 lub zmiksowa\u0107. Masa powinna by\u0107 dosy\u0107 g\u0119sta.<\/p>\n<p>Na patelni rozgrza\u0107 t\u0142uszcz (olej lub olej z mas\u0142em). \u0141y\u017ck\u0105 nak\u0142ada\u0107 ciasto i sma\u017cy\u0107 na \u015brednim ogniu (ok.1,5 minuty z ka\u017cdej strony).<\/p>\n<p>Podawa\u0107 z cukrem pudrem lub sosem\/d\u017cemem truskawkowym. Smacznego!<\/p>","protected":false},"featured_media":3284,"template":"","meta":[],"product_brand":[],"product_cat":[76],"product_tag":[],"class_list":{"0":"post-3285","1":"product","2":"type-product","3":"status-publish","4":"has-post-thumbnail","6":"product_cat-inspiracje-kulinarne","9":"first","10":"instock","11":"shipping-taxable","12":"product-type-simple"},"post_mailing_queue_ids":[],"_links":{"self":[{"href":"https:\/\/figand.com.pl\/en\/wp-json\/wp\/v2\/product\/3285","targetHints":{"allow":["GET"]}}],"collection":[{"href":"https:\/\/figand.com.pl\/en\/wp-json\/wp\/v2\/product"}],"about":[{"href":"https:\/\/figand.com.pl\/en\/wp-json\/wp\/v2\/types\/product"}],"wp:featuredmedia":[{"embeddable":true,"href":"https:\/\/figand.com.pl\/en\/wp-json\/wp\/v2\/media\/3284"}],"wp:attachment":[{"href":"https:\/\/figand.com.pl\/en\/wp-json\/wp\/v2\/media?parent=3285"}],"wp:term":[{"taxonomy":"product_brand","embeddable":true,"href":"https:\/\/figand.com.pl\/en\/wp-json\/wp\/v2\/product_brand?post=3285"},{"taxonomy":"product_cat","embeddable":true,"href":"https:\/\/figand.com.pl\/en\/wp-json\/wp\/v2\/product_cat?post=3285"},{"taxonomy":"product_tag","embeddable":true,"href":"https:\/\/figand.com.pl\/en\/wp-json\/wp\/v2\/product_tag?post=3285"}],"curies":[{"name":"wp","href":"https:\/\/api.w.org\/{rel}","templated":true}]}}