{"id":3288,"date":"2020-09-17T09:59:35","date_gmt":"2020-09-17T07:59:35","guid":{"rendered":"https:\/\/figand.com.pl\/?post_type=product&#038;p=3288"},"modified":"2020-09-17T10:00:28","modified_gmt":"2020-09-17T08:00:28","slug":"domowe-lody-jogurtowo-jagodowe","status":"publish","type":"product","link":"https:\/\/figand.com.pl\/en\/product\/domowe-lody-jogurtowo-jagodowe\/","title":{"rendered":"Domowe lody jogurtowo-jagodowe"},"content":{"rendered":"","protected":false},"excerpt":{"rendered":"<h2>Domowe lody jogurtowo-jagodowe<\/h2>\n<p>Sk\u0142adniki:<\/p>\n<ul>\n<li>50g szklanki cukru pudru,<\/li>\n<li>300g \u015bwie\u017cych lub mro\u017conych jag\u00f3d,<\/li>\n<li>4 \u0142y\u017cki p\u0142ynnego miodu,<\/li>\n<li>500g jogurtu naturalnego FigAnd,<\/li>\n<li>12-15 \u015bwie\u017cych jag\u00f3d do dekoracji<\/li>\n<\/ul>\n<p>&nbsp;<\/p>\n<p>Zmiksuj cukier puder i jagody (rozmro\u017cone), a\u017c stworz\u0105 g\u0142adk\u0105 mas\u0119. Dodaj mi\u00f3d i jogurt i miksuj znowu, a\u017c wszystkie sk\u0142adniki dok\u0142adnie si\u0119 po\u0142\u0105cz\u0105. Prze\u0142\u00f3\u017c mas\u0119 do pude\u0142ka, w kt\u00f3rym j\u0105 zamrozisz (mo\u017cna przela\u0107 mas\u0119 do plastikowego pojemnika). Zamknij pude\u0142ko i w\u0142\u00f3\u017c do zamra\u017carki na co najmniej 5 godz (lekko zmro\u017cone) lub 7 godz (mocno zmro\u017cone).<\/p>\n<p>Lody na\u0142\u00f3\u017c do puchark\u00f3w i posyp \u015bwie\u017cymi jagodami. B\u0119dzie od\u015bwie\u017caj\u0105co i pysznie!<\/p>","protected":false},"featured_media":3289,"template":"","meta":[],"product_brand":[],"product_cat":[76],"product_tag":[],"class_list":{"0":"post-3288","1":"product","2":"type-product","3":"status-publish","4":"has-post-thumbnail","6":"product_cat-inspiracje-kulinarne","9":"first","10":"instock","11":"shipping-taxable","12":"product-type-simple"},"post_mailing_queue_ids":[],"_links":{"self":[{"href":"https:\/\/figand.com.pl\/en\/wp-json\/wp\/v2\/product\/3288","targetHints":{"allow":["GET"]}}],"collection":[{"href":"https:\/\/figand.com.pl\/en\/wp-json\/wp\/v2\/product"}],"about":[{"href":"https:\/\/figand.com.pl\/en\/wp-json\/wp\/v2\/types\/product"}],"wp:featuredmedia":[{"embeddable":true,"href":"https:\/\/figand.com.pl\/en\/wp-json\/wp\/v2\/media\/3289"}],"wp:attachment":[{"href":"https:\/\/figand.com.pl\/en\/wp-json\/wp\/v2\/media?parent=3288"}],"wp:term":[{"taxonomy":"product_brand","embeddable":true,"href":"https:\/\/figand.com.pl\/en\/wp-json\/wp\/v2\/product_brand?post=3288"},{"taxonomy":"product_cat","embeddable":true,"href":"https:\/\/figand.com.pl\/en\/wp-json\/wp\/v2\/product_cat?post=3288"},{"taxonomy":"product_tag","embeddable":true,"href":"https:\/\/figand.com.pl\/en\/wp-json\/wp\/v2\/product_tag?post=3288"}],"curies":[{"name":"wp","href":"https:\/\/api.w.org\/{rel}","templated":true}]}}