{"id":3290,"date":"2020-09-17T10:08:40","date_gmt":"2020-09-17T08:08:40","guid":{"rendered":"https:\/\/figand.com.pl\/?post_type=product&#038;p=3290"},"modified":"2024-07-31T13:19:56","modified_gmt":"2024-07-31T11:19:56","slug":"pieczone-jablka-z-twarozkiem-i-rodzynkami","status":"publish","type":"product","link":"https:\/\/figand.com.pl\/en\/product\/pieczone-jablka-z-twarozkiem-i-rodzynkami\/","title":{"rendered":"Pieczone jab\u0142ka z twaro\u017ckiem i rodzynkami"},"content":{"rendered":"","protected":false},"excerpt":{"rendered":"<h2>Pieczone jab\u0142ka z twaro\u017ckiem i rodzynkami &#8211; idealne na jesienne wieczory<\/h2>\n<p>Sk\u0142adniki: porcja na 2 jab\u0142ka<\/p>\n<ul>\n<li>2 \u015bredniej wielko\u015bci s\u0142odkie jab\u0142ka<\/li>\n<li>150 g chudego lub p\u00f3\u0142t\u0142ustego twarogu FigAnd<\/li>\n<li>2 \u0142y\u017ceczki rodzynek<\/li>\n<li>60 ml jogurtu naturalnego FigAnd<\/li>\n<li>1 \u0142y\u017ceczka cynamonu<\/li>\n<li>1\/2 \u0142y\u017ceczki kardamonu<\/li>\n<li>1 \u0142y\u017ceczka \u015bwie\u017cego utartego imbiru<\/li>\n<li>go\u017adziki<\/li>\n<li>2 \u0142y\u017ceczki miodu<\/li>\n<\/ul>\n<p>&nbsp;<\/p>\n<p>Przygotowanie:<\/p>\n<p>Nagrzewamy piekarnik do 180 stopni.<\/p>\n<div class=\"step\">\n<div class=\"step-content\">\n<p>Jab\u0142ka myjemy i odcinamy g\u00f3r\u0119 z kt\u00f3rej tworzy si\u0119 &#8222;daszek&#8221;. Jab\u0142ka dr\u0105\u017cymy tak, aby pozostawi\u0107 ok 1,5-2 cm \u015bcianki jab\u0142ka.<\/p>\n<p>Mieszamy twar\u00f3g z jogurtem, przyprawami, rodzynkami i imbirem, dos\u0142adzamy miodem, a nast\u0119pnie dzielimy go na 2 porcje i &#8222;faszerujemy&#8221; wcze\u015bniej przygotowane jab\u0142ka. &#8222;Daszek&#8221; naszego jab\u0142ka nak\u0142uwamy go\u017adzikami i od wewn\u0119trznej strony posypujemy dodatkow\u0105 porcj\u0105 cynamonu zanim po\u0142o\u017cymy go na serek.<\/p>\n<\/div>\n<\/div>\n<div class=\"step\">\n<div class=\"step-content\">\n<p>Przygotowane jab\u0142ka k\u0142adziemy na papierze do pieczenia i wk\u0142adamy do piekarnika nagrzanego do 180 stopni. Pieczemy przez 25-30 minut zale\u017cnie od wielko\u015bci jab\u0142ka.<\/p>\n<p>Smacznego!<\/p>\n<\/div>\n<\/div>","protected":false},"featured_media":3291,"template":"","meta":[],"product_brand":[],"product_cat":[76],"product_tag":[],"class_list":{"0":"post-3290","1":"product","2":"type-product","3":"status-publish","4":"has-post-thumbnail","6":"product_cat-inspiracje-kulinarne","9":"first","10":"instock","11":"shipping-taxable","12":"product-type-simple"},"post_mailing_queue_ids":[],"_links":{"self":[{"href":"https:\/\/figand.com.pl\/en\/wp-json\/wp\/v2\/product\/3290","targetHints":{"allow":["GET"]}}],"collection":[{"href":"https:\/\/figand.com.pl\/en\/wp-json\/wp\/v2\/product"}],"about":[{"href":"https:\/\/figand.com.pl\/en\/wp-json\/wp\/v2\/types\/product"}],"wp:featuredmedia":[{"embeddable":true,"href":"https:\/\/figand.com.pl\/en\/wp-json\/wp\/v2\/media\/3291"}],"wp:attachment":[{"href":"https:\/\/figand.com.pl\/en\/wp-json\/wp\/v2\/media?parent=3290"}],"wp:term":[{"taxonomy":"product_brand","embeddable":true,"href":"https:\/\/figand.com.pl\/en\/wp-json\/wp\/v2\/product_brand?post=3290"},{"taxonomy":"product_cat","embeddable":true,"href":"https:\/\/figand.com.pl\/en\/wp-json\/wp\/v2\/product_cat?post=3290"},{"taxonomy":"product_tag","embeddable":true,"href":"https:\/\/figand.com.pl\/en\/wp-json\/wp\/v2\/product_tag?post=3290"}],"curies":[{"name":"wp","href":"https:\/\/api.w.org\/{rel}","templated":true}]}}