{"id":4429,"date":"2026-04-01T10:21:00","date_gmt":"2026-04-01T08:21:00","guid":{"rendered":"https:\/\/figand.com.pl\/?post_type=product&#038;p=4429"},"modified":"2026-04-01T10:42:50","modified_gmt":"2026-04-01T08:42:50","slug":"jogurt-naturalny-typu-grecki-1kg","status":"publish","type":"product","link":"https:\/\/figand.com.pl\/en\/product\/jogurt-naturalny-typu-grecki-1kg\/","title":{"rendered":"Jogurt Naturalny typ Grecki 1kg"},"content":{"rendered":"","protected":false},"excerpt":{"rendered":"<p>Indeks: 0381<br \/>\nJogurt naturalny typ grecki, g\u0119sty, bez zag\u0119stnik\u00f3w, posiada \u017cywe<br \/>\nkultury bakterii jogurtowych.<\/p>\n<p>Spr\u00f3buj naszych naturalnie g\u0119stych jogurt\u00f3w greckich bez zb\u0119dnych polepszaczy. Idealnie skomponuj\u0105 si\u0119 z owocami, owsiank\u0105, jako deser lub do sa\u0142atek. To tak\u017ce idealna baza do sos\u00f3w i dip\u00f3w. Wyr\u00f3\u017cnia si\u0119 g\u0119st\u0105 konsystencj\u0105 i kremowym smakiem.<\/p>\n<p>SK\u0141ADNIKI:<br \/>\n<strong>\u015amietanka<\/strong> (z <strong>mleka<\/strong>), \u017cywe kultury bakterii jogurtowych.<\/p>\n<table class=\"table table-bordered\">\n<tbody>\n<tr>\n<td>termin przydatno\u015bci<\/td>\n<td>21 dni<\/td>\n<\/tr>\n<tr>\n<td>opakowanie jednostkowe<\/td>\n<td>wiaderko 1kg<\/td>\n<\/tr>\n<tr>\n<td>opakowanie zbiorcze<\/td>\n<td>0381<\/td>\n<\/tr>\n<tr>\n<td>kod kreskowy<\/td>\n<td>5906519003059<\/td>\n<\/tr>\n<tr>\n<td>PKWiU<\/td>\n<td>10.51.52.0<\/td>\n<\/tr>\n<\/tbody>\n<\/table>\n<p>&nbsp;<\/p>\n<table class=\"table table-bordered\">\n<tbody>\n<tr>\n<td style=\"background: #0083ff; color: #fff;\" colspan=\"2\">WARTO\u015a\u0106 OD\u017bYWCZA W 100g PRODUKTU<\/td>\n<\/tr>\n<tr>\n<td>warto\u015b\u0107 energetyczna<\/td>\n<td>486kJ \/ 117kcal<\/td>\n<\/tr>\n<tr>\n<td>t\u0142uszcze<\/p>\n<p>w tym kwasy t\u0142uszczowe nasycone<\/td>\n<td>10,0g<br \/>\n6,0g<\/td>\n<\/tr>\n<tr>\n<td>w\u0119glowodany<\/p>\n<p>w tym cukry<\/td>\n<td>4,0g<br \/>\n4,0g<\/td>\n<\/tr>\n<tr>\n<td>bia\u0142ko<\/td>\n<td>2,8g<\/td>\n<\/tr>\n<tr>\n<td>s\u00f3l<\/td>\n<td>0,10g<\/td>\n<\/tr>\n<\/tbody>\n<\/table>","protected":false},"featured_media":4430,"template":"","meta":[],"product_brand":[],"product_cat":[75,81],"product_tag":[],"class_list":{"0":"post-4429","1":"product","2":"type-product","3":"status-publish","4":"has-post-thumbnail","6":"product_cat-produkty-mleczarskie","7":"product_cat-jogurty","10":"first","11":"instock","12":"shipping-taxable","13":"product-type-simple"},"post_mailing_queue_ids":[],"_links":{"self":[{"href":"https:\/\/figand.com.pl\/en\/wp-json\/wp\/v2\/product\/4429","targetHints":{"allow":["GET"]}}],"collection":[{"href":"https:\/\/figand.com.pl\/en\/wp-json\/wp\/v2\/product"}],"about":[{"href":"https:\/\/figand.com.pl\/en\/wp-json\/wp\/v2\/types\/product"}],"wp:featuredmedia":[{"embeddable":true,"href":"https:\/\/figand.com.pl\/en\/wp-json\/wp\/v2\/media\/4430"}],"wp:attachment":[{"href":"https:\/\/figand.com.pl\/en\/wp-json\/wp\/v2\/media?parent=4429"}],"wp:term":[{"taxonomy":"product_brand","embeddable":true,"href":"https:\/\/figand.com.pl\/en\/wp-json\/wp\/v2\/product_brand?post=4429"},{"taxonomy":"product_cat","embeddable":true,"href":"https:\/\/figand.com.pl\/en\/wp-json\/wp\/v2\/product_cat?post=4429"},{"taxonomy":"product_tag","embeddable":true,"href":"https:\/\/figand.com.pl\/en\/wp-json\/wp\/v2\/product_tag?post=4429"}],"curies":[{"name":"wp","href":"https:\/\/api.w.org\/{rel}","templated":true}]}}